{"id":693788,"date":"2025-08-27T14:16:31","date_gmt":"2025-08-27T11:16:31","guid":{"rendered":"https:\/\/roveyayinevi.com.tr\/index.php\/urun\/bir-yeryuzu-tanigi\/"},"modified":"2026-04-16T02:03:46","modified_gmt":"2026-04-15T23:03:46","slug":"bir-yeryuzu-tanigi","status":"publish","type":"product","link":"https:\/\/roveyayinevi.com.tr\/index.php\/urun\/bir-yeryuzu-tanigi\/","title":{"rendered":"Bir Yery\u00fcz\u00fc Tan\u0131\u011f\u0131"},"content":{"rendered":"<p>A\u015fa\u011f\u0131lara uzay\u0131p giden a\u015fa\u011f\u0131lara bak\u0131yor Bir adam e\u015fe\u011fine odun y\u00fckl\u00fcyor, Y\u00fcz\u00fcn\u00fcn sol yakas\u0131na ku\u015flar \u00fc\u015f\u00fc\u015f\u00fcyor. K\u00f6pe\u011fi, torbas\u0131 ve toprak bir testi Ovada bir resimde durur gibi duruyorlar. (\u00d6n\u00fcnde \u00e7ekilmi\u015f, iki g\u00fcvercin i\u015flemeli bir perdenin.) Bir kad\u0131n, bir g\u00f6k par\u00e7as\u0131, \u00fc\u00e7 be\u015f a\u011fa\u00e7 Uzakta d\u0131\u015f\u0131nda onlar\u0131n. Deniz? Deniz oral\u0131 de\u011fil: Yineleyip duruyor kendini. Bak\u0131yor o: Yakas\u0131n\u0131 b\u0131rakmayan tan\u0131kl\u0131\u011f\u0131na d\u00fcnyan\u0131n. <\/p>\n","protected":false},"excerpt":{"rendered":"<p>A\u015fa\u011f\u0131lara uzay\u0131p giden a\u015fa\u011f\u0131lara bak\u0131yor Bir adam e\u015fe\u011fine odun y\u00fckl\u00fcyor, Y\u00fcz\u00fcn\u00fcn sol yakas\u0131na ku\u015flar \u00fc\u015f\u00fc\u015f\u00fcyor. K\u00f6pe\u011fi, torbas\u0131 ve toprak bir testi Ovada bir resimde durur gibi<span class=\"excerpt-hellip\"> [\u2026]<\/span><\/p>\n","protected":false},"featured_media":0,"template":"","meta":{"_monsterinsights_skip_tracking":false,"_monsterinsights_sitenote_active":false,"_monsterinsights_sitenote_note":"","_monsterinsights_sitenote_category":0},"product_brand":[],"product_cat":[12291,12509],"product_tag":[],"class_list":{"0":"post-693788","1":"product","2":"type-product","3":"status-publish","5":"product_cat-edebiyat","6":"product_cat-siir","7":"pa_cilt-ciltsiz","8":"pa_tur-kitap","9":"pa_yayinevi-yapi-kredi-yayinlari","10":"pa_yazar-ilhan-berk","12":"first","13":"instock","14":"sale","15":"shipping-taxable","16":"purchasable","17":"product-type-simple"},"_links":{"self":[{"href":"https:\/\/roveyayinevi.com.tr\/index.php\/wp-json\/wp\/v2\/product\/693788","targetHints":{"allow":["GET"]}}],"collection":[{"href":"https:\/\/roveyayinevi.com.tr\/index.php\/wp-json\/wp\/v2\/product"}],"about":[{"href":"https:\/\/roveyayinevi.com.tr\/index.php\/wp-json\/wp\/v2\/types\/product"}],"wp:attachment":[{"href":"https:\/\/roveyayinevi.com.tr\/index.php\/wp-json\/wp\/v2\/media?parent=693788"}],"wp:term":[{"taxonomy":"product_brand","embeddable":true,"href":"https:\/\/roveyayinevi.com.tr\/index.php\/wp-json\/wp\/v2\/product_brand?post=693788"},{"taxonomy":"product_cat","embeddable":true,"href":"https:\/\/roveyayinevi.com.tr\/index.php\/wp-json\/wp\/v2\/product_cat?post=693788"},{"taxonomy":"product_tag","embeddable":true,"href":"https:\/\/roveyayinevi.com.tr\/index.php\/wp-json\/wp\/v2\/product_tag?post=693788"}],"curies":[{"name":"wp","href":"https:\/\/api.w.org\/{rel}","templated":true}]}}