{"id":693779,"date":"2025-08-27T14:16:29","date_gmt":"2025-08-27T11:16:29","guid":{"rendered":"https:\/\/roveyayinevi.com.tr\/index.php\/urun\/su-acayip-bocekler\/"},"modified":"2026-04-16T02:03:46","modified_gmt":"2026-04-15T23:03:46","slug":"su-acayip-bocekler","status":"publish","type":"product","link":"https:\/\/roveyayinevi.com.tr\/index.php\/urun\/su-acayip-bocekler\/","title":{"rendered":"\u015eu Acayip B\u00f6cekler"},"content":{"rendered":"<p>Acayip \u015eeyler Dizisi\u2019nin alt\u0131nc\u0131 kitab\u0131 ger\u00e7ekten \u00e7ok acayip bir d\u00fcnyaya k\u0131sa h\u0131zl\u0131 ama \u00e7ok keyifli bir yolculu\u011fa \u00e7\u0131kar\u0131yor okurlar\u0131n\u0131! B\u00f6ceklerin d\u00fcnyas\u0131na&#8230; Serinin bu en acayip kitab\u0131, yine \u00e7ok e\u011flenceli ve bir o kadar bilgi dolu! \ufffcTan\u0131t\u0131m Metni<\/p>\n","protected":false},"excerpt":{"rendered":"<p>Acayip \u015eeyler Dizisi\u2019nin alt\u0131nc\u0131 kitab\u0131 ger\u00e7ekten \u00e7ok acayip bir d\u00fcnyaya k\u0131sa h\u0131zl\u0131 ama \u00e7ok keyifli bir yolculu\u011fa \u00e7\u0131kar\u0131yor okurlar\u0131n\u0131! B\u00f6ceklerin d\u00fcnyas\u0131na&#8230; Serinin bu en acayip kitab\u0131,<span class=\"excerpt-hellip\"> [\u2026]<\/span><\/p>\n","protected":false},"featured_media":0,"template":"","meta":{"_monsterinsights_skip_tracking":false,"_monsterinsights_sitenote_active":false,"_monsterinsights_sitenote_note":"","_monsterinsights_sitenote_category":0},"product_brand":[],"product_cat":[12492,12274],"product_tag":[],"class_list":{"0":"post-693779","1":"product","2":"type-product","3":"status-publish","5":"product_cat-bilmece-bulmaca","6":"product_cat-cocuk-ve-genclik-kitaplari","7":"pa_cilt-ciltsiz","8":"pa_tur-kitap","9":"pa_yayinevi-ugurbocegi-yayinlari","10":"pa_yazar-tarik-uslu","12":"first","13":"instock","14":"sale","15":"shipping-taxable","16":"purchasable","17":"product-type-simple"},"_links":{"self":[{"href":"https:\/\/roveyayinevi.com.tr\/index.php\/wp-json\/wp\/v2\/product\/693779","targetHints":{"allow":["GET"]}}],"collection":[{"href":"https:\/\/roveyayinevi.com.tr\/index.php\/wp-json\/wp\/v2\/product"}],"about":[{"href":"https:\/\/roveyayinevi.com.tr\/index.php\/wp-json\/wp\/v2\/types\/product"}],"wp:attachment":[{"href":"https:\/\/roveyayinevi.com.tr\/index.php\/wp-json\/wp\/v2\/media?parent=693779"}],"wp:term":[{"taxonomy":"product_brand","embeddable":true,"href":"https:\/\/roveyayinevi.com.tr\/index.php\/wp-json\/wp\/v2\/product_brand?post=693779"},{"taxonomy":"product_cat","embeddable":true,"href":"https:\/\/roveyayinevi.com.tr\/index.php\/wp-json\/wp\/v2\/product_cat?post=693779"},{"taxonomy":"product_tag","embeddable":true,"href":"https:\/\/roveyayinevi.com.tr\/index.php\/wp-json\/wp\/v2\/product_tag?post=693779"}],"curies":[{"name":"wp","href":"https:\/\/api.w.org\/{rel}","templated":true}]}}