{"id":693778,"date":"2025-08-27T14:16:29","date_gmt":"2025-08-27T11:16:29","guid":{"rendered":"https:\/\/roveyayinevi.com.tr\/index.php\/urun\/bir-kis-gecesi-eger-bir-yolcu\/"},"modified":"2026-04-16T02:03:46","modified_gmt":"2026-04-15T23:03:46","slug":"bir-kis-gecesi-eger-bir-yolcu","status":"publish","type":"product","link":"https:\/\/roveyayinevi.com.tr\/index.php\/urun\/bir-kis-gecesi-eger-bir-yolcu\/","title":{"rendered":"Bir K\u0131\u015f Gecesi E\u011fer Bir Yolcu"},"content":{"rendered":"<p>&#8221;Italo Calvino&#8217;nun Bir K\u0131\u015f Gecesi E\u011fer Bir Yolcu adl\u0131 yeni roman\u0131n\u0131 okumaya ba\u015flamak \u00fczeresin. Rahatla. Toparlan. Zihnindeki b\u00fct\u00fcn d\u00fc\u015f\u00fcnceleri kov gitsin. Seni \u00e7evreleyen d\u00fcnya b\u0131rak belirsizlik i\u00e7inde yok oluversin c\u00fcmlesiyle ba\u015flayan, Calvino&#8217;nun yazarl\u0131k dehas\u0131n\u0131 konu\u015fturdu\u011fu, Calvino&#8217;nun Calvino&#8217;yu okudu\u011fu, okurluk ve yazarl\u0131k \u00fczerine bir ba\u015fyap\u0131t olan Bir K\u0131\u015f Gecesi E\u011fer Bir Yolcu ilk kez \u00f6zg\u00fcn dilinden yap\u0131lan \u00e7evirisiyle T\u00fcrk\u00e7ede&#8230; <\/p>\n","protected":false},"excerpt":{"rendered":"<p>&#8221;Italo Calvino&#8217;nun Bir K\u0131\u015f Gecesi E\u011fer Bir Yolcu adl\u0131 yeni roman\u0131n\u0131 okumaya ba\u015flamak \u00fczeresin. Rahatla. Toparlan. Zihnindeki b\u00fct\u00fcn d\u00fc\u015f\u00fcnceleri kov gitsin. Seni \u00e7evreleyen d\u00fcnya b\u0131rak belirsizlik<span class=\"excerpt-hellip\"> [\u2026]<\/span><\/p>\n","protected":false},"featured_media":0,"template":"","meta":{"_monsterinsights_skip_tracking":false,"_monsterinsights_sitenote_active":false,"_monsterinsights_sitenote_note":"","_monsterinsights_sitenote_category":0},"product_brand":[],"product_cat":[12291,14218],"product_tag":[],"class_list":{"0":"post-693778","1":"product","2":"type-product","3":"status-publish","5":"product_cat-edebiyat","6":"product_cat-italyan-edebiyati","7":"pa_cilt-ciltsiz","8":"pa_tur-kitap","9":"pa_yayinevi-yapi-kredi-yayinlari","10":"pa_yazar-italo-calvino","12":"first","13":"instock","14":"sale","15":"shipping-taxable","16":"purchasable","17":"product-type-simple"},"_links":{"self":[{"href":"https:\/\/roveyayinevi.com.tr\/index.php\/wp-json\/wp\/v2\/product\/693778","targetHints":{"allow":["GET"]}}],"collection":[{"href":"https:\/\/roveyayinevi.com.tr\/index.php\/wp-json\/wp\/v2\/product"}],"about":[{"href":"https:\/\/roveyayinevi.com.tr\/index.php\/wp-json\/wp\/v2\/types\/product"}],"wp:attachment":[{"href":"https:\/\/roveyayinevi.com.tr\/index.php\/wp-json\/wp\/v2\/media?parent=693778"}],"wp:term":[{"taxonomy":"product_brand","embeddable":true,"href":"https:\/\/roveyayinevi.com.tr\/index.php\/wp-json\/wp\/v2\/product_brand?post=693778"},{"taxonomy":"product_cat","embeddable":true,"href":"https:\/\/roveyayinevi.com.tr\/index.php\/wp-json\/wp\/v2\/product_cat?post=693778"},{"taxonomy":"product_tag","embeddable":true,"href":"https:\/\/roveyayinevi.com.tr\/index.php\/wp-json\/wp\/v2\/product_tag?post=693778"}],"curies":[{"name":"wp","href":"https:\/\/api.w.org\/{rel}","templated":true}]}}