{"id":693776,"date":"2025-08-27T14:16:29","date_gmt":"2025-08-27T11:16:29","guid":{"rendered":"https:\/\/roveyayinevi.com.tr\/index.php\/urun\/bir-mimarliga-dogru\/"},"modified":"2026-04-16T02:03:46","modified_gmt":"2026-04-15T23:03:46","slug":"bir-mimarliga-dogru","status":"publish","type":"product","link":"https:\/\/roveyayinevi.com.tr\/index.php\/urun\/bir-mimarliga-dogru\/","title":{"rendered":"Bir Mimarl\u0131\u011fa Do\u011fru"},"content":{"rendered":"<p>Hayat\u0131 boyunca tutkuyla ba\u011fland\u0131\u011f\u0131 mimarl\u0131\u011f\u0131n ard\u0131nda yatan ger\u00e7ekli\u011fe ula\u015fmak i\u00e7in b\u0131k\u0131p usanmadan \u00e7al\u0131\u015fan ve ya\u015fam\u0131n\u0131 co\u015fku dolu bir ser\u00fcvene d\u00f6n\u00fc\u015ft\u00fcren, 20. y\u00fczy\u0131l\u0131n mimarl\u0131k ustas\u0131 Le Corbusier&#8217;den modern mimarl\u0131\u011fa \u0131\u015f\u0131k tutan bir ba\u015fyap\u0131t: Bir Mimarl\u0131\u011fa Do\u011fru . Bir manifesto niteli\u011findeki bu yap\u0131t\u0131nda Le Corbusier, mimarlardan, kendisinin birer yalan olarak niteledi\u011fi bi\u00e7emleri yads\u0131malar\u0131n\u0131 ve t\u00fcm ya\u015famsal \u00f6zlerinden bo\u015falt\u0131lm\u0131\u015f eski modelleri kopya etmeyi b\u0131rakmalar\u0131n\u0131 istiyor. B\u00fcy\u00fck bir co\u015fkuyla, onlar\u0131, mimarl\u0131\u011f\u0131n -temel ilkeleri \u00e7o\u011funlukla unutulan ya da g\u00f6z ard\u0131 edilen- canl\u0131 kaynaklar\u0131na, yal\u0131n asal geometrik bi\u00e7imlere d\u00f6nmeye \u00e7a\u011f\u0131r\u0131yor. 21. y\u00fczy\u0131la girerken modern mimarl\u0131k ak\u0131m\u0131n\u0131n insan\u0131n ya\u015fad\u0131\u011f\u0131 \u00e7evreyi yiyip yutan dev bir \u00f6\u011f\u00fct\u00fcc\u00fcye d\u00f6n\u00fc\u015ft\u00fc\u011f\u00fc g\u00f6z \u00f6n\u00fcne al\u0131nd\u0131\u011f\u0131nda, Le Corbusier&#8217;nin savundu\u011fu ilkelerle zamanda bir yolculuk yapmak, nereden nereye geldi\u011fimizi g\u00f6rmek a\u00e7\u0131s\u0131ndan belle\u011fimizi tazeleyecek, onun yap\u0131tlar\u0131n\u0131 daha iyi \u00e7\u00f6z\u00fcmlememizi sa\u011flayacak. Mimarl\u0131k, yap\u0131m sorunlar\u0131n\u0131n d\u0131\u015f\u0131nda, onlar\u0131n \u00f6tesinde sanatsal bir ger\u00e7ek, duygusal bir olgudur&#8230; Mimarl\u0131k ruhun saf yarat\u0131s\u0131d\u0131r&#8230; Kapaktaki foto\u011fraflar: Le Corbusier ve Pierre Jeanneret, 1923, Ozenfant&#8217;\u0131n evi. Parthen\u0131n, M.\u00d6. 447-434 L.C. ve P. J Ressam\u0131n i\u015fli\u011fi. \ufffcTan\u0131t\u0131m Metni<\/p>\n","protected":false},"excerpt":{"rendered":"<p>Hayat\u0131 boyunca tutkuyla ba\u011fland\u0131\u011f\u0131 mimarl\u0131\u011f\u0131n ard\u0131nda yatan ger\u00e7ekli\u011fe ula\u015fmak i\u00e7in b\u0131k\u0131p usanmadan \u00e7al\u0131\u015fan ve ya\u015fam\u0131n\u0131 co\u015fku dolu bir ser\u00fcvene d\u00f6n\u00fc\u015ft\u00fcren, 20. y\u00fczy\u0131l\u0131n mimarl\u0131k ustas\u0131 Le Corbusier&#8217;den<span class=\"excerpt-hellip\"> [\u2026]<\/span><\/p>\n","protected":false},"featured_media":0,"template":"","meta":{"_monsterinsights_skip_tracking":false,"_monsterinsights_sitenote_active":false,"_monsterinsights_sitenote_note":"","_monsterinsights_sitenote_category":0},"product_brand":[],"product_cat":[13512,12408],"product_tag":[],"class_list":{"0":"post-693776","1":"product","2":"type-product","3":"status-publish","5":"product_cat-mimarlik","6":"product_cat-sanat","7":"pa_cilt-ciltsiz","8":"pa_tur-kitap","9":"pa_yayinevi-yapi-kredi-yayinlari","10":"pa_yazar-le-corbusier","12":"first","13":"instock","14":"sale","15":"shipping-taxable","16":"purchasable","17":"product-type-simple"},"_links":{"self":[{"href":"https:\/\/roveyayinevi.com.tr\/index.php\/wp-json\/wp\/v2\/product\/693776","targetHints":{"allow":["GET"]}}],"collection":[{"href":"https:\/\/roveyayinevi.com.tr\/index.php\/wp-json\/wp\/v2\/product"}],"about":[{"href":"https:\/\/roveyayinevi.com.tr\/index.php\/wp-json\/wp\/v2\/types\/product"}],"wp:attachment":[{"href":"https:\/\/roveyayinevi.com.tr\/index.php\/wp-json\/wp\/v2\/media?parent=693776"}],"wp:term":[{"taxonomy":"product_brand","embeddable":true,"href":"https:\/\/roveyayinevi.com.tr\/index.php\/wp-json\/wp\/v2\/product_brand?post=693776"},{"taxonomy":"product_cat","embeddable":true,"href":"https:\/\/roveyayinevi.com.tr\/index.php\/wp-json\/wp\/v2\/product_cat?post=693776"},{"taxonomy":"product_tag","embeddable":true,"href":"https:\/\/roveyayinevi.com.tr\/index.php\/wp-json\/wp\/v2\/product_tag?post=693776"}],"curies":[{"name":"wp","href":"https:\/\/api.w.org\/{rel}","templated":true}]}}