{"id":693775,"date":"2025-08-27T14:16:28","date_gmt":"2025-08-27T11:16:28","guid":{"rendered":"https:\/\/roveyayinevi.com.tr\/index.php\/urun\/bir-kucukburjuvanin-genclik-yillari-bir-uzun-sonbahar-bir-yaz-mevsimi-romansi\/"},"modified":"2026-04-16T02:03:46","modified_gmt":"2026-04-15T23:03:46","slug":"bir-kucukburjuvanin-genclik-yillari-bir-uzun-sonbahar-bir-yaz-mevsimi-romansi","status":"publish","type":"product","link":"https:\/\/roveyayinevi.com.tr\/index.php\/urun\/bir-kucukburjuvanin-genclik-yillari-bir-uzun-sonbahar-bir-yaz-mevsimi-romansi\/","title":{"rendered":"Bir K\u00fc\u00e7\u00fckburjuvan\u0131n Gen\u00e7lik Y\u0131llar\u0131 &#8211; Bir Uzun Sonbahar &#8211; Bir Yaz Mevsimi Romans\u0131"},"content":{"rendered":"<p>Bir K\u00fc\u00e7\u00fckburjuvan\u0131n Gen\u00e7lik Y\u0131llar\u0131, Bir Uzan Sonbahar, Bir Yaz Mevsimi Romans\u0131 ve bu \u00fc\u00e7 romana birden yay\u0131lan nihilistik bir yang\u0131n. Demir \u00d6zl\u00fc gittik\u00e7e derinle\u015fen bir yaln\u0131zl\u0131kla, varolu\u015fun dehlizlerinde ne yapaca\u011f\u0131n\u0131 bilemeyen k\u00fc\u00e7\u00fckburjuvanan a\u00e7mazlar\u0131n\u0131 anlat\u0131yor. Eski \u0130stanbul&#8217;un kaybolmakta olan o b\u00fcy\u00fcl\u00fc kentin i\u00e7inde ruhsal ve tensel \u00e7\u00f6k\u00fc\u015f\u00fc derinlemesine ya\u015fayan yazarlar, sanat\u00e7\u0131lar, k\u00fc\u00e7\u00fck bir ayd\u0131n kesimi&#8230; <\/p>\n","protected":false},"excerpt":{"rendered":"<p>Bir K\u00fc\u00e7\u00fckburjuvan\u0131n Gen\u00e7lik Y\u0131llar\u0131, Bir Uzan Sonbahar, Bir Yaz Mevsimi Romans\u0131 ve bu \u00fc\u00e7 romana birden yay\u0131lan nihilistik bir yang\u0131n. Demir \u00d6zl\u00fc gittik\u00e7e derinle\u015fen bir yaln\u0131zl\u0131kla,<span class=\"excerpt-hellip\"> [\u2026]<\/span><\/p>\n","protected":false},"featured_media":0,"template":"","meta":{"_monsterinsights_skip_tracking":false,"_monsterinsights_sitenote_active":false,"_monsterinsights_sitenote_note":"","_monsterinsights_sitenote_category":0},"product_brand":[],"product_cat":[12291,12292],"product_tag":[],"class_list":{"0":"post-693775","1":"product","2":"type-product","3":"status-publish","5":"product_cat-edebiyat","6":"product_cat-turk-edebiyati","7":"pa_cilt-ciltsiz","8":"pa_tur-kitap","9":"pa_yayinevi-yapi-kredi-yayinlari","10":"pa_yazar-demir-ozlu","12":"first","13":"instock","14":"sale","15":"shipping-taxable","16":"purchasable","17":"product-type-simple"},"_links":{"self":[{"href":"https:\/\/roveyayinevi.com.tr\/index.php\/wp-json\/wp\/v2\/product\/693775","targetHints":{"allow":["GET"]}}],"collection":[{"href":"https:\/\/roveyayinevi.com.tr\/index.php\/wp-json\/wp\/v2\/product"}],"about":[{"href":"https:\/\/roveyayinevi.com.tr\/index.php\/wp-json\/wp\/v2\/types\/product"}],"wp:attachment":[{"href":"https:\/\/roveyayinevi.com.tr\/index.php\/wp-json\/wp\/v2\/media?parent=693775"}],"wp:term":[{"taxonomy":"product_brand","embeddable":true,"href":"https:\/\/roveyayinevi.com.tr\/index.php\/wp-json\/wp\/v2\/product_brand?post=693775"},{"taxonomy":"product_cat","embeddable":true,"href":"https:\/\/roveyayinevi.com.tr\/index.php\/wp-json\/wp\/v2\/product_cat?post=693775"},{"taxonomy":"product_tag","embeddable":true,"href":"https:\/\/roveyayinevi.com.tr\/index.php\/wp-json\/wp\/v2\/product_tag?post=693775"}],"curies":[{"name":"wp","href":"https:\/\/api.w.org\/{rel}","templated":true}]}}