{"id":693774,"date":"2025-08-27T14:16:28","date_gmt":"2025-08-27T11:16:28","guid":{"rendered":"https:\/\/roveyayinevi.com.tr\/index.php\/urun\/bir-solgun-adam\/"},"modified":"2026-04-16T02:03:46","modified_gmt":"2026-04-15T23:03:46","slug":"bir-solgun-adam","status":"publish","type":"product","link":"https:\/\/roveyayinevi.com.tr\/index.php\/urun\/bir-solgun-adam\/","title":{"rendered":"Bir Solgun Adam"},"content":{"rendered":"<p>Bankac\u0131 Mehmet Ta\u015f\u00e7\u0131, emekli olunca evini terk edip yetmi\u015fini a\u015fk\u0131n D\u00fcrnev Han\u0131m\u2019\u0131n \u00e7at\u0131 kat\u0131 odas\u0131n\u0131 kiralam\u0131\u015f, on y\u0131ld\u0131r orada ya\u015famaktad\u0131r. Bir g\u00fcn,D\u00fcrnev Han\u0131m\u2019a haber vermeden Kad\u0131k\u00f6y\u2019de bir otele yerle\u015fir. Bir s\u00fcre orada kal\u0131r, karl\u0131 bir g\u00fcnde yollara d\u00fc\u015fer; \u0130zmit yolundan geri d\u00f6n\u00fcp gene D\u00fcrnevHan\u0131m\u2019a gelir. Bir s\u00fcre hasta yatar, gazetede kendi \u00f6l\u00fcm ilan\u0131n\u0131 okur&#8230; Zahire t\u00fcccar\u0131 Sad\u0131k Bey\u2019le dostluk kurar, yan\u0131nda iki ay kadar kal\u0131r&#8230;\u0130\u00e7ini kaplam\u0131\u015f ya\u015fama bezginli\u011fini \u2013kendini oradan oraya atarak\u2013 dindirmeye \u00e7al\u0131\u015fan bir adam\u0131n yaln\u0131zl\u0131k destan\u0131d\u0131r Bir Solgun Adam.Sokaklarda \u00f6lece\u011fim ben. En iyisi, sokaklar\u0131n en canl\u0131 oldu\u011fu bir \u00f6\u011fle zaman\u0131 kald\u0131r\u0131ma y\u0131\u011f\u0131l\u0131p kalmamd\u0131r. Bu kez de dert olurum insanc\u0131klar\u0131n ba\u015f\u0131na. Kimdir, neyin nesidir diye ararlar, sorarlar. D\u00fckk\u00e2n sahibi i\u015fini b\u0131rak\u0131r, yoldan ge\u00e7en bir memur evine, yeme\u011fine ge\u00e7 kal\u0131r. En iyisi \u2013kartvizitim de olmad\u0131\u011f\u0131na g\u00f6re\u2013 yan\u0131mda \u015f\u00f6yle bir kart\u00e7\u0131k bulundurmamd\u0131r:Mehmet Ta\u015f\u00e7\u0131Emekli Bankac\u0131Adres: \u2026\u2026\u2026\u00d6l\u00fcm\u00fcm\u00fcn Bakkal Seyfullah\u2019a (Tel: \u2026\u2026&#8230;&#8230;.\u2026) bildirilmesini rica ederim. O da D\u00fcrnev Han\u0131m\u2019a haber versin. Te\u015fekk\u00fcr ederim.<\/p>\n","protected":false},"excerpt":{"rendered":"<p>Bankac\u0131 Mehmet Ta\u015f\u00e7\u0131, emekli olunca evini terk edip yetmi\u015fini a\u015fk\u0131n D\u00fcrnev Han\u0131m\u2019\u0131n \u00e7at\u0131 kat\u0131 odas\u0131n\u0131 kiralam\u0131\u015f, on y\u0131ld\u0131r orada ya\u015famaktad\u0131r. Bir g\u00fcn,D\u00fcrnev Han\u0131m\u2019a haber vermeden Kad\u0131k\u00f6y\u2019de<span class=\"excerpt-hellip\"> [\u2026]<\/span><\/p>\n","protected":false},"featured_media":0,"template":"","meta":{"_monsterinsights_skip_tracking":false,"_monsterinsights_sitenote_active":false,"_monsterinsights_sitenote_note":"","_monsterinsights_sitenote_category":0},"product_brand":[],"product_cat":[12291,12292],"product_tag":[],"class_list":{"0":"post-693774","1":"product","2":"type-product","3":"status-publish","5":"product_cat-edebiyat","6":"product_cat-turk-edebiyati","7":"pa_cilt-ciltsiz","8":"pa_tur-kitap","9":"pa_yayinevi-yapi-kredi-yayinlari","10":"pa_yazar-selcuk-baran","12":"first","13":"instock","14":"sale","15":"shipping-taxable","16":"purchasable","17":"product-type-simple"},"_links":{"self":[{"href":"https:\/\/roveyayinevi.com.tr\/index.php\/wp-json\/wp\/v2\/product\/693774","targetHints":{"allow":["GET"]}}],"collection":[{"href":"https:\/\/roveyayinevi.com.tr\/index.php\/wp-json\/wp\/v2\/product"}],"about":[{"href":"https:\/\/roveyayinevi.com.tr\/index.php\/wp-json\/wp\/v2\/types\/product"}],"wp:attachment":[{"href":"https:\/\/roveyayinevi.com.tr\/index.php\/wp-json\/wp\/v2\/media?parent=693774"}],"wp:term":[{"taxonomy":"product_brand","embeddable":true,"href":"https:\/\/roveyayinevi.com.tr\/index.php\/wp-json\/wp\/v2\/product_brand?post=693774"},{"taxonomy":"product_cat","embeddable":true,"href":"https:\/\/roveyayinevi.com.tr\/index.php\/wp-json\/wp\/v2\/product_cat?post=693774"},{"taxonomy":"product_tag","embeddable":true,"href":"https:\/\/roveyayinevi.com.tr\/index.php\/wp-json\/wp\/v2\/product_tag?post=693774"}],"curies":[{"name":"wp","href":"https:\/\/api.w.org\/{rel}","templated":true}]}}