{"id":693771,"date":"2025-08-27T14:16:28","date_gmt":"2025-08-27T11:16:28","guid":{"rendered":"https:\/\/roveyayinevi.com.tr\/index.php\/urun\/bir-deneme-bir-ders-eiffel-kulesi-ve-acilis-dersi\/"},"modified":"2026-04-16T02:03:46","modified_gmt":"2026-04-15T23:03:46","slug":"bir-deneme-bir-ders-eiffel-kulesi-ve-acilis-dersi","status":"publish","type":"product","link":"https:\/\/roveyayinevi.com.tr\/index.php\/urun\/bir-deneme-bir-ders-eiffel-kulesi-ve-acilis-dersi\/","title":{"rendered":"Bir Deneme Bir Ders: Eiffel Kulesi ve A\u00e7\u0131l\u0131\u015f Dersi"},"content":{"rendered":"<p>Bu kitap Roland Barthes\u2019\u0131n yazma arzusu ve d\u00fcnyay\u0131 anlamland\u0131rma a\u00e7\u0131s\u0131ndan birbirini b\u00fct\u00fcnleyen iki metnini i\u00e7eriyor: Eiffel Kulesi, bak\u0131\u015f\u0131n\u0131 bir kentin simgesine \u00e7eviren ve bu simgenin \u00fcretti\u011fi anlamlar\u0131 yarat\u0131c\u0131 bir yaz\u0131 s\u00fcrecinde dile getiren benzersiz bir deneme ustas\u0131n\u0131n, taklit edilmesi olanaks\u0131z bir \u201cg\u00f6sterge avc\u0131s\u0131\u201dn\u0131n \u00fcr\u00fcn\u00fc olarak ele al\u0131nmal\u0131. A\u00e7\u0131l\u0131\u015f Dersi ise Roland Barthes\u2019\u0131n, Fransa\u2019n\u0131n en \u00f6nemli \u00f6zg\u00fcr ara\u015ft\u0131rma ve \u00f6\u011fretim kurumu olan Coll\u00e8ge de France\u2019ta verdi\u011fi ilk dersin metnini i\u00e7eriyor. Barthes bu metninde kendi g\u00f6stergebilimsel anlay\u0131\u015f\u0131 ile yazarl\u0131k anlay\u0131\u015f\u0131n\u0131 kayna\u015ft\u0131r\u0131rken, her t\u00fcrl\u00fc iktidardan, \u00f6zellikle de dilin ve s\u00f6ylemin iktidar\u0131ndan uzak durmaya \u00e7al\u0131\u015fan bir d\u00fc\u015f\u00fcnsel davran\u0131\u015f i\u00e7ine giriyor. Eiffel Kulesi ile A\u00e7\u0131l\u0131\u015f Dersi\u2019ni birlikte okuyanlar, yazma arzusuyla yola \u00e7\u0131kan, \u201ciktidara hi\u00e7 yer vermeyen\u201d, \u201ci\u00e7inde biraz bilgi, biraz bilgelik ama en \u00e7ok da tat bar\u0131nd\u0131ran\u201d bir yazar\u0131n ser\u00fcvenini ya\u015fayacaklar.<\/p>\n","protected":false},"excerpt":{"rendered":"<p>Bu kitap Roland Barthes\u2019\u0131n yazma arzusu ve d\u00fcnyay\u0131 anlamland\u0131rma a\u00e7\u0131s\u0131ndan birbirini b\u00fct\u00fcnleyen iki metnini i\u00e7eriyor: Eiffel Kulesi, bak\u0131\u015f\u0131n\u0131 bir kentin simgesine \u00e7eviren ve bu simgenin \u00fcretti\u011fi<span class=\"excerpt-hellip\"> [\u2026]<\/span><\/p>\n","protected":false},"featured_media":0,"template":"","meta":{"_monsterinsights_skip_tracking":false,"_monsterinsights_sitenote_active":false,"_monsterinsights_sitenote_note":"","_monsterinsights_sitenote_category":0},"product_brand":[],"product_cat":[12291,13376],"product_tag":[],"class_list":{"0":"post-693771","1":"product","2":"type-product","3":"status-publish","5":"product_cat-edebiyat","6":"product_cat-fransiz-edebiyati","7":"pa_cilt-ciltsiz","8":"pa_tur-kitap","9":"pa_yayinevi-yapi-kredi-yayinlari","10":"pa_yazar-roland-barthes","12":"first","13":"instock","14":"sale","15":"shipping-taxable","16":"purchasable","17":"product-type-simple"},"_links":{"self":[{"href":"https:\/\/roveyayinevi.com.tr\/index.php\/wp-json\/wp\/v2\/product\/693771","targetHints":{"allow":["GET"]}}],"collection":[{"href":"https:\/\/roveyayinevi.com.tr\/index.php\/wp-json\/wp\/v2\/product"}],"about":[{"href":"https:\/\/roveyayinevi.com.tr\/index.php\/wp-json\/wp\/v2\/types\/product"}],"wp:attachment":[{"href":"https:\/\/roveyayinevi.com.tr\/index.php\/wp-json\/wp\/v2\/media?parent=693771"}],"wp:term":[{"taxonomy":"product_brand","embeddable":true,"href":"https:\/\/roveyayinevi.com.tr\/index.php\/wp-json\/wp\/v2\/product_brand?post=693771"},{"taxonomy":"product_cat","embeddable":true,"href":"https:\/\/roveyayinevi.com.tr\/index.php\/wp-json\/wp\/v2\/product_cat?post=693771"},{"taxonomy":"product_tag","embeddable":true,"href":"https:\/\/roveyayinevi.com.tr\/index.php\/wp-json\/wp\/v2\/product_tag?post=693771"}],"curies":[{"name":"wp","href":"https:\/\/api.w.org\/{rel}","templated":true}]}}