{"id":693769,"date":"2025-08-27T14:16:27","date_gmt":"2025-08-27T11:16:27","guid":{"rendered":"https:\/\/roveyayinevi.com.tr\/index.php\/urun\/binbir-gece-masallari-cilt-4-2\/"},"modified":"2026-04-16T02:03:46","modified_gmt":"2026-04-15T23:03:46","slug":"binbir-gece-masallari-cilt-4-2","status":"publish","type":"product","link":"https:\/\/roveyayinevi.com.tr\/index.php\/urun\/binbir-gece-masallari-cilt-4-2\/","title":{"rendered":"Binbir Gece Masallar\u0131 Cilt 4\/2"},"content":{"rendered":"<p>Y\u00fczlerce y\u0131l boyunca, \u00c7in\u2019den Kuzey Afrika\u2019ya uzanan ve \u00c7in, \u00c7in Hindi, Hindistan, \u0130ran, Irak, T\u00fcrkiye, Suriye ve M\u0131s\u0131r\u2019\u0131 kapsayan bir alanda anlat\u0131lan Binbir Gece Masallar\u0131, ilk kez Antoine Galland taraf\u0131ndan d\u00fczenlenip Frans\u0131zcaya \u00e7evrilerek (1704-17, 12 cilt) d\u00fcnyaya tan\u0131t\u0131ld\u0131. Bug\u00fcne kadar belliba\u015fl\u0131 b\u00fct\u00fcn dillere \u00e7evrilen bu masallar, Galland\u2019dan \u00e7ok daha \u00f6ncesinden ba\u015flayarak, edebiyattan m\u00fczi\u011fe, sinemadan baleye kadar b\u00fct\u00fcn alanlarda pek \u00e7ok sanat\u00e7\u0131y\u0131 derinli\u011fine etkiledi, defalarca i\u015flendi, yeniden yorumland\u0131, taklit edildi. \ufffcTan\u0131t\u0131m Metni<\/p>\n","protected":false},"excerpt":{"rendered":"<p>Y\u00fczlerce y\u0131l boyunca, \u00c7in\u2019den Kuzey Afrika\u2019ya uzanan ve \u00c7in, \u00c7in Hindi, Hindistan, \u0130ran, Irak, T\u00fcrkiye, Suriye ve M\u0131s\u0131r\u2019\u0131 kapsayan bir alanda anlat\u0131lan Binbir Gece Masallar\u0131, ilk<span class=\"excerpt-hellip\"> [\u2026]<\/span><\/p>\n","protected":false},"featured_media":0,"template":"","meta":{"_monsterinsights_skip_tracking":false,"_monsterinsights_sitenote_active":false,"_monsterinsights_sitenote_note":"","_monsterinsights_sitenote_category":0},"product_brand":[],"product_cat":[13661,12291],"product_tag":[],"class_list":{"0":"post-693769","1":"product","2":"type-product","3":"status-publish","5":"product_cat-diger-ulke-edebiyatlari","6":"product_cat-edebiyat","7":"pa_cilt-ciltsiz","8":"pa_tur-kitap","9":"pa_yayinevi-yapi-kredi-yayinlari","10":"pa_yazar-anonim","12":"first","13":"instock","14":"sale","15":"shipping-taxable","16":"purchasable","17":"product-type-simple"},"_links":{"self":[{"href":"https:\/\/roveyayinevi.com.tr\/index.php\/wp-json\/wp\/v2\/product\/693769","targetHints":{"allow":["GET"]}}],"collection":[{"href":"https:\/\/roveyayinevi.com.tr\/index.php\/wp-json\/wp\/v2\/product"}],"about":[{"href":"https:\/\/roveyayinevi.com.tr\/index.php\/wp-json\/wp\/v2\/types\/product"}],"wp:attachment":[{"href":"https:\/\/roveyayinevi.com.tr\/index.php\/wp-json\/wp\/v2\/media?parent=693769"}],"wp:term":[{"taxonomy":"product_brand","embeddable":true,"href":"https:\/\/roveyayinevi.com.tr\/index.php\/wp-json\/wp\/v2\/product_brand?post=693769"},{"taxonomy":"product_cat","embeddable":true,"href":"https:\/\/roveyayinevi.com.tr\/index.php\/wp-json\/wp\/v2\/product_cat?post=693769"},{"taxonomy":"product_tag","embeddable":true,"href":"https:\/\/roveyayinevi.com.tr\/index.php\/wp-json\/wp\/v2\/product_tag?post=693769"}],"curies":[{"name":"wp","href":"https:\/\/api.w.org\/{rel}","templated":true}]}}