{"id":693768,"date":"2025-08-27T14:16:27","date_gmt":"2025-08-27T11:16:27","guid":{"rendered":"https:\/\/roveyayinevi.com.tr\/index.php\/urun\/bir-dinozorun-anilari\/"},"modified":"2026-04-16T02:03:46","modified_gmt":"2026-04-15T23:03:46","slug":"bir-dinozorun-anilari","status":"publish","type":"product","link":"https:\/\/roveyayinevi.com.tr\/index.php\/urun\/bir-dinozorun-anilari\/","title":{"rendered":"Bir Dinozorun An\u0131lar\u0131"},"content":{"rendered":"<p>\u0130ngiliz edebiyat\u0131 duayenimiz Mina Urgan, Bir Dinazorun An\u0131lar\u0131&#8217;nda a\u00e7\u0131ky\u00fcrekli, yal\u0131n ve naif bi dille anlat\u0131yor, kendini, \u00e7evresindekileri ve bir co\u011frafyada olan biteni&#8230; Halide Edip, Necip Faz\u0131l, Abidin Dino, Neyzen Tevfik, Sait Faik, Yahya Kemal, Ahmet Ha\u015fim, Atat\u00fcrk ve ba\u015fka pek \u00e7ok isimle zenginle\u015fmi\u015f bir \u00f6mr\u00fc&#8230; O\u011fuz Atay&#8217;\u0131 ayak\u00fcst\u00fc ve o kadar az g\u00f6rd\u00fcm ki, onunla ilgili ancak bir tek izlenim edindim: Koskocaman bir kediye benziyordu t\u0131pk\u0131. \u00c7ok kocaman ve \u00e7ok g\u00fczel bir kediye \u00f6yle benziyordu ki, ona elimi uzat\u0131nca &#8216;miyaaav&#8217; diyece\u011fini sand\u0131m. Miyavlayaca\u011f\u0131 yerde &#8216;tan\u0131\u015ft\u0131\u011f\u0131m\u0131za memnunum&#8217; deyince \u015fa\u015f\u0131r\u0131p kald\u0131m. Mina Urgan&#8217;\u0131n an\u0131lar\u0131n\u0131 bazen co\u015fkuyla bazen buruklukla ama hep g\u00fcl\u00fcmseyerek okuyacaks\u0131n\u0131z. <\/p>\n","protected":false},"excerpt":{"rendered":"<p>\u0130ngiliz edebiyat\u0131 duayenimiz Mina Urgan, Bir Dinazorun An\u0131lar\u0131&#8217;nda a\u00e7\u0131ky\u00fcrekli, yal\u0131n ve naif bi dille anlat\u0131yor, kendini, \u00e7evresindekileri ve bir co\u011frafyada olan biteni&#8230; Halide Edip, Necip Faz\u0131l,<span class=\"excerpt-hellip\"> [\u2026]<\/span><\/p>\n","protected":false},"featured_media":0,"template":"","meta":{"_monsterinsights_skip_tracking":false,"_monsterinsights_sitenote_active":false,"_monsterinsights_sitenote_note":"","_monsterinsights_sitenote_category":0},"product_brand":[],"product_cat":[13701,12291],"product_tag":[],"class_list":{"0":"post-693768","1":"product","2":"type-product","3":"status-publish","5":"product_cat-ani-mektup-gunluk","6":"product_cat-edebiyat","7":"pa_cilt-ciltsiz","8":"pa_tur-kitap","9":"pa_yayinevi-yapi-kredi-yayinlari","10":"pa_yazar-mina-urgan","12":"first","13":"instock","14":"sale","15":"shipping-taxable","16":"purchasable","17":"product-type-simple"},"_links":{"self":[{"href":"https:\/\/roveyayinevi.com.tr\/index.php\/wp-json\/wp\/v2\/product\/693768","targetHints":{"allow":["GET"]}}],"collection":[{"href":"https:\/\/roveyayinevi.com.tr\/index.php\/wp-json\/wp\/v2\/product"}],"about":[{"href":"https:\/\/roveyayinevi.com.tr\/index.php\/wp-json\/wp\/v2\/types\/product"}],"wp:attachment":[{"href":"https:\/\/roveyayinevi.com.tr\/index.php\/wp-json\/wp\/v2\/media?parent=693768"}],"wp:term":[{"taxonomy":"product_brand","embeddable":true,"href":"https:\/\/roveyayinevi.com.tr\/index.php\/wp-json\/wp\/v2\/product_brand?post=693768"},{"taxonomy":"product_cat","embeddable":true,"href":"https:\/\/roveyayinevi.com.tr\/index.php\/wp-json\/wp\/v2\/product_cat?post=693768"},{"taxonomy":"product_tag","embeddable":true,"href":"https:\/\/roveyayinevi.com.tr\/index.php\/wp-json\/wp\/v2\/product_tag?post=693768"}],"curies":[{"name":"wp","href":"https:\/\/api.w.org\/{rel}","templated":true}]}}