{"id":693767,"date":"2025-08-27T14:16:27","date_gmt":"2025-08-27T11:16:27","guid":{"rendered":"https:\/\/roveyayinevi.com.tr\/index.php\/urun\/bir-bulut-kayniyor\/"},"modified":"2026-04-16T02:03:46","modified_gmt":"2026-04-15T23:03:46","slug":"bir-bulut-kayniyor","status":"publish","type":"product","link":"https:\/\/roveyayinevi.com.tr\/index.php\/urun\/bir-bulut-kayniyor\/","title":{"rendered":"Bir Bulut Kayn\u0131yor"},"content":{"rendered":"<p>Romanlar\u0131nda Anadolu insan\u0131n\u0131n ger\u00e7ek d\u00fcnyas\u0131n\u0131 destans\u0131 boyutlara ta\u015f\u0131yan, ya\u015fanm\u0131\u015f ve ya\u015fanan ger\u00e7e\u011fi mitlerin, efsanelerin evreninde \u00e7o\u011faltan Ya\u015far Kemal, sadece bir romanc\u0131 ve halkbilimci de\u011fil, gazetelerimizde modern r\u00f6portaj yazarl\u0131\u011f\u0131n\u0131n da kurucusudur. Onun, her biri yay\u0131mland\u0131\u011f\u0131 d\u00f6nemde olay yaratan r\u00f6portajlar\u0131nda ger\u00e7ek, hayat buldu ve okuyucuyu sarst\u0131. Bu Diyar Ba\u015ftanba\u015fa d\u00f6rtl\u00fcs\u00fcn\u00fcn d\u00f6rd\u00fcnc\u00fc kitab\u0131 Bir Bulut Kayn\u0131yor di\u011fer \u00fc\u00e7 kitap gibi do\u011fa ilen insan aras\u0131ndaki kimi zaman i\u00e7li tatl\u0131, kimi zaman ac\u0131 ac\u0131t\u0131c\u0131 ili\u015fkileri \u00f6rer. Kaymakamlar, a\u011falar, \u015fof\u00f6rler, gecekondularda ya\u015fayanlar, fakir evleri, zengin mezarlar\u0131, mart\u0131lar, Amerikal\u0131lar , rekt\u00f6rler, yunuslar ve bal\u0131k\u00e7\u0131lar\u0131n yan\u0131s\u0131ra, \u00c7etin Altan, Abidin Dino, Sait Faik bu kitab\u0131n konuklar\u0131d\u0131r. Bir gazetecinin zaferi&#8230; -H\u00fcseyin Cahit Yal\u00e7\u0131n, Ulus, 6 Eyl\u00fcl 1953 Zafer gazetecinin de\u011fil, edebiyat\u00e7\u0131n\u0131nd\u0131r. -Tar\u0131k Dursun K., Milliyet, 11 Mart 1971 Ya\u015far Kemal&#8217;in r\u00f6portajlar\u0131n\u0131 klasik gazete r\u00f6portajc\u0131l\u0131\u011f\u0131ndan ayr\u0131 tutarak, yetkin bir edebiyat \u00fcr\u00fcn\u00fc diye okumak gerekir. -Hilmi Yavuz, Cumhuriyet, 8 Nisan 1971 \ufffcTan\u0131t\u0131m Metni<\/p>\n","protected":false},"excerpt":{"rendered":"<p>Romanlar\u0131nda Anadolu insan\u0131n\u0131n ger\u00e7ek d\u00fcnyas\u0131n\u0131 destans\u0131 boyutlara ta\u015f\u0131yan, ya\u015fanm\u0131\u015f ve ya\u015fanan ger\u00e7e\u011fi mitlerin, efsanelerin evreninde \u00e7o\u011faltan Ya\u015far Kemal, sadece bir romanc\u0131 ve halkbilimci de\u011fil, gazetelerimizde modern<span class=\"excerpt-hellip\"> [\u2026]<\/span><\/p>\n","protected":false},"featured_media":0,"template":"","meta":{"_monsterinsights_skip_tracking":false,"_monsterinsights_sitenote_active":false,"_monsterinsights_sitenote_note":"","_monsterinsights_sitenote_category":0},"product_brand":[],"product_cat":[13701,12291],"product_tag":[],"class_list":{"0":"post-693767","1":"product","2":"type-product","3":"status-publish","5":"product_cat-ani-mektup-gunluk","6":"product_cat-edebiyat","7":"pa_cilt-ciltsiz","8":"pa_tur-kitap","9":"pa_yayinevi-yapi-kredi-yayinlari","10":"pa_yazar-yasar-kemal","12":"first","13":"instock","14":"sale","15":"shipping-taxable","16":"purchasable","17":"product-type-simple"},"_links":{"self":[{"href":"https:\/\/roveyayinevi.com.tr\/index.php\/wp-json\/wp\/v2\/product\/693767","targetHints":{"allow":["GET"]}}],"collection":[{"href":"https:\/\/roveyayinevi.com.tr\/index.php\/wp-json\/wp\/v2\/product"}],"about":[{"href":"https:\/\/roveyayinevi.com.tr\/index.php\/wp-json\/wp\/v2\/types\/product"}],"wp:attachment":[{"href":"https:\/\/roveyayinevi.com.tr\/index.php\/wp-json\/wp\/v2\/media?parent=693767"}],"wp:term":[{"taxonomy":"product_brand","embeddable":true,"href":"https:\/\/roveyayinevi.com.tr\/index.php\/wp-json\/wp\/v2\/product_brand?post=693767"},{"taxonomy":"product_cat","embeddable":true,"href":"https:\/\/roveyayinevi.com.tr\/index.php\/wp-json\/wp\/v2\/product_cat?post=693767"},{"taxonomy":"product_tag","embeddable":true,"href":"https:\/\/roveyayinevi.com.tr\/index.php\/wp-json\/wp\/v2\/product_tag?post=693767"}],"curies":[{"name":"wp","href":"https:\/\/api.w.org\/{rel}","templated":true}]}}