{"id":693765,"date":"2025-08-27T14:16:26","date_gmt":"2025-08-27T11:16:26","guid":{"rendered":"https:\/\/roveyayinevi.com.tr\/index.php\/urun\/binbir-gece-masallari-2-cilt-takim\/"},"modified":"2026-04-16T02:03:46","modified_gmt":"2026-04-15T23:03:46","slug":"binbir-gece-masallari-2-cilt-takim","status":"publish","type":"product","link":"https:\/\/roveyayinevi.com.tr\/index.php\/urun\/binbir-gece-masallari-2-cilt-takim\/","title":{"rendered":"Binbir Gece Masallar\u0131 2 Cilt Tak\u0131m"},"content":{"rendered":"<p>I. Cilt: 1.-8. Kitaplar,II. Cilt: 9.-16. Kitaplar\u00d6zel Kutusu \u0130\u00e7indeBinbir gece masallar\u0131\u2019ndan ilk se\u00e7meyi, k\u0131rk k\u00fcsur y\u0131l \u00f6nce yedi ya\u015f\u0131mdayken okudum. \u0130lkokul biri bitirmi\u015ftim, yaz tatilinde babam\u0131n \u00e7al\u0131\u015f\u0131p annemle ya\u015fad\u0131\u011f\u0131 \u0130svi\u00e7re\u2019ye Cenevre\u2019ye gitmi\u015ftik. Yeni \u00f6\u011frendi\u011fim okumam\u0131 yaz\u0131n ilerleteyim diye teyzemin yola \u00e7\u0131kmadan \u00f6nce a\u011fabeyimle bana hediye etti\u011fi \u00e7ocuk kitaplar\u0131 aras\u0131nda Binbir Gece Masallar\u0131\u2019ndan bir de se\u00e7ki vard\u0131. <\/p>\n","protected":false},"excerpt":{"rendered":"<p>I. Cilt: 1.-8. Kitaplar,II. Cilt: 9.-16. Kitaplar\u00d6zel Kutusu \u0130\u00e7indeBinbir gece masallar\u0131\u2019ndan ilk se\u00e7meyi, k\u0131rk k\u00fcsur y\u0131l \u00f6nce yedi ya\u015f\u0131mdayken okudum. \u0130lkokul biri bitirmi\u015ftim, yaz tatilinde babam\u0131n<span class=\"excerpt-hellip\"> [\u2026]<\/span><\/p>\n","protected":false},"featured_media":0,"template":"","meta":{"_monsterinsights_skip_tracking":false,"_monsterinsights_sitenote_active":false,"_monsterinsights_sitenote_note":"","_monsterinsights_sitenote_category":0},"product_brand":[],"product_cat":[12291,17281],"product_tag":[],"class_list":{"0":"post-693765","1":"product","2":"type-product","3":"status-publish","5":"product_cat-edebiyat","6":"product_cat-ortadogu-arap-edebiyati","7":"pa_cilt-takim","8":"pa_tur-kitap","9":"pa_yayinevi-yapi-kredi-yayinlari","10":"pa_yazar-kollektif","12":"first","13":"instock","14":"sale","15":"shipping-taxable","16":"purchasable","17":"product-type-simple"},"_links":{"self":[{"href":"https:\/\/roveyayinevi.com.tr\/index.php\/wp-json\/wp\/v2\/product\/693765","targetHints":{"allow":["GET"]}}],"collection":[{"href":"https:\/\/roveyayinevi.com.tr\/index.php\/wp-json\/wp\/v2\/product"}],"about":[{"href":"https:\/\/roveyayinevi.com.tr\/index.php\/wp-json\/wp\/v2\/types\/product"}],"wp:attachment":[{"href":"https:\/\/roveyayinevi.com.tr\/index.php\/wp-json\/wp\/v2\/media?parent=693765"}],"wp:term":[{"taxonomy":"product_brand","embeddable":true,"href":"https:\/\/roveyayinevi.com.tr\/index.php\/wp-json\/wp\/v2\/product_brand?post=693765"},{"taxonomy":"product_cat","embeddable":true,"href":"https:\/\/roveyayinevi.com.tr\/index.php\/wp-json\/wp\/v2\/product_cat?post=693765"},{"taxonomy":"product_tag","embeddable":true,"href":"https:\/\/roveyayinevi.com.tr\/index.php\/wp-json\/wp\/v2\/product_tag?post=693765"}],"curies":[{"name":"wp","href":"https:\/\/api.w.org\/{rel}","templated":true}]}}