{"id":693762,"date":"2025-08-27T14:16:25","date_gmt":"2025-08-27T11:16:25","guid":{"rendered":"https:\/\/roveyayinevi.com.tr\/index.php\/urun\/billur-kosk-masallari-2\/"},"modified":"2026-03-28T02:03:31","modified_gmt":"2026-03-27T23:03:31","slug":"billur-kosk-masallari-2","status":"publish","type":"product","link":"https:\/\/roveyayinevi.com.tr\/index.php\/urun\/billur-kosk-masallari-2\/","title":{"rendered":"Billur K\u00f6\u015fk Masallar\u0131"},"content":{"rendered":"<p>Billur K\u00f6\u015fk Masallar\u0131&#8217;n\u0131n ilgin\u00e7 ser\u00fcvenine tan\u0131kl\u0131k ediyor Tahir Alangu&#8217;nun bu kitab\u0131. \u0130lgin\u00e7lik, bu kitaptaki masallar\u0131n s\u00f6zl\u00fc gelenekten yaz\u0131l\u0131 ortama ge\u00e7memi\u015f, yaz\u0131l\u0131 ortamdan s\u00f6zl\u00fc gelene\u011fe yans\u0131m\u0131\u015f olmas\u0131nda. Tan\u0131kl\u0131k ise kitapla\u015fman\u0131n onca y\u0131l sonra bu derleme ile yeni bir halka daha kazanarak devam etmesiyle v\u00fccut buluyor. Bir Osmanl\u0131 derleyicinin halk tarz\u0131ndan uzak, meddah anlat\u0131m\u0131na yak\u0131n bir dille kitapla\u015ft\u0131rd\u0131\u011f\u0131 bu masallar, Alangu&#8217;nun kaleminden gelene\u011fin bir\u00e7ok \u00f6zelli\u011fini kazanm\u0131\u015f olarak ya\u015famaya devam ediyor. T\u00fcrk masallar\u0131n\u0131n bi\u00e7im ve i\u00e7erik bak\u0131m\u0131ndan t\u00fcm \u00f6gelerini Billur K\u00f6\u015fk Masallar\u0131&#8217;nda buluyor olmam\u0131z bunlar\u0131 yaz\u0131ya ge\u00e7irenlerle, yeniden yazanlarla ilgili oldu\u011fu kadar anlatan, dinleyen, hayal edip canland\u0131ran, bunlarla insan olarak ser\u00fcven, haz ve korku dolu d\u00fcnyalara ko\u015fan benli\u011fimizle de yak\u0131ndan ilgili. Masallar\u0131n bitimsiz g\u00fcc\u00fc, nerede ka\u00e7 ya\u015f\u0131nda ve nas\u0131l oldumuza bakmayarak bizi her zaman sar\u0131p sarmalar ve bir kara delik gibi i\u00e7ine \u00e7eker&#8230; <\/p>\n","protected":false},"excerpt":{"rendered":"<p>Billur K\u00f6\u015fk Masallar\u0131&#8217;n\u0131n ilgin\u00e7 ser\u00fcvenine tan\u0131kl\u0131k ediyor Tahir Alangu&#8217;nun bu kitab\u0131. \u0130lgin\u00e7lik, bu kitaptaki masallar\u0131n s\u00f6zl\u00fc gelenekten yaz\u0131l\u0131 ortama ge\u00e7memi\u015f, yaz\u0131l\u0131 ortamdan s\u00f6zl\u00fc gelene\u011fe yans\u0131m\u0131\u015f olmas\u0131nda.<span class=\"excerpt-hellip\"> [\u2026]<\/span><\/p>\n","protected":false},"featured_media":0,"template":"","meta":{"_monsterinsights_skip_tracking":false,"_monsterinsights_sitenote_active":false,"_monsterinsights_sitenote_note":"","_monsterinsights_sitenote_category":0},"product_brand":[],"product_cat":[12274,12523],"product_tag":[],"class_list":{"0":"post-693762","1":"product","2":"type-product","3":"status-publish","5":"product_cat-cocuk-ve-genclik-kitaplari","6":"product_cat-masallar","7":"pa_cilt-ciltsiz","8":"pa_tur-kitap","9":"pa_yayinevi-yapi-kredi-yayinlari","10":"pa_yazar-tahir-alangu","12":"first","13":"instock","14":"sale","15":"shipping-taxable","16":"purchasable","17":"product-type-simple"},"_links":{"self":[{"href":"https:\/\/roveyayinevi.com.tr\/index.php\/wp-json\/wp\/v2\/product\/693762","targetHints":{"allow":["GET"]}}],"collection":[{"href":"https:\/\/roveyayinevi.com.tr\/index.php\/wp-json\/wp\/v2\/product"}],"about":[{"href":"https:\/\/roveyayinevi.com.tr\/index.php\/wp-json\/wp\/v2\/types\/product"}],"wp:attachment":[{"href":"https:\/\/roveyayinevi.com.tr\/index.php\/wp-json\/wp\/v2\/media?parent=693762"}],"wp:term":[{"taxonomy":"product_brand","embeddable":true,"href":"https:\/\/roveyayinevi.com.tr\/index.php\/wp-json\/wp\/v2\/product_brand?post=693762"},{"taxonomy":"product_cat","embeddable":true,"href":"https:\/\/roveyayinevi.com.tr\/index.php\/wp-json\/wp\/v2\/product_cat?post=693762"},{"taxonomy":"product_tag","embeddable":true,"href":"https:\/\/roveyayinevi.com.tr\/index.php\/wp-json\/wp\/v2\/product_tag?post=693762"}],"curies":[{"name":"wp","href":"https:\/\/api.w.org\/{rel}","templated":true}]}}