{"id":693761,"date":"2025-08-27T14:16:25","date_gmt":"2025-08-27T11:16:25","guid":{"rendered":"https:\/\/roveyayinevi.com.tr\/index.php\/urun\/bile-yazdi\/"},"modified":"2026-04-16T02:03:46","modified_gmt":"2026-04-15T23:03:46","slug":"bile-yazdi","status":"publish","type":"product","link":"https:\/\/roveyayinevi.com.tr\/index.php\/urun\/bile-yazdi\/","title":{"rendered":"Bile\/Yazd\u0131"},"content":{"rendered":"<p>Necatigil&#8217;in uzun y\u0131llar\u0131n \u00fcr\u00fcn\u00fc deneyimlerini, edebiyat, \u015fiir ya\u015fam \u00fczerine fikirlerini, ya\u015fananlarla yaz\u0131lanlanlar\u0131n ayr\u0131lamazl\u0131\u011f\u0131n\u0131, bir kez daha, onun g\u00fczel kaleminden okumak isteyenler i\u00e7in. T\u0131pk\u0131 onun da s\u00f6yledi\u011fi gibi: Gen\u00e7 \u015fair Kar\u0131\u015ft\u0131r, oku bu kitab\u0131! Sonra da, i\u015fte zaman silgisi, kur\u015funkalemle yaz\u0131lm\u0131\u015ft\u0131r, akl\u0131ndan sil \u00e7\u0131kar ki, ben i\u015fine kar\u0131\u015fm\u0131\u015f olmayay\u0131m, sen gene bildi\u011fin gibi yaz, bildi\u011fini oku! \ufffcTan\u0131t\u0131m Metni<\/p>\n","protected":false},"excerpt":{"rendered":"<p>Necatigil&#8217;in uzun y\u0131llar\u0131n \u00fcr\u00fcn\u00fc deneyimlerini, edebiyat, \u015fiir ya\u015fam \u00fczerine fikirlerini, ya\u015fananlarla yaz\u0131lanlanlar\u0131n ayr\u0131lamazl\u0131\u011f\u0131n\u0131, bir kez daha, onun g\u00fczel kaleminden okumak isteyenler i\u00e7in. T\u0131pk\u0131 onun da s\u00f6yledi\u011fi<span class=\"excerpt-hellip\"> [\u2026]<\/span><\/p>\n","protected":false},"featured_media":0,"template":"","meta":{"_monsterinsights_skip_tracking":false,"_monsterinsights_sitenote_active":false,"_monsterinsights_sitenote_note":"","_monsterinsights_sitenote_category":0},"product_brand":[],"product_cat":[12291,12610],"product_tag":[],"class_list":{"0":"post-693761","1":"product","2":"type-product","3":"status-publish","5":"product_cat-edebiyat","6":"product_cat-elestiri-inceleme-kuram","7":"pa_cilt-ciltsiz","8":"pa_tur-kitap","9":"pa_yayinevi-yapi-kredi-yayinlari","10":"pa_yazar-behcet-necatigil","12":"first","13":"instock","14":"sale","15":"shipping-taxable","16":"purchasable","17":"product-type-simple"},"_links":{"self":[{"href":"https:\/\/roveyayinevi.com.tr\/index.php\/wp-json\/wp\/v2\/product\/693761","targetHints":{"allow":["GET"]}}],"collection":[{"href":"https:\/\/roveyayinevi.com.tr\/index.php\/wp-json\/wp\/v2\/product"}],"about":[{"href":"https:\/\/roveyayinevi.com.tr\/index.php\/wp-json\/wp\/v2\/types\/product"}],"wp:attachment":[{"href":"https:\/\/roveyayinevi.com.tr\/index.php\/wp-json\/wp\/v2\/media?parent=693761"}],"wp:term":[{"taxonomy":"product_brand","embeddable":true,"href":"https:\/\/roveyayinevi.com.tr\/index.php\/wp-json\/wp\/v2\/product_brand?post=693761"},{"taxonomy":"product_cat","embeddable":true,"href":"https:\/\/roveyayinevi.com.tr\/index.php\/wp-json\/wp\/v2\/product_cat?post=693761"},{"taxonomy":"product_tag","embeddable":true,"href":"https:\/\/roveyayinevi.com.tr\/index.php\/wp-json\/wp\/v2\/product_tag?post=693761"}],"curies":[{"name":"wp","href":"https:\/\/api.w.org\/{rel}","templated":true}]}}