{"id":693760,"date":"2025-08-27T14:16:25","date_gmt":"2025-08-27T11:16:25","guid":{"rendered":"https:\/\/roveyayinevi.com.tr\/index.php\/urun\/bil-bakalim-neden-ciltli\/"},"modified":"2026-04-16T02:03:46","modified_gmt":"2026-04-15T23:03:46","slug":"bil-bakalim-neden-ciltli","status":"publish","type":"product","link":"https:\/\/roveyayinevi.com.tr\/index.php\/urun\/bil-bakalim-neden-ciltli\/","title":{"rendered":"Bil Bakal\u0131m Neden? (Ciltli)"},"content":{"rendered":"<p>Merak \u00e7ocuklar\u0131n hayat\u0131 ve d\u00fcnyay\u0131 \u00f6\u011frenmesinin bir yoludur&#8230; Bu kitapta \u00e7ocuklar\u0131n her zaman sordu\u011fu ancak b\u00fcy\u00fcklerin \u00e7o\u011fu zaman yan\u0131tlayamad\u0131\u011f\u0131 180 sorunun yan\u0131t\u0131 sakl\u0131d\u0131r. Bil Bakal\u0131m Neden?, gerek ustaca ve e\u011flenceli \u00e7izimleri gerekse de dinamik i\u00e7eri\u011fi sayesinde \u00e7ocuklar\u0131n ilgi duyduklar\u0131 konular hakk\u0131nda fikir sahibi olurken ve meraklar\u0131n\u0131 giderirken \u00e7evreleriyle etkile\u015fime girmelerini de sa\u011flayacak, onlar\u0131 \u00f6\u011frendiklerini payla\u015fmaya \u00f6zendirecek. <\/p>\n","protected":false},"excerpt":{"rendered":"<p>Merak \u00e7ocuklar\u0131n hayat\u0131 ve d\u00fcnyay\u0131 \u00f6\u011frenmesinin bir yoludur&#8230; Bu kitapta \u00e7ocuklar\u0131n her zaman sordu\u011fu ancak b\u00fcy\u00fcklerin \u00e7o\u011fu zaman yan\u0131tlayamad\u0131\u011f\u0131 180 sorunun yan\u0131t\u0131 sakl\u0131d\u0131r. Bil Bakal\u0131m Neden?,<span class=\"excerpt-hellip\"> [\u2026]<\/span><\/p>\n","protected":false},"featured_media":0,"template":"","meta":{"_monsterinsights_skip_tracking":false,"_monsterinsights_sitenote_active":false,"_monsterinsights_sitenote_note":"","_monsterinsights_sitenote_category":0},"product_brand":[],"product_cat":[12492,12274],"product_tag":[],"class_list":{"0":"post-693760","1":"product","2":"type-product","3":"status-publish","5":"product_cat-bilmece-bulmaca","6":"product_cat-cocuk-ve-genclik-kitaplari","7":"pa_cilt-ciltli","8":"pa_tur-kitap","9":"pa_yayinevi-yapi-kredi-yayinlari","10":"pa_yazar-kollektif","12":"first","13":"instock","14":"sale","15":"shipping-taxable","16":"purchasable","17":"product-type-simple"},"_links":{"self":[{"href":"https:\/\/roveyayinevi.com.tr\/index.php\/wp-json\/wp\/v2\/product\/693760","targetHints":{"allow":["GET"]}}],"collection":[{"href":"https:\/\/roveyayinevi.com.tr\/index.php\/wp-json\/wp\/v2\/product"}],"about":[{"href":"https:\/\/roveyayinevi.com.tr\/index.php\/wp-json\/wp\/v2\/types\/product"}],"wp:attachment":[{"href":"https:\/\/roveyayinevi.com.tr\/index.php\/wp-json\/wp\/v2\/media?parent=693760"}],"wp:term":[{"taxonomy":"product_brand","embeddable":true,"href":"https:\/\/roveyayinevi.com.tr\/index.php\/wp-json\/wp\/v2\/product_brand?post=693760"},{"taxonomy":"product_cat","embeddable":true,"href":"https:\/\/roveyayinevi.com.tr\/index.php\/wp-json\/wp\/v2\/product_cat?post=693760"},{"taxonomy":"product_tag","embeddable":true,"href":"https:\/\/roveyayinevi.com.tr\/index.php\/wp-json\/wp\/v2\/product_tag?post=693760"}],"curies":[{"name":"wp","href":"https:\/\/api.w.org\/{rel}","templated":true}]}}