{"id":693748,"date":"2025-08-27T14:16:22","date_gmt":"2025-08-27T11:16:22","guid":{"rendered":"https:\/\/roveyayinevi.com.tr\/index.php\/urun\/neseli-keyifli-macera-ve-bilgi-dolu-osmanli-tarihi-7-kitap\/"},"modified":"2026-04-16T02:03:45","modified_gmt":"2026-04-15T23:03:45","slug":"neseli-keyifli-macera-ve-bilgi-dolu-osmanli-tarihi-7-kitap","status":"publish","type":"product","link":"https:\/\/roveyayinevi.com.tr\/index.php\/urun\/neseli-keyifli-macera-ve-bilgi-dolu-osmanli-tarihi-7-kitap\/","title":{"rendered":"Ne\u015feli, Keyifli, Macera ve Bilgi Dolu Osmanl\u0131 Tarihi -7. Kitap"},"content":{"rendered":"<p>Tarih derslerinde s\u0131k\u0131nt\u0131dan kitap defter kenarlar\u0131na \u00e7i\u00e7ek b\u00f6cek resmi \u00e7izenler! Kim kiminle nerede ne zaman sava\u015fm\u0131\u015f? Kim yenmi\u015f kim yenilmi\u015f? Mutlaka \u00f6\u011frenece\u011fim! diye kendini param param paralayanlar! O olaylar \u00e7ok eskiden ya\u015fand\u0131 bitti. Art\u0131k a\u00e7mayal\u0131m o konular\u0131 rica ederim&#8230; diyerek, yan \u00e7izenler ve su koyverenler! Ya da, tarihi ve tarihle ilgili hemen her \u015feyi, b\u00fcy\u00fck bir i\u015ftahla merak edip, bilmek isteyenler! Nihayet arad\u0131\u011f\u0131n\u0131z kitaplar\u0131 buldunuz! \u00c7abuk s\u0131k\u0131lanlar i\u00e7in ne\u015feli, b\u0131k\u0131p usananlar i\u00e7in keyifli, heyecan arayanlar i\u00e7in maceral\u0131, \u00f6\u011frenmek isteyenler ve durmadan merak edenler i\u00e7in de, bilgi dolu Osmanl\u0131 Tarih Dizisi i\u00e7in k\u00fct\u00fcphanenizde yer a\u00e7\u0131n&#8230; \ufffcTan\u0131t\u0131m Metni<\/p>\n","protected":false},"excerpt":{"rendered":"<p>Tarih derslerinde s\u0131k\u0131nt\u0131dan kitap defter kenarlar\u0131na \u00e7i\u00e7ek b\u00f6cek resmi \u00e7izenler! Kim kiminle nerede ne zaman sava\u015fm\u0131\u015f? Kim yenmi\u015f kim yenilmi\u015f? Mutlaka \u00f6\u011frenece\u011fim! diye kendini param param<span class=\"excerpt-hellip\"> [\u2026]<\/span><\/p>\n","protected":false},"featured_media":0,"template":"","meta":{"_monsterinsights_skip_tracking":false,"_monsterinsights_sitenote_active":false,"_monsterinsights_sitenote_note":"","_monsterinsights_sitenote_category":0},"product_brand":[],"product_cat":[12492,12274],"product_tag":[],"class_list":{"0":"post-693748","1":"product","2":"type-product","3":"status-publish","5":"product_cat-bilmece-bulmaca","6":"product_cat-cocuk-ve-genclik-kitaplari","7":"pa_cilt-ciltsiz","8":"pa_tur-kitap","9":"pa_yayinevi-ugurbocegi-yayinlari","10":"pa_yazar-zehra-ayduz","12":"first","13":"instock","14":"sale","15":"shipping-taxable","16":"purchasable","17":"product-type-simple"},"_links":{"self":[{"href":"https:\/\/roveyayinevi.com.tr\/index.php\/wp-json\/wp\/v2\/product\/693748","targetHints":{"allow":["GET"]}}],"collection":[{"href":"https:\/\/roveyayinevi.com.tr\/index.php\/wp-json\/wp\/v2\/product"}],"about":[{"href":"https:\/\/roveyayinevi.com.tr\/index.php\/wp-json\/wp\/v2\/types\/product"}],"wp:attachment":[{"href":"https:\/\/roveyayinevi.com.tr\/index.php\/wp-json\/wp\/v2\/media?parent=693748"}],"wp:term":[{"taxonomy":"product_brand","embeddable":true,"href":"https:\/\/roveyayinevi.com.tr\/index.php\/wp-json\/wp\/v2\/product_brand?post=693748"},{"taxonomy":"product_cat","embeddable":true,"href":"https:\/\/roveyayinevi.com.tr\/index.php\/wp-json\/wp\/v2\/product_cat?post=693748"},{"taxonomy":"product_tag","embeddable":true,"href":"https:\/\/roveyayinevi.com.tr\/index.php\/wp-json\/wp\/v2\/product_tag?post=693748"}],"curies":[{"name":"wp","href":"https:\/\/api.w.org\/{rel}","templated":true}]}}