{"id":693747,"date":"2025-08-27T14:16:22","date_gmt":"2025-08-27T11:16:22","guid":{"rendered":"https:\/\/roveyayinevi.com.tr\/index.php\/urun\/zor-cocuk-yoktur\/"},"modified":"2026-04-16T02:03:45","modified_gmt":"2026-04-15T23:03:45","slug":"zor-cocuk-yoktur","status":"publish","type":"product","link":"https:\/\/roveyayinevi.com.tr\/index.php\/urun\/zor-cocuk-yoktur\/","title":{"rendered":"Zor \u00c7ocuk Yoktur"},"content":{"rendered":"<p>\u00c7ocuklar\u0131m\u0131z bizim i\u00e7in \u00e7ok \u00f6nemlidir. Onlar\u0131n herhangi bir \u015feyden mahrum olmas\u0131n\u0131, hayatlar\u0131nda zorluk ya\u015famalar\u0131n\u0131, hatta &#8220;ayaklar\u0131n\u0131n ta\u015fa de\u011fmesini&#8221; bile istemeyiz. Bizim ya\u015fad\u0131\u011f\u0131m\u0131z s\u0131k\u0131nt\u0131lar\u0131 ya\u015famas\u0131n, bizim mahrum kald\u0131\u011f\u0131m\u0131z her \u015feye rahat\u00e7a ula\u015fabilsinler isteriz. Ancak b\u00fct\u00fcn bunlar\u0131 yaparken, onlar\u0131n yeti\u015ftirilmesi konusunda zaman zaman \u00f6l\u00e7\u00fcy\u00fc ka\u00e7\u0131rd\u0131\u011f\u0131m\u0131z noktalar olur. Asl\u0131nda \u00e7ocuklar\u0131m\u0131z\u0131n edindikleri \u00e7e\u015fitli olumsuz davran\u0131\u015flar\u0131n temelinde, yanl\u0131\u015f uygulanan e\u011fitim y\u00f6ntemleri veya onlarla hatal\u0131 bi\u00e7imde kurulan ebeveyn-\u00e7ocuk ili\u015fkisini yatmaktad\u0131r. Prof. Dr. H\u00fcseyin Peker, \u00e7ocu\u011fun do\u011fdu\u011fu zamandan itibaren aileyle kurdu\u011fu ba\u011f, a\u015f\u0131r\u0131 ho\u015fg\u00f6r\u00fcl\u00fc veya a\u015f\u0131r\u0131 koruyucu tutum, \u00f6d\u00fcl ve cezada \u00f6l\u00e7\u00fc, \u00e7ocuklar aras\u0131nda ayr\u0131m yapma, \u00e7ocu\u011fun ki\u015fili\u011fini olumlu y\u00f6nde geli\u015fmeye te\u015fvik etme, ona haram ve helal inanc\u0131n\u0131 kazand\u0131rma gibi bir\u00e7ok konuda somut ve doyurucu cevaplar veriyor. K\u0131sacas\u0131 bu rehber kitap, \u00e7ocuklarda g\u00f6r\u00fclen olumsuz davran\u0131\u015flar\u0131n pozitif disiplin y\u00f6ntemleriyle nas\u0131l \u00f6nlenebilece\u011fini anlat\u0131yor. Anne babalar \u201czor ebeveyn\u201d olmad\u0131k\u00e7a, \u201czor \u00e7ocuk\u201d da yoktur! \u00c7ocuk e\u011fitiminin \u201cd\u00fcnyan\u0131n en zor i\u015fi\u201d oldu\u011funu d\u00fc\u015f\u00fcnen ebeveynlere ithafen: Zor \u00c7ocuk Yoktur. <\/p>\n","protected":false},"excerpt":{"rendered":"<p>\u00c7ocuklar\u0131m\u0131z bizim i\u00e7in \u00e7ok \u00f6nemlidir. Onlar\u0131n herhangi bir \u015feyden mahrum olmas\u0131n\u0131, hayatlar\u0131nda zorluk ya\u015famalar\u0131n\u0131, hatta &#8220;ayaklar\u0131n\u0131n ta\u015fa de\u011fmesini&#8221; bile istemeyiz. Bizim ya\u015fad\u0131\u011f\u0131m\u0131z s\u0131k\u0131nt\u0131lar\u0131 ya\u015famas\u0131n, bizim mahrum<span class=\"excerpt-hellip\"> [\u2026]<\/span><\/p>\n","protected":false},"featured_media":0,"template":"","meta":{"_monsterinsights_skip_tracking":false,"_monsterinsights_sitenote_active":false,"_monsterinsights_sitenote_note":"","_monsterinsights_sitenote_category":0},"product_brand":[],"product_cat":[12364],"product_tag":[],"class_list":{"0":"post-693747","1":"product","2":"type-product","3":"status-publish","5":"product_cat-genel-konular","6":"pa_cilt-ciltsiz","7":"pa_tur-kitap","8":"pa_yayinevi-timas-yayinlari","9":"pa_yazar-huseyin-peker","11":"first","12":"instock","13":"sale","14":"shipping-taxable","15":"purchasable","16":"product-type-simple"},"_links":{"self":[{"href":"https:\/\/roveyayinevi.com.tr\/index.php\/wp-json\/wp\/v2\/product\/693747","targetHints":{"allow":["GET"]}}],"collection":[{"href":"https:\/\/roveyayinevi.com.tr\/index.php\/wp-json\/wp\/v2\/product"}],"about":[{"href":"https:\/\/roveyayinevi.com.tr\/index.php\/wp-json\/wp\/v2\/types\/product"}],"wp:attachment":[{"href":"https:\/\/roveyayinevi.com.tr\/index.php\/wp-json\/wp\/v2\/media?parent=693747"}],"wp:term":[{"taxonomy":"product_brand","embeddable":true,"href":"https:\/\/roveyayinevi.com.tr\/index.php\/wp-json\/wp\/v2\/product_brand?post=693747"},{"taxonomy":"product_cat","embeddable":true,"href":"https:\/\/roveyayinevi.com.tr\/index.php\/wp-json\/wp\/v2\/product_cat?post=693747"},{"taxonomy":"product_tag","embeddable":true,"href":"https:\/\/roveyayinevi.com.tr\/index.php\/wp-json\/wp\/v2\/product_tag?post=693747"}],"curies":[{"name":"wp","href":"https:\/\/api.w.org\/{rel}","templated":true}]}}