{"id":693746,"date":"2025-08-27T14:16:22","date_gmt":"2025-08-27T11:16:22","guid":{"rendered":"https:\/\/roveyayinevi.com.tr\/index.php\/urun\/eglenceli-bilgi-zeka-spor\/"},"modified":"2026-04-16T02:03:45","modified_gmt":"2026-04-15T23:03:45","slug":"eglenceli-bilgi-zeka-spor","status":"publish","type":"product","link":"https:\/\/roveyayinevi.com.tr\/index.php\/urun\/eglenceli-bilgi-zeka-spor\/","title":{"rendered":"E\u011flenceli Bilgi : Zeka Spor"},"content":{"rendered":"<p>Nas\u0131l ki bir v\u00fccut kas\u0131n\u0131 geli\u015ftirmek i\u00e7in o kas\u0131 zorlamak ve dayanma g\u00fcc\u00fcn\u00fcn s\u0131n\u0131rlar\u0131n\u0131 a\u015fmaya \u00e7al\u0131\u015fmak gerekiyorsa, beyin i\u00e7in de ayn\u0131 \u015fey ge\u00e7erlidir. Zeka problemleri ile u\u011fra\u015fmak, beyin h\u00fccrelerini zorlayan en e\u011flenceli yoldur. Sa\u011fl\u0131kl\u0131 bir v\u00fccut i\u00e7in spor \u015fartt\u0131r. Beynimiz ise bilmecelerle spor yapar. Siz de ZekaSPOR\u2018la beyninize spor yapt\u0131rmay\u0131 deneyin. Baz\u0131lar\u0131 sadece dikkat gerektiren, baz\u0131lar\u0131 sizi g\u00fcnlerce d\u00fc\u015f\u00fcnd\u00fcrecek, ama mutlaka \u00e7\u00f6z\u00fcm\u00fc olan sorulardan olu\u015fan ZekaSPOR, bilgiyi e\u011flenceli hale getirmenin en kolay yolu&#8230; **200 ayr\u0131 soru ve cevab\u0131 resimli olatak anlat\u0131l\u0131yor. Ayr\u0131ca pek \u00e7ok soru ile birlikte ipucu da verilmi\u015f&#8230; <\/p>\n","protected":false},"excerpt":{"rendered":"<p>Nas\u0131l ki bir v\u00fccut kas\u0131n\u0131 geli\u015ftirmek i\u00e7in o kas\u0131 zorlamak ve dayanma g\u00fcc\u00fcn\u00fcn s\u0131n\u0131rlar\u0131n\u0131 a\u015fmaya \u00e7al\u0131\u015fmak gerekiyorsa, beyin i\u00e7in de ayn\u0131 \u015fey ge\u00e7erlidir. Zeka problemleri ile<span class=\"excerpt-hellip\"> [\u2026]<\/span><\/p>\n","protected":false},"featured_media":0,"template":"","meta":{"_monsterinsights_skip_tracking":false,"_monsterinsights_sitenote_active":false,"_monsterinsights_sitenote_note":"","_monsterinsights_sitenote_category":0},"product_brand":[],"product_cat":[12274,12649],"product_tag":[],"class_list":{"0":"post-693746","1":"product","2":"type-product","3":"status-publish","5":"product_cat-cocuk-ve-genclik-kitaplari","6":"product_cat-hobi-muzik","7":"pa_tur-kitap","8":"pa_yayinevi-timas-yayinlari","9":"pa_yazar-serhan-buyukkececi","11":"first","12":"instock","13":"sale","14":"shipping-taxable","15":"purchasable","16":"product-type-simple"},"_links":{"self":[{"href":"https:\/\/roveyayinevi.com.tr\/index.php\/wp-json\/wp\/v2\/product\/693746","targetHints":{"allow":["GET"]}}],"collection":[{"href":"https:\/\/roveyayinevi.com.tr\/index.php\/wp-json\/wp\/v2\/product"}],"about":[{"href":"https:\/\/roveyayinevi.com.tr\/index.php\/wp-json\/wp\/v2\/types\/product"}],"wp:attachment":[{"href":"https:\/\/roveyayinevi.com.tr\/index.php\/wp-json\/wp\/v2\/media?parent=693746"}],"wp:term":[{"taxonomy":"product_brand","embeddable":true,"href":"https:\/\/roveyayinevi.com.tr\/index.php\/wp-json\/wp\/v2\/product_brand?post=693746"},{"taxonomy":"product_cat","embeddable":true,"href":"https:\/\/roveyayinevi.com.tr\/index.php\/wp-json\/wp\/v2\/product_cat?post=693746"},{"taxonomy":"product_tag","embeddable":true,"href":"https:\/\/roveyayinevi.com.tr\/index.php\/wp-json\/wp\/v2\/product_tag?post=693746"}],"curies":[{"name":"wp","href":"https:\/\/api.w.org\/{rel}","templated":true}]}}