{"id":693740,"date":"2025-08-27T14:16:21","date_gmt":"2025-08-27T11:16:21","guid":{"rendered":"https:\/\/roveyayinevi.com.tr\/index.php\/urun\/mine-ogrenci-evinde\/"},"modified":"2026-04-16T02:03:45","modified_gmt":"2026-04-15T23:03:45","slug":"mine-ogrenci-evinde","status":"publish","type":"product","link":"https:\/\/roveyayinevi.com.tr\/index.php\/urun\/mine-ogrenci-evinde\/","title":{"rendered":"Mine \u00d6\u011frenci Evinde"},"content":{"rendered":"<p>Ya\u015fas\u0131n televizyon kumandas\u0131! Ya\u015fas\u0131n \u00f6zg\u00fcrl\u00fck!  Acaba ger\u00e7ekten \u00f6yle mi? Mine, yani Mavi Menek\u015fe K\u0131z Yurdu\u2019nun Et\u00fct G\u00fczeli, Sulu G\u00f6z\u2019\u00fc, Ayrani\u00e7\u2019i ya da \u00d6zg\u00fcr K\u0131z\u2019\u0131 \u00f6\u011frenci evine \u00e7\u0131kmaya karar verirse neler olur? Tabii ki keyifli, e\u011flenceli, bol \u015famatal\u0131 ve duygu dolu anlar ya\u015fan\u0131r&#8230; Mine\u2019nin ikinci y\u0131l\u0131ndaki maceralar\u0131n\u0131 okurken kendini onun yan\u0131nda hissedeceksin. <\/p>\n","protected":false},"excerpt":{"rendered":"<p>Ya\u015fas\u0131n televizyon kumandas\u0131! Ya\u015fas\u0131n \u00f6zg\u00fcrl\u00fck! Acaba ger\u00e7ekten \u00f6yle mi? Mine, yani Mavi Menek\u015fe K\u0131z Yurdu\u2019nun Et\u00fct G\u00fczeli, Sulu G\u00f6z\u2019\u00fc, Ayrani\u00e7\u2019i ya da \u00d6zg\u00fcr K\u0131z\u2019\u0131 \u00f6\u011frenci evine<span class=\"excerpt-hellip\"> [\u2026]<\/span><\/p>\n","protected":false},"featured_media":0,"template":"","meta":{"_monsterinsights_skip_tracking":false,"_monsterinsights_sitenote_active":false,"_monsterinsights_sitenote_note":"","_monsterinsights_sitenote_category":0},"product_brand":[],"product_cat":[12291,12711],"product_tag":[],"class_list":{"0":"post-693740","1":"product","2":"type-product","3":"status-publish","5":"product_cat-edebiyat","6":"product_cat-roman-oyku","7":"pa_tur-kitap","8":"pa_yayinevi-timas-yayinlari","9":"pa_yazar-fatma-peksen","11":"first","12":"instock","13":"sale","14":"shipping-taxable","15":"purchasable","16":"product-type-simple"},"_links":{"self":[{"href":"https:\/\/roveyayinevi.com.tr\/index.php\/wp-json\/wp\/v2\/product\/693740","targetHints":{"allow":["GET"]}}],"collection":[{"href":"https:\/\/roveyayinevi.com.tr\/index.php\/wp-json\/wp\/v2\/product"}],"about":[{"href":"https:\/\/roveyayinevi.com.tr\/index.php\/wp-json\/wp\/v2\/types\/product"}],"wp:attachment":[{"href":"https:\/\/roveyayinevi.com.tr\/index.php\/wp-json\/wp\/v2\/media?parent=693740"}],"wp:term":[{"taxonomy":"product_brand","embeddable":true,"href":"https:\/\/roveyayinevi.com.tr\/index.php\/wp-json\/wp\/v2\/product_brand?post=693740"},{"taxonomy":"product_cat","embeddable":true,"href":"https:\/\/roveyayinevi.com.tr\/index.php\/wp-json\/wp\/v2\/product_cat?post=693740"},{"taxonomy":"product_tag","embeddable":true,"href":"https:\/\/roveyayinevi.com.tr\/index.php\/wp-json\/wp\/v2\/product_tag?post=693740"}],"curies":[{"name":"wp","href":"https:\/\/api.w.org\/{rel}","templated":true}]}}