{"id":693739,"date":"2025-08-27T14:16:20","date_gmt":"2025-08-27T11:16:20","guid":{"rendered":"https:\/\/roveyayinevi.com.tr\/index.php\/urun\/muminlerin-annesi-hz-fatima\/"},"modified":"2026-04-16T02:03:45","modified_gmt":"2026-04-15T23:03:45","slug":"muminlerin-annesi-hz-fatima","status":"publish","type":"product","link":"https:\/\/roveyayinevi.com.tr\/index.php\/urun\/muminlerin-annesi-hz-fatima\/","title":{"rendered":"M\u00fcminlerin Annesi Hz. Fat\u0131ma"},"content":{"rendered":"<p>\u2018Bin bir \u00e7ileden sonra m\u00fcbarek neslin annesi makam\u0131na y\u00fckselmenin hik\u00e2yesidir Hazreti Fat\u0131ma. \u00c7a\u011flar\u0131 iman, itfan, hikmetle ayd\u0131nlatan ve muhabbetle ya\u015fan\u0131r k\u0131lan m\u00fcbarek neslin annesidir. Bizim annemizdir. Efendimizin (sav) y\u00fcre\u011finden ve nurundan bir par\u00e7ad\u0131r. \u0130man ve sab\u0131rd\u0131r. Tevekk\u00fcl, kanaat ve iktisatt\u0131r. \u0130ffet, hikmet ve muhabbettir. Fat\u0131ma; Hayaline ve g\u00f6z\u00fcne hi\u00e7bir g\u00fcnah\u0131n de\u011fmedi\u011fi kad\u0131nd\u0131r.\u2018\u2018 Salih Suru\u00e7, yal\u0131n ve kendine has \u00fcslubuyla kaleme ald\u0131\u011f\u0131 \u2018M\u00fcminlerin Annesi Hz. Fat\u0131ma\u2018 adl\u0131 yeni kitab\u0131nda ba\u015fta kad\u0131nlara ve b\u00fct\u00fcn m\u00fcsl\u00fcmanlara \u00f6rnek bir kad\u0131n, evlat ve e\u015f profili olan, \u2018\u00c7ocuklar d\u00fcnyan\u0131n s\u00fcs\u00fcd\u00fcr\u2018 diyen bir baban\u0131n yavrusu, Kainat\u0131n Efendisi\u2018nin \u2018ci\u011ferparem\u2018 dedi\u011fi Hz. Fat\u0131ma\u2018y\u0131 anlat\u0131yor. O\u2018nun gibi olabilmeye, onu anlayabilmeye talip olmu\u015f herkesin ziyadesiyle istifade edece\u011fi bu kitap defalarca okunmay\u0131 hak ediyor. Sevgili Efendimize sordular: \u2018Ey Allah\u2018\u0131n Resul\u00fc, bize d\u00fcnyada ne tavsiye edersin ?\u2018 \u2018\u00dc\u00e7 \u015feyi tavsiye ederim\u2018 buyurdu. \u2018Allah\u2018\u0131 seven bir g\u00f6n\u00fcl, Allah\u2018\u0131 anan bir dil, ki\u015finin iman hayat\u0131na yard\u0131mc\u0131 olan saliha bir han\u0131m.\u2018 Merak ettiler. \u2018Saliha Han\u0131m nas\u0131l olur Ey Allah\u2018\u0131n Resul\u00fc ?\u2018 \u2018Y\u00fcz\u00fcne bakarsan seni sevindirir, emredersen itaat eder, kocas\u0131n\u0131n yoklu\u011funda mal\u0131n\u0131 ve iffetini korur.\u2018 buyurdu. Seni tarif etmi\u015fti Sevgili Efendimiz. G\u00f6nl\u00fcnde Allah Sevgisi, dilinde O\u2018nun ad\u0131 vard\u0131 hep. Melekler bile senden hay\u00e2 ederdi. Sen saliha han\u0131md\u0131n ey Fat\u0131ma! Sen Cennettin. Sen \u2018Cennet kad\u0131nlar\u0131n\u0131n seyyidesi!\u2018 Makam\u0131n m\u00fcbarek olsun. \ufffcTan\u0131t\u0131m Metni<\/p>\n","protected":false},"excerpt":{"rendered":"<p>\u2018Bin bir \u00e7ileden sonra m\u00fcbarek neslin annesi makam\u0131na y\u00fckselmenin hik\u00e2yesidir Hazreti Fat\u0131ma. \u00c7a\u011flar\u0131 iman, itfan, hikmetle ayd\u0131nlatan ve muhabbetle ya\u015fan\u0131r k\u0131lan m\u00fcbarek neslin annesidir. Bizim annemizdir.<span class=\"excerpt-hellip\"> [\u2026]<\/span><\/p>\n","protected":false},"featured_media":0,"template":"","meta":{"_monsterinsights_skip_tracking":false,"_monsterinsights_sitenote_active":false,"_monsterinsights_sitenote_note":"","_monsterinsights_sitenote_category":0},"product_brand":[],"product_cat":[18094,12718,12719],"product_tag":[],"class_list":{"0":"post-693739","1":"product","2":"type-product","3":"status-publish","5":"product_cat-biyografi-otobiyografi-islam","6":"product_cat-din","7":"product_cat-islam","8":"pa_cilt-ciltsiz","9":"pa_tur-kitap","10":"pa_yayinevi-timas-yayinlari","11":"pa_yazar-salih-suruc","13":"first","14":"instock","15":"sale","16":"shipping-taxable","17":"purchasable","18":"product-type-simple"},"_links":{"self":[{"href":"https:\/\/roveyayinevi.com.tr\/index.php\/wp-json\/wp\/v2\/product\/693739","targetHints":{"allow":["GET"]}}],"collection":[{"href":"https:\/\/roveyayinevi.com.tr\/index.php\/wp-json\/wp\/v2\/product"}],"about":[{"href":"https:\/\/roveyayinevi.com.tr\/index.php\/wp-json\/wp\/v2\/types\/product"}],"wp:attachment":[{"href":"https:\/\/roveyayinevi.com.tr\/index.php\/wp-json\/wp\/v2\/media?parent=693739"}],"wp:term":[{"taxonomy":"product_brand","embeddable":true,"href":"https:\/\/roveyayinevi.com.tr\/index.php\/wp-json\/wp\/v2\/product_brand?post=693739"},{"taxonomy":"product_cat","embeddable":true,"href":"https:\/\/roveyayinevi.com.tr\/index.php\/wp-json\/wp\/v2\/product_cat?post=693739"},{"taxonomy":"product_tag","embeddable":true,"href":"https:\/\/roveyayinevi.com.tr\/index.php\/wp-json\/wp\/v2\/product_tag?post=693739"}],"curies":[{"name":"wp","href":"https:\/\/api.w.org\/{rel}","templated":true}]}}