{"id":693738,"date":"2025-08-27T14:16:20","date_gmt":"2025-08-27T11:16:20","guid":{"rendered":"https:\/\/roveyayinevi.com.tr\/index.php\/urun\/mukemmeliyetci-kisilik\/"},"modified":"2026-04-16T02:03:45","modified_gmt":"2026-04-15T23:03:45","slug":"mukemmeliyetci-kisilik","status":"publish","type":"product","link":"https:\/\/roveyayinevi.com.tr\/index.php\/urun\/mukemmeliyetci-kisilik\/","title":{"rendered":"M\u00fckemmeliyet\u00e7i Ki\u015filik"},"content":{"rendered":"<p>Uzman Psikolog Zehra Erol\u2019dan, s\u00fcrekli \u201cher \u015feyin en iyisini yapmal\u0131s\u0131n\u201d, \u201csen en iyi olmal\u0131s\u0131n\u201d mesaj\u0131na maruz kalan modern \u00e7a\u011f insan\u0131n\u0131n kusursuzluk \u00e7abas\u0131n\u0131 anlatan bir kitap. Yazar, m\u00fckemmeliyet\u00e7ili\u011fin nedenlerini, m\u00fckemmeliyet\u00e7ilik-yetersizlik ili\u015fkisini, bu duyguya zemin haz\u0131rlayan ki\u015filik \u00f6zellikleri ve anne baba tutumlar\u0131n\u0131, daima \u201cm\u00fckemmel\u201d olma \u00e7abas\u0131n\u0131 ve m\u00fckemmeliyet\u00e7i ki\u015filerle ya\u015faman\u0131n zorluklar\u0131n\u0131 vaka \u00f6rnekleriyle ele al\u0131yor. A\u015f\u0131r\u0131ya varm\u0131\u015f m\u00fckemmeliyet\u00e7ili\u011fi \u201coptimal d\u00fczeye\u201d \u00e7ekme \u00f6nerileriyle desteklenen kitap, bir t\u00fcrl\u00fc yakam\u0131z\u0131 b\u0131rakmayan \u201cm\u00fckemmel olma\u201d \u00e7abas\u0131n\u0131 yeniden g\u00f6zden ge\u00e7irmemizi sa\u011fl\u0131yor. \u201cHayat\u0131 boyunca kusursuzlu\u011fu ararken kendini unutan \u00e7ok say\u0131da dan\u0131\u015fan\u0131m oldu. Zaman\u0131n\u0131 bu u\u011furda harcayan ama t\u00fckenenin kendi ya\u015fam\u0131 oldu\u011funun fark\u0131na varmayan, bu aray\u0131\u015f i\u00e7inde sevdi\u011fi ki\u015fileri hatta kendini kaybeden&#8230; M\u00fckemmeliyet\u00e7i oldu\u011funu d\u00fc\u015f\u00fcn\u00fcp bu etiketlemeyle kendi geli\u015fimini s\u0131n\u0131rlayanlar\u0131 da \u00e7ok g\u00f6rd\u00fcm\u2026 M\u00fckemmeliyet\u00e7ilik, hepimizin bildi\u011fi, bazen eksik bazen yanl\u0131\u015f da olsa s\u0131kl\u0131kla kulland\u0131\u011f\u0131m\u0131z bir kavram. Bu \u00f6zelliklere sahip ki\u015filerin kendilerini tan\u0131malar\u0131, onlar i\u00e7in geli\u015ftirici ve koruyucu olacakt\u0131r.\u201d <\/p>\n","protected":false},"excerpt":{"rendered":"<p>Uzman Psikolog Zehra Erol\u2019dan, s\u00fcrekli \u201cher \u015feyin en iyisini yapmal\u0131s\u0131n\u201d, \u201csen en iyi olmal\u0131s\u0131n\u201d mesaj\u0131na maruz kalan modern \u00e7a\u011f insan\u0131n\u0131n kusursuzluk \u00e7abas\u0131n\u0131 anlatan bir kitap. Yazar,<span class=\"excerpt-hellip\"> [\u2026]<\/span><\/p>\n","protected":false},"featured_media":0,"template":"","meta":{"_monsterinsights_skip_tracking":false,"_monsterinsights_sitenote_active":false,"_monsterinsights_sitenote_note":"","_monsterinsights_sitenote_category":0},"product_brand":[],"product_cat":[12364,12376],"product_tag":[],"class_list":{"0":"post-693738","1":"product","2":"type-product","3":"status-publish","5":"product_cat-genel-konular","6":"product_cat-kisisel-gelisim","7":"pa_cilt-ciltsiz","8":"pa_tur-kitap","9":"pa_yayinevi-timas-yayinlari","10":"pa_yazar-zehra-erol","12":"first","13":"instock","14":"sale","15":"shipping-taxable","16":"purchasable","17":"product-type-simple"},"_links":{"self":[{"href":"https:\/\/roveyayinevi.com.tr\/index.php\/wp-json\/wp\/v2\/product\/693738","targetHints":{"allow":["GET"]}}],"collection":[{"href":"https:\/\/roveyayinevi.com.tr\/index.php\/wp-json\/wp\/v2\/product"}],"about":[{"href":"https:\/\/roveyayinevi.com.tr\/index.php\/wp-json\/wp\/v2\/types\/product"}],"wp:attachment":[{"href":"https:\/\/roveyayinevi.com.tr\/index.php\/wp-json\/wp\/v2\/media?parent=693738"}],"wp:term":[{"taxonomy":"product_brand","embeddable":true,"href":"https:\/\/roveyayinevi.com.tr\/index.php\/wp-json\/wp\/v2\/product_brand?post=693738"},{"taxonomy":"product_cat","embeddable":true,"href":"https:\/\/roveyayinevi.com.tr\/index.php\/wp-json\/wp\/v2\/product_cat?post=693738"},{"taxonomy":"product_tag","embeddable":true,"href":"https:\/\/roveyayinevi.com.tr\/index.php\/wp-json\/wp\/v2\/product_tag?post=693738"}],"curies":[{"name":"wp","href":"https:\/\/api.w.org\/{rel}","templated":true}]}}