{"id":693737,"date":"2025-08-27T14:16:20","date_gmt":"2025-08-27T11:16:20","guid":{"rendered":"https:\/\/roveyayinevi.com.tr\/index.php\/urun\/milli-sairimiz-mehmet-akif\/"},"modified":"2026-04-16T02:03:45","modified_gmt":"2026-04-15T23:03:45","slug":"milli-sairimiz-mehmet-akif","status":"publish","type":"product","link":"https:\/\/roveyayinevi.com.tr\/index.php\/urun\/milli-sairimiz-mehmet-akif\/","title":{"rendered":"Milli \u015eairimiz Mehmet Akif"},"content":{"rendered":"<p>E\u011flenceli Bilgi\u2019nin sevilen dizisi E\u011flenceli Tarih sizi bu kez Milli \u015eairimiz Mehmet Akif Ersoy\u2019un hayranl\u0131k uyand\u0131racak hayat hik\u00e2yesine g\u00f6t\u00fcr\u00fcyor. \u00c7o\u011fu ki\u015fi Mehmet Akif Ersoy\u2019u sadece \u0130stiklal Mar\u015f\u0131\u2019n\u0131n \u015fairi olarak bilir. Evet, gururla s\u00f6yledi\u011fimiz, ba\u011f\u0131ms\u0131zl\u0131\u011f\u0131m\u0131z\u0131n sembol\u00fc \u0130stiklal Mar\u015f\u0131m\u0131z\u0131n \u015fairidir. Peki, bu kadar m\u0131? &#8211; Oysa o bir \u015fair oldu\u011fu kadar \u00f6nemli bir d\u00fc\u015f\u00fcn\u00fcrd\u00fcr. &#8211; Kurtulu\u015f Sava\u015f\u0131\u2019nda konu\u015fmalar\u0131 ile binlerce insan\u0131 Mill\u00ee M\u00fccadele\u2019ye katk\u0131 sa\u011flamaya \u00e7a\u011f\u0131ran, hatta cephede askerlerimize konu\u015fmalar\u0131 ile moral veren \u00e7ok iyi bir hatip yani konu\u015fmac\u0131d\u0131r. &#8211; Bo\u011faz\u0131 kar\u015f\u0131dan kar\u015f\u0131ya ge\u00e7ebilecek kadar profesyonel bir y\u00fcz\u00fcc\u00fcd\u00fcr. &#8211; Tarihimizin en \u00f6nemli g\u00fcre\u015f\u00e7ilerinden olan Adal\u0131 Halil\u2019in huzurunda bile g\u00fcre\u015fmi\u015f, g\u00fcre\u015fe g\u00f6n\u00fcl vermi\u015f bir sporcudur. &#8211; Okulunu birincilikle bitirip g\u00f6reve ba\u015flayan ve mesle\u011fini en iyi \u015fekilde yapan bir veterinerdir. &#8211; Durun, daha bitmedi. Mehmet Akif ayn\u0131 zamanda \u00f6\u011frencilerinin hayran oldu\u011fu ba\u015far\u0131l\u0131 bir \u00f6\u011fretmendir. &#8211; Ve&#8230; \u0130lk TBMM\u2019de g\u00f6rev alm\u0131\u015f, Kurtulu\u015f Sava\u015f\u0131\u2019nda \u00f6nemli i\u015fler yapm\u0131\u015f bir milletvekilidir. On parma\u011f\u0131nda on marifet olan bu \u00e7ok \u00f6zel insanla ilgili \u00f6\u011freneceklerimiz sadece bu kadar m\u0131, elbette hay\u0131r! Bu kitapta ayr\u0131ca; &#8211; Ailesinin asl\u0131nda ona Akif ismini vermedi\u011fini \u00f6\u011frenecek, &#8211; \u00c7ocuk ya\u015fta \u00e7\u0131kt\u0131\u011f\u0131 maceral\u0131 yolculuklara tan\u0131k olacak, &#8211; Mehmet Akif\u2019in hayat\u0131n\u0131 de\u011fi\u015ftiren olaylar\u0131 b\u00fcy\u00fck merakla okuyacak, &#8211; \u015eairlik s\u0131rlar\u0131n\u0131 ve \u015fiir yazma stillerini \u00f6rnek alacak, &#8211; \u0130stiklal Mar\u015f\u0131\u2019n\u0131n yaz\u0131lma s\u00fcrecini ve nas\u0131l kabul edildi\u011fini \u00f6\u011frenecek, ona bir kez daha hayran olacaks\u0131n\u0131z! Evet, E\u011flenceli Tarih olarak bu kitab\u0131m\u0131zda mill\u00ee \u015fairimizi size en e\u011flenceli \u015fekilde anlatmak i\u00e7in g\u00f6rev ba\u015f\u0131nday\u0131z. Haydi, seni de bekliyoruz&#8230;<\/p>\n","protected":false},"excerpt":{"rendered":"<p>E\u011flenceli Bilgi\u2019nin sevilen dizisi E\u011flenceli Tarih sizi bu kez Milli \u015eairimiz Mehmet Akif Ersoy\u2019un hayranl\u0131k uyand\u0131racak hayat hik\u00e2yesine g\u00f6t\u00fcr\u00fcyor. \u00c7o\u011fu ki\u015fi Mehmet Akif Ersoy\u2019u sadece \u0130stiklal<span class=\"excerpt-hellip\"> [\u2026]<\/span><\/p>\n","protected":false},"featured_media":0,"template":"","meta":{"_monsterinsights_skip_tracking":false,"_monsterinsights_sitenote_active":false,"_monsterinsights_sitenote_note":"","_monsterinsights_sitenote_category":0},"product_brand":[],"product_cat":[12492,12274],"product_tag":[],"class_list":{"0":"post-693737","1":"product","2":"type-product","3":"status-publish","5":"product_cat-bilmece-bulmaca","6":"product_cat-cocuk-ve-genclik-kitaplari","7":"pa_cilt-ciltsiz","8":"pa_tur-kitap","9":"pa_yayinevi-eglenceli-bilgi-yayinlari","10":"pa_yazar-metin-ozdamarlar","12":"first","13":"instock","14":"sale","15":"shipping-taxable","16":"purchasable","17":"product-type-simple"},"_links":{"self":[{"href":"https:\/\/roveyayinevi.com.tr\/index.php\/wp-json\/wp\/v2\/product\/693737","targetHints":{"allow":["GET"]}}],"collection":[{"href":"https:\/\/roveyayinevi.com.tr\/index.php\/wp-json\/wp\/v2\/product"}],"about":[{"href":"https:\/\/roveyayinevi.com.tr\/index.php\/wp-json\/wp\/v2\/types\/product"}],"wp:attachment":[{"href":"https:\/\/roveyayinevi.com.tr\/index.php\/wp-json\/wp\/v2\/media?parent=693737"}],"wp:term":[{"taxonomy":"product_brand","embeddable":true,"href":"https:\/\/roveyayinevi.com.tr\/index.php\/wp-json\/wp\/v2\/product_brand?post=693737"},{"taxonomy":"product_cat","embeddable":true,"href":"https:\/\/roveyayinevi.com.tr\/index.php\/wp-json\/wp\/v2\/product_cat?post=693737"},{"taxonomy":"product_tag","embeddable":true,"href":"https:\/\/roveyayinevi.com.tr\/index.php\/wp-json\/wp\/v2\/product_tag?post=693737"}],"curies":[{"name":"wp","href":"https:\/\/api.w.org\/{rel}","templated":true}]}}