{"id":693734,"date":"2025-08-27T14:16:19","date_gmt":"2025-08-27T11:16:19","guid":{"rendered":"https:\/\/roveyayinevi.com.tr\/index.php\/urun\/minyeli-abdullah\/"},"modified":"2026-04-16T02:03:45","modified_gmt":"2026-04-15T23:03:45","slug":"minyeli-abdullah","status":"publish","type":"product","link":"https:\/\/roveyayinevi.com.tr\/index.php\/urun\/minyeli-abdullah\/","title":{"rendered":"Minyeli Abdullah"},"content":{"rendered":"<p>\u201cBen \u2018Minyeli Abdullah\u2019\u0131 yazarken asl\u0131nda dertlerimizi yazd\u0131m. \u0130nan\u00e7l\u0131 insanlar\u0131n d\u00fcnyas\u0131n\u0131 ve ya\u015fad\u0131klar\u0131n\u0131&#8230; O d\u00f6nemde o g\u00fcn\u00fcn \u015fartlar\u0131na ba\u011fl\u0131 s\u0131k\u0131nt\u0131lar vard\u0131. \u0130nsanlar \u0130slami kitap okuduklar\u0131 i\u00e7in kolluk kuvvetleri taraf\u0131ndan karakola g\u00f6t\u00fcr\u00fcl\u00fcp nezarete at\u0131l\u0131yorlard\u0131 mesela. M\u00fcsl\u00fcmanlar\u0131n i\u00e7inde bulundu\u011fu hali bir \u015fekilde anlatmal\u0131yd\u0131m\u20261960\u2019l\u0131 y\u0131llarda \u00fc\u00e7 b\u00fcy\u00fck fikir hareketi vard\u0131. T\u00fcrk\u00e7\u00fcler, dindarlar ve dine kar\u015f\u0131 olanlar. Herkes kitap yoluyla davas\u0131n\u0131 anlat\u0131yordu. Dindarlar\u0131n kitaplar\u0131 ise sadece ilmihallerden olu\u015fuyordu. Durmadan ilmihal bas\u0131l\u0131yordu. \u0130nsanlara, \u0130slam\u2019\u0131 hakikatiyle anlatmak gerekiyordu. Us\u00fbl yanl\u0131\u015ft\u0131. Sokaktaki adama hitap etmemiz gerekiyordu, bunun bir yolunu bulmal\u0131yd\u0131k.  Bu ihtiya\u00e7la \u2018ben\u2019 dedim \u2018roman yazaca\u011f\u0131m.\u2019 En iyi yolun roman oldu\u011funa karar verdim. \u00c7\u00fcnk\u00fc Avrupa\u2019y\u0131 aya\u011fa kald\u0131ran romanlard\u0131. \u0130deolojiler ancak edebiyatla anlat\u0131labilirdi, bu kesindi.Felsefe Nat\u00fcrizmdi. Yani \u2018Allah\u2019 kelimesinin yerine \u2018tabiat\u2019 kelimesi konmu\u015ftu. Halk yan\u0131yordu. Ebeveyn \u2018Allah\u2019 diyor, \u00f6\u011fretmen \u2018tabiat\u2019 diyor; \u00e7ocuk anar\u015fist oluyordu. Halk yan\u0131yordu. Ekonomi kapitalistti. Bankalar ekonomiyi y\u00f6netiyordu. Halk faize d\u00fc\u015fmand\u0131, yine yan\u0131yordu. Minyeli Abdullah bu yang\u0131n\u0131 s\u00f6nd\u00fcrmeye \u00e7\u0131kt\u0131.\u201dHekimo\u011flu \u0130smail <\/p>\n","protected":false},"excerpt":{"rendered":"<p>\u201cBen \u2018Minyeli Abdullah\u2019\u0131 yazarken asl\u0131nda dertlerimizi yazd\u0131m. \u0130nan\u00e7l\u0131 insanlar\u0131n d\u00fcnyas\u0131n\u0131 ve ya\u015fad\u0131klar\u0131n\u0131&#8230; O d\u00f6nemde o g\u00fcn\u00fcn \u015fartlar\u0131na ba\u011fl\u0131 s\u0131k\u0131nt\u0131lar vard\u0131. \u0130nsanlar \u0130slami kitap okuduklar\u0131 i\u00e7in kolluk<span class=\"excerpt-hellip\"> [\u2026]<\/span><\/p>\n","protected":false},"featured_media":0,"template":"","meta":{"_monsterinsights_skip_tracking":false,"_monsterinsights_sitenote_active":false,"_monsterinsights_sitenote_note":"","_monsterinsights_sitenote_category":0},"product_brand":[],"product_cat":[12291,12711],"product_tag":[],"class_list":{"0":"post-693734","1":"product","2":"type-product","3":"status-publish","5":"product_cat-edebiyat","6":"product_cat-roman-oyku","7":"pa_cilt-ciltsiz","8":"pa_tur-kitap","9":"pa_yayinevi-timas-yayinlari","10":"pa_yazar-hekimoglu-ismail","12":"first","13":"instock","14":"sale","15":"shipping-taxable","16":"purchasable","17":"product-type-simple"},"_links":{"self":[{"href":"https:\/\/roveyayinevi.com.tr\/index.php\/wp-json\/wp\/v2\/product\/693734","targetHints":{"allow":["GET"]}}],"collection":[{"href":"https:\/\/roveyayinevi.com.tr\/index.php\/wp-json\/wp\/v2\/product"}],"about":[{"href":"https:\/\/roveyayinevi.com.tr\/index.php\/wp-json\/wp\/v2\/types\/product"}],"wp:attachment":[{"href":"https:\/\/roveyayinevi.com.tr\/index.php\/wp-json\/wp\/v2\/media?parent=693734"}],"wp:term":[{"taxonomy":"product_brand","embeddable":true,"href":"https:\/\/roveyayinevi.com.tr\/index.php\/wp-json\/wp\/v2\/product_brand?post=693734"},{"taxonomy":"product_cat","embeddable":true,"href":"https:\/\/roveyayinevi.com.tr\/index.php\/wp-json\/wp\/v2\/product_cat?post=693734"},{"taxonomy":"product_tag","embeddable":true,"href":"https:\/\/roveyayinevi.com.tr\/index.php\/wp-json\/wp\/v2\/product_tag?post=693734"}],"curies":[{"name":"wp","href":"https:\/\/api.w.org\/{rel}","templated":true}]}}