{"id":693733,"date":"2025-08-27T14:16:19","date_gmt":"2025-08-27T11:16:19","guid":{"rendered":"https:\/\/roveyayinevi.com.tr\/index.php\/urun\/eglenceli-tarih-serisi-22-muhtesem-suleyman-kanuni\/"},"modified":"2026-02-02T02:04:37","modified_gmt":"2026-02-01T23:04:37","slug":"eglenceli-tarih-serisi-22-muhtesem-suleyman-kanuni","status":"publish","type":"product","link":"https:\/\/roveyayinevi.com.tr\/index.php\/urun\/eglenceli-tarih-serisi-22-muhtesem-suleyman-kanuni\/","title":{"rendered":"E\u011flenceli Tarih Serisi 22 &#8211; Muhte\u015fem S\u00fcleyman Kanuni"},"content":{"rendered":"<p>O, Frans\u0131z Kral\u0131 Fransuva, Alman \u0130mparatoru \u015earlken&#8217;e esir d\u00fc\u015ft\u00fc\u011f\u00fcnde kendisinden rica minnet yard\u0131m dilenilen muhte\u015fem bir sultan&#8230;O, Macar taht\u0131na kimin oturmas\u0131 gerekti\u011fine karar veren bir cihan h\u00fck\u00fcmdar\u0131&#8230;O, kanun koyucu bir hukuk adam\u0131&#8230;O, adil bir insan haklar\u0131 savunucusu&#8230;O, sahip oldu\u011fu her \u015feye ra\u011fmen i\u00e7 d\u00fcnyas\u0131na \u00f6nem veren 3000 leziz \u015fiirin \u015fairi Muhibbi&#8230;O; bir, iki, \u00fc\u00e7, d\u00f6rt de\u011fil, onuncu Osmanl\u0131 padi\u015fah\u0131&#8230;OOO&#8230;Hem MUHTE\u015eEM hem KANUN\u0130 SULTAN S\u00dcLEYMAN&#8230; <\/p>\n","protected":false},"excerpt":{"rendered":"<p>O, Frans\u0131z Kral\u0131 Fransuva, Alman \u0130mparatoru \u015earlken&#8217;e esir d\u00fc\u015ft\u00fc\u011f\u00fcnde kendisinden rica minnet yard\u0131m dilenilen muhte\u015fem bir sultan&#8230;O, Macar taht\u0131na kimin oturmas\u0131 gerekti\u011fine karar veren bir cihan<span class=\"excerpt-hellip\"> [\u2026]<\/span><\/p>\n","protected":false},"featured_media":0,"template":"","meta":{"_monsterinsights_skip_tracking":false,"_monsterinsights_sitenote_active":false,"_monsterinsights_sitenote_note":"","_monsterinsights_sitenote_category":0},"product_brand":[],"product_cat":[13517,12304],"product_tag":[],"class_list":{"0":"post-693733","1":"product","2":"type-product","3":"status-publish","5":"product_cat-osmanli-tarihi","6":"product_cat-tarih","7":"pa_cilt-ciltsiz","8":"pa_tur-kitap","9":"pa_yayinevi-eglenceli-bilgi-yayinlari","10":"pa_yazar-behice-tezcakar","12":"first","13":"instock","14":"sale","15":"shipping-taxable","16":"purchasable","17":"product-type-simple"},"_links":{"self":[{"href":"https:\/\/roveyayinevi.com.tr\/index.php\/wp-json\/wp\/v2\/product\/693733","targetHints":{"allow":["GET"]}}],"collection":[{"href":"https:\/\/roveyayinevi.com.tr\/index.php\/wp-json\/wp\/v2\/product"}],"about":[{"href":"https:\/\/roveyayinevi.com.tr\/index.php\/wp-json\/wp\/v2\/types\/product"}],"wp:attachment":[{"href":"https:\/\/roveyayinevi.com.tr\/index.php\/wp-json\/wp\/v2\/media?parent=693733"}],"wp:term":[{"taxonomy":"product_brand","embeddable":true,"href":"https:\/\/roveyayinevi.com.tr\/index.php\/wp-json\/wp\/v2\/product_brand?post=693733"},{"taxonomy":"product_cat","embeddable":true,"href":"https:\/\/roveyayinevi.com.tr\/index.php\/wp-json\/wp\/v2\/product_cat?post=693733"},{"taxonomy":"product_tag","embeddable":true,"href":"https:\/\/roveyayinevi.com.tr\/index.php\/wp-json\/wp\/v2\/product_tag?post=693733"}],"curies":[{"name":"wp","href":"https:\/\/api.w.org\/{rel}","templated":true}]}}