{"id":693731,"date":"2025-08-27T14:16:19","date_gmt":"2025-08-27T11:16:19","guid":{"rendered":"https:\/\/roveyayinevi.com.tr\/index.php\/urun\/mor-murekkep\/"},"modified":"2026-04-16T02:03:45","modified_gmt":"2026-04-15T23:03:45","slug":"mor-murekkep","status":"publish","type":"product","link":"https:\/\/roveyayinevi.com.tr\/index.php\/urun\/mor-murekkep\/","title":{"rendered":"Mor M\u00fcrekkep"},"content":{"rendered":"<p>Mor M\u00fcrekkep, birbirinden ba\u011f\u0131ms\u0131z konulardan bahseden ama b\u00fct\u00fcn\u00fc dikkate al\u0131nd\u0131\u011f\u0131nda ortak bir ruh etraf\u0131nda \u00f6beklenen denemelerden olu\u015fuyor. Kimi zaman bir renk, kimi zaman bir kitap veya bir \u015fah\u0131s, kimi zaman da edebi bir sanattan hareketle farkl\u0131 zaman ve duygusal iklimlerde kaleme al\u0131nan bu denemelerde her \u015feyden \u00f6nce k\u0131vrak ve ak\u0131c\u0131 bir T\u00fcrk\u00e7e, bilgi da\u011farc\u0131\u011f\u0131n\u0131z\u0131 zorlayan ve harekete ge\u00e7iren bir birikimle kar\u015f\u0131la\u015facaks\u0131n\u0131z. Mor M\u00fcrekkep\u2018in \u00e7a\u011fr\u0131\u015f\u0131mlar\u0131 okkas\u0131nda duramayacak kadar zengin ve derin. \ufffcTan\u0131t\u0131m Metni<\/p>\n","protected":false},"excerpt":{"rendered":"<p>Mor M\u00fcrekkep, birbirinden ba\u011f\u0131ms\u0131z konulardan bahseden ama b\u00fct\u00fcn\u00fc dikkate al\u0131nd\u0131\u011f\u0131nda ortak bir ruh etraf\u0131nda \u00f6beklenen denemelerden olu\u015fuyor. Kimi zaman bir renk, kimi zaman bir kitap veya<span class=\"excerpt-hellip\"> [\u2026]<\/span><\/p>\n","protected":false},"featured_media":0,"template":"","meta":{"_monsterinsights_skip_tracking":false,"_monsterinsights_sitenote_active":false,"_monsterinsights_sitenote_note":"","_monsterinsights_sitenote_category":0},"product_brand":[],"product_cat":[12777,12291],"product_tag":[],"class_list":{"0":"post-693731","1":"product","2":"type-product","3":"status-publish","5":"product_cat-deneme","6":"product_cat-edebiyat","7":"pa_cilt-ciltsiz","8":"pa_tur-kitap","9":"pa_yayinevi-timas-yayinlari","10":"pa_yazar-nazan-bekiroglu","12":"first","13":"instock","14":"sale","15":"shipping-taxable","16":"purchasable","17":"product-type-simple"},"_links":{"self":[{"href":"https:\/\/roveyayinevi.com.tr\/index.php\/wp-json\/wp\/v2\/product\/693731","targetHints":{"allow":["GET"]}}],"collection":[{"href":"https:\/\/roveyayinevi.com.tr\/index.php\/wp-json\/wp\/v2\/product"}],"about":[{"href":"https:\/\/roveyayinevi.com.tr\/index.php\/wp-json\/wp\/v2\/types\/product"}],"wp:attachment":[{"href":"https:\/\/roveyayinevi.com.tr\/index.php\/wp-json\/wp\/v2\/media?parent=693731"}],"wp:term":[{"taxonomy":"product_brand","embeddable":true,"href":"https:\/\/roveyayinevi.com.tr\/index.php\/wp-json\/wp\/v2\/product_brand?post=693731"},{"taxonomy":"product_cat","embeddable":true,"href":"https:\/\/roveyayinevi.com.tr\/index.php\/wp-json\/wp\/v2\/product_cat?post=693731"},{"taxonomy":"product_tag","embeddable":true,"href":"https:\/\/roveyayinevi.com.tr\/index.php\/wp-json\/wp\/v2\/product_tag?post=693731"}],"curies":[{"name":"wp","href":"https:\/\/api.w.org\/{rel}","templated":true}]}}