{"id":693722,"date":"2025-08-27T14:16:17","date_gmt":"2025-08-27T11:16:17","guid":{"rendered":"https:\/\/roveyayinevi.com.tr\/index.php\/urun\/nasil-musluman-oldular-1-sahabilerin-musluman-olma-oykuleri\/"},"modified":"2026-04-16T02:03:45","modified_gmt":"2026-04-15T23:03:45","slug":"nasil-musluman-oldular-1-sahabilerin-musluman-olma-oykuleri","status":"publish","type":"product","link":"https:\/\/roveyayinevi.com.tr\/index.php\/urun\/nasil-musluman-oldular-1-sahabilerin-musluman-olma-oykuleri\/","title":{"rendered":"Nas\u0131l M\u00fcsl\u00fcman Oldular &#8211; 1 &#8211; Sahabilerin M\u00fcsl\u00fcman Olma \u00d6yk\u00fcleri"},"content":{"rendered":"<p>Sahabeler, Sevgili Peygamberimizin (asm) arkada\u015flar\u0131yd\u0131&#8230; O\u2019nunla birlikte ya\u015fam\u0131\u015flard\u0131&#8230; <\/p>\n","protected":false},"excerpt":{"rendered":"<p>Sahabeler, Sevgili Peygamberimizin (asm) arkada\u015flar\u0131yd\u0131&#8230; O\u2019nunla birlikte ya\u015fam\u0131\u015flard\u0131&#8230;<\/p>\n","protected":false},"featured_media":0,"template":"","meta":{"_monsterinsights_skip_tracking":false,"_monsterinsights_sitenote_active":false,"_monsterinsights_sitenote_note":"","_monsterinsights_sitenote_category":0},"product_brand":[],"product_cat":[12718,12719,18109],"product_tag":[],"class_list":{"0":"post-693722","1":"product","2":"type-product","3":"status-publish","5":"product_cat-din","6":"product_cat-islam","7":"product_cat-islam-tarihi","8":"pa_tur-kitap","9":"pa_yayinevi-ugurbocegi-yayinlari","10":"pa_yazar-m-sinan-adali","12":"first","13":"instock","14":"sale","15":"shipping-taxable","16":"purchasable","17":"product-type-simple"},"_links":{"self":[{"href":"https:\/\/roveyayinevi.com.tr\/index.php\/wp-json\/wp\/v2\/product\/693722","targetHints":{"allow":["GET"]}}],"collection":[{"href":"https:\/\/roveyayinevi.com.tr\/index.php\/wp-json\/wp\/v2\/product"}],"about":[{"href":"https:\/\/roveyayinevi.com.tr\/index.php\/wp-json\/wp\/v2\/types\/product"}],"wp:attachment":[{"href":"https:\/\/roveyayinevi.com.tr\/index.php\/wp-json\/wp\/v2\/media?parent=693722"}],"wp:term":[{"taxonomy":"product_brand","embeddable":true,"href":"https:\/\/roveyayinevi.com.tr\/index.php\/wp-json\/wp\/v2\/product_brand?post=693722"},{"taxonomy":"product_cat","embeddable":true,"href":"https:\/\/roveyayinevi.com.tr\/index.php\/wp-json\/wp\/v2\/product_cat?post=693722"},{"taxonomy":"product_tag","embeddable":true,"href":"https:\/\/roveyayinevi.com.tr\/index.php\/wp-json\/wp\/v2\/product_tag?post=693722"}],"curies":[{"name":"wp","href":"https:\/\/api.w.org\/{rel}","templated":true}]}}