{"id":693720,"date":"2025-08-27T14:16:16","date_gmt":"2025-08-27T11:16:16","guid":{"rendered":"https:\/\/roveyayinevi.com.tr\/index.php\/urun\/elveda-agustos-bocegi\/"},"modified":"2026-04-16T02:03:45","modified_gmt":"2026-04-15T23:03:45","slug":"elveda-agustos-bocegi","status":"publish","type":"product","link":"https:\/\/roveyayinevi.com.tr\/index.php\/urun\/elveda-agustos-bocegi\/","title":{"rendered":"Elveda A\u011fustos B\u00f6ce\u011fi"},"content":{"rendered":"<p>Sevgili A\u011fustos B\u00f6ce\u011fi! Nihayet sana mektup yazma vakti geldi. Vallahi i\u00e7imde b\u00fcy\u00fck bir dertti. Dostum, ben de pek \u00e7oklar\u0131 gibi seni tembel, uyu\u015fuk, i\u015fe yaramaz, keyfine d\u00fc\u015fk\u00fcn ve g\u00fcr\u00fclt\u00fcc\u00fc bir kimse olarak biliyordum. Ama kabahat b\u00fct\u00fcn b\u00fct\u00fcn bende de\u011fil! Ah o Lafonten yok mu? Neymi\u015f efendim! G\u00fcya kar\u0131nca, kan ter i\u00e7inde \u00e7al\u0131\u015f\u0131rken, sen b\u00fct\u00fcn bir yaz\u0131 saz \u00e7al\u0131p t\u00fcrk\u00fc s\u00f6yleyerek ge\u00e7irmi\u015fsin. Il\u0131k g\u00f6lgeli bir s\u00f6\u011f\u00fct dal\u0131n\u0131n \u00fczerinde yan gelip yatm\u0131\u015fs\u0131n. Sonra k\u0131\u015f\u0131n so\u011fuk nefesini ensende hissedince, solu\u011fu kar\u0131ncan\u0131n kap\u0131s\u0131nda alm\u0131\u015fs\u0131n.  A\u00e7l\u0131ktan \u00f6l\u00fcyorum. A\u00e7l\u0131ktan \u00f6lmezsem so\u011fuktan donaca\u011f\u0131m. Bana yard\u0131m et!  demi\u015fsin. Kar\u0131nca ise, Yaz\u0131n saz \u00e7al\u0131p t\u00fcrk\u00fc s\u00f6yl\u00fcyordun ya! \u015eimdi de oyna biraz!  diyerek, seni kap\u0131s\u0131ndan kovmu\u015fmu\u015f! Bak \u015fu Lafonten\u2019in yedi\u011fi naneye! Sana att\u0131\u011f\u0131 iftiralar yetmezmi\u015f gibi, o mert kar\u0131ncay\u0131 da nas\u0131l zalimlikle su\u00e7luyor!? G\u00f6z\u00fcn\u00fc seveyim art\u0131k \u00fcz\u00fclme. \u00c7\u00fcnk\u00fc ben her \u015feyi \u00f6\u011frendim. Kar\u0131nca bana olan biteni bir bir anlatt\u0131. Ve ger\u00e7e\u011fin, medyada \u00e7\u0131kan haberlerden \u00e7ok farkl\u0131 oldu\u011funu g\u00f6rd\u00fcm&#8230; <\/p>\n","protected":false},"excerpt":{"rendered":"<p>Sevgili A\u011fustos B\u00f6ce\u011fi! Nihayet sana mektup yazma vakti geldi. Vallahi i\u00e7imde b\u00fcy\u00fck bir dertti. Dostum, ben de pek \u00e7oklar\u0131 gibi seni tembel, uyu\u015fuk, i\u015fe yaramaz, keyfine<span class=\"excerpt-hellip\"> [\u2026]<\/span><\/p>\n","protected":false},"featured_media":0,"template":"","meta":{"_monsterinsights_skip_tracking":false,"_monsterinsights_sitenote_active":false,"_monsterinsights_sitenote_note":"","_monsterinsights_sitenote_category":0},"product_brand":[],"product_cat":[12274,12523],"product_tag":[],"class_list":{"0":"post-693720","1":"product","2":"type-product","3":"status-publish","5":"product_cat-cocuk-ve-genclik-kitaplari","6":"product_cat-masallar","7":"pa_tur-kitap","8":"pa_yayinevi-ugurbocegi-yayinlari","9":"pa_yazar-ozkan-oze","11":"first","12":"instock","13":"sale","14":"shipping-taxable","15":"purchasable","16":"product-type-simple"},"_links":{"self":[{"href":"https:\/\/roveyayinevi.com.tr\/index.php\/wp-json\/wp\/v2\/product\/693720","targetHints":{"allow":["GET"]}}],"collection":[{"href":"https:\/\/roveyayinevi.com.tr\/index.php\/wp-json\/wp\/v2\/product"}],"about":[{"href":"https:\/\/roveyayinevi.com.tr\/index.php\/wp-json\/wp\/v2\/types\/product"}],"wp:attachment":[{"href":"https:\/\/roveyayinevi.com.tr\/index.php\/wp-json\/wp\/v2\/media?parent=693720"}],"wp:term":[{"taxonomy":"product_brand","embeddable":true,"href":"https:\/\/roveyayinevi.com.tr\/index.php\/wp-json\/wp\/v2\/product_brand?post=693720"},{"taxonomy":"product_cat","embeddable":true,"href":"https:\/\/roveyayinevi.com.tr\/index.php\/wp-json\/wp\/v2\/product_cat?post=693720"},{"taxonomy":"product_tag","embeddable":true,"href":"https:\/\/roveyayinevi.com.tr\/index.php\/wp-json\/wp\/v2\/product_tag?post=693720"}],"curies":[{"name":"wp","href":"https:\/\/api.w.org\/{rel}","templated":true}]}}