{"id":693714,"date":"2025-08-27T14:16:15","date_gmt":"2025-08-27T11:16:15","guid":{"rendered":"https:\/\/roveyayinevi.com.tr\/index.php\/urun\/calismanin-mutlulugu-ve-sikintisi\/"},"modified":"2026-02-03T02:05:42","modified_gmt":"2026-02-02T23:05:42","slug":"calismanin-mutlulugu-ve-sikintisi","status":"publish","type":"product","link":"https:\/\/roveyayinevi.com.tr\/index.php\/urun\/calismanin-mutlulugu-ve-sikintisi\/","title":{"rendered":"\u00c7al\u0131\u015fman\u0131n Mutlulu\u011fu ve S\u0131k\u0131nt\u0131s\u0131"},"content":{"rendered":"<p>Ge\u00e7mi\u015fte k\u00f6lelere reva g\u00f6r\u00fclen \u00e7al\u0131\u015fma, g\u00fcn\u00fcm\u00fczde ya\u015fam\u0131m\u0131z\u0131n en \u00f6nemli par\u00e7as\u0131n\u0131 olu\u015fturuyor. Zaman\u0131m\u0131z\u0131n b\u00fcy\u00fck b\u00f6l\u00fcm\u00fcn\u00fc fabrikalardan limanlara, elektrik santrallerinden f\u00fcze rampalar\u0131na uzanan farkl\u0131 \u00e7al\u0131\u015fma mek\u00e2nlar\u0131nda ge\u00e7iriyoruz. Alain de Botton yeni kitab\u0131nda bu mek\u00e2nlar\u0131 ziyaret ediyor ve bisk\u00fcvi \u00fcreticilerini, liman i\u015f\u00e7ilerini, elektrik m\u00fchendislerini, ressamlar\u0131, muhasebecileri, kariyer dan\u0131\u015fmanlar\u0131n\u0131 \u00e7al\u0131\u015f\u0131rken izliyor. Farkl\u0131 alanlarda \u00e7al\u0131\u015fan bu insanlar\u0131n i\u015flerini nas\u0131l yapt\u0131klar\u0131n\u0131 anlat\u0131rken \u00e7al\u0131\u015fman\u0131n do\u011fas\u0131 \u00fczerine \u00e7arp\u0131c\u0131 d\u00fc\u015f\u00fcnceler geli\u015ftiriyor. \ufffcTan\u0131t\u0131m Metni<\/p>\n","protected":false},"excerpt":{"rendered":"<p>Ge\u00e7mi\u015fte k\u00f6lelere reva g\u00f6r\u00fclen \u00e7al\u0131\u015fma, g\u00fcn\u00fcm\u00fczde ya\u015fam\u0131m\u0131z\u0131n en \u00f6nemli par\u00e7as\u0131n\u0131 olu\u015fturuyor. Zaman\u0131m\u0131z\u0131n b\u00fcy\u00fck b\u00f6l\u00fcm\u00fcn\u00fc fabrikalardan limanlara, elektrik santrallerinden f\u00fcze rampalar\u0131na uzanan farkl\u0131 \u00e7al\u0131\u015fma mek\u00e2nlar\u0131nda ge\u00e7iriyoruz. Alain<span class=\"excerpt-hellip\"> [\u2026]<\/span><\/p>\n","protected":false},"featured_media":0,"template":"","meta":{"_monsterinsights_skip_tracking":false,"_monsterinsights_sitenote_active":false,"_monsterinsights_sitenote_note":"","_monsterinsights_sitenote_category":0},"product_brand":[],"product_cat":[12777,12291],"product_tag":[],"class_list":{"0":"post-693714","1":"product","2":"type-product","3":"status-publish","5":"product_cat-deneme","6":"product_cat-edebiyat","7":"pa_cilt-ciltsiz","8":"pa_tur-kitap","9":"pa_yayinevi-sel-yayincilik","10":"pa_yazar-alain-de-botton","12":"first","13":"instock","14":"sale","15":"shipping-taxable","16":"purchasable","17":"product-type-simple"},"_links":{"self":[{"href":"https:\/\/roveyayinevi.com.tr\/index.php\/wp-json\/wp\/v2\/product\/693714","targetHints":{"allow":["GET"]}}],"collection":[{"href":"https:\/\/roveyayinevi.com.tr\/index.php\/wp-json\/wp\/v2\/product"}],"about":[{"href":"https:\/\/roveyayinevi.com.tr\/index.php\/wp-json\/wp\/v2\/types\/product"}],"wp:attachment":[{"href":"https:\/\/roveyayinevi.com.tr\/index.php\/wp-json\/wp\/v2\/media?parent=693714"}],"wp:term":[{"taxonomy":"product_brand","embeddable":true,"href":"https:\/\/roveyayinevi.com.tr\/index.php\/wp-json\/wp\/v2\/product_brand?post=693714"},{"taxonomy":"product_cat","embeddable":true,"href":"https:\/\/roveyayinevi.com.tr\/index.php\/wp-json\/wp\/v2\/product_cat?post=693714"},{"taxonomy":"product_tag","embeddable":true,"href":"https:\/\/roveyayinevi.com.tr\/index.php\/wp-json\/wp\/v2\/product_tag?post=693714"}],"curies":[{"name":"wp","href":"https:\/\/api.w.org\/{rel}","templated":true}]}}