{"id":693713,"date":"2025-08-27T14:16:15","date_gmt":"2025-08-27T11:16:15","guid":{"rendered":"https:\/\/roveyayinevi.com.tr\/index.php\/urun\/cesaret-beslisi\/"},"modified":"2026-04-16T02:03:45","modified_gmt":"2026-04-15T23:03:45","slug":"cesaret-beslisi","status":"publish","type":"product","link":"https:\/\/roveyayinevi.com.tr\/index.php\/urun\/cesaret-beslisi\/","title":{"rendered":"Cesaret Be\u015flisi"},"content":{"rendered":"<p>Britanya\u2019n\u0131n tan\u0131nm\u0131\u015f vokal grubu olan Cesaret Be\u015flisi\u2019ne, zorlu ve \u00e7etrefilli Partitum Mutante\u2019yi Bel\u00e7ika\u2019daki bir \u015fatoda prova etmeleri i\u00e7in iki hafta verilir. S\u00fcreleri bitti\u011finde grup bu karma\u015f\u0131k eseri yorumlamay\u0131 ba\u015farabilecek midir? Eserin bestecisinin kar\u0131s\u0131n\u0131 elinde bir ayakkab\u0131yla Milano havaalan\u0131nda kovalam\u0131\u015f olmas\u0131 yorum s\u00fcrecini etkileyecek midir? Grubun be\u015f \u00fcyesi, birbirlerinin farkl\u0131 huylar\u0131na ve al\u0131\u015fkanl\u0131klar\u0131na katlanmay\u0131 becerebilecek midir? Peki ya, geceleri ormandan gelen o acayip ve \u00fcrk\u00fct\u00fcc\u00fc ses!.. Michel Faber\u2019in dokunakl\u0131 roman\u0131, klasik m\u00fczi\u011fin esrarengiz d\u00fcnyas\u0131nda ge\u00e7iyor. Grup \u00fcyesi duygular\u0131 k\u00f6relmi\u015f bir kad\u0131n arzuyu yeniden ke\u015ffediyor. <\/p>\n","protected":false},"excerpt":{"rendered":"<p>Britanya\u2019n\u0131n tan\u0131nm\u0131\u015f vokal grubu olan Cesaret Be\u015flisi\u2019ne, zorlu ve \u00e7etrefilli Partitum Mutante\u2019yi Bel\u00e7ika\u2019daki bir \u015fatoda prova etmeleri i\u00e7in iki hafta verilir. S\u00fcreleri bitti\u011finde grup bu karma\u015f\u0131k<span class=\"excerpt-hellip\"> [\u2026]<\/span><\/p>\n","protected":false},"featured_media":0,"template":"","meta":{"_monsterinsights_skip_tracking":false,"_monsterinsights_sitenote_active":false,"_monsterinsights_sitenote_note":"","_monsterinsights_sitenote_category":0},"product_brand":[],"product_cat":[13661,12291],"product_tag":[],"class_list":{"0":"post-693713","1":"product","2":"type-product","3":"status-publish","5":"product_cat-diger-ulke-edebiyatlari","6":"product_cat-edebiyat","7":"pa_tur-kitap","8":"pa_yayinevi-sel-yayincilik","9":"pa_yazar-michel-faber","11":"first","12":"instock","13":"sale","14":"shipping-taxable","15":"purchasable","16":"product-type-simple"},"_links":{"self":[{"href":"https:\/\/roveyayinevi.com.tr\/index.php\/wp-json\/wp\/v2\/product\/693713","targetHints":{"allow":["GET"]}}],"collection":[{"href":"https:\/\/roveyayinevi.com.tr\/index.php\/wp-json\/wp\/v2\/product"}],"about":[{"href":"https:\/\/roveyayinevi.com.tr\/index.php\/wp-json\/wp\/v2\/types\/product"}],"wp:attachment":[{"href":"https:\/\/roveyayinevi.com.tr\/index.php\/wp-json\/wp\/v2\/media?parent=693713"}],"wp:term":[{"taxonomy":"product_brand","embeddable":true,"href":"https:\/\/roveyayinevi.com.tr\/index.php\/wp-json\/wp\/v2\/product_brand?post=693713"},{"taxonomy":"product_cat","embeddable":true,"href":"https:\/\/roveyayinevi.com.tr\/index.php\/wp-json\/wp\/v2\/product_cat?post=693713"},{"taxonomy":"product_tag","embeddable":true,"href":"https:\/\/roveyayinevi.com.tr\/index.php\/wp-json\/wp\/v2\/product_tag?post=693713"}],"curies":[{"name":"wp","href":"https:\/\/api.w.org\/{rel}","templated":true}]}}