{"id":693707,"date":"2025-08-27T14:16:13","date_gmt":"2025-08-27T11:16:13","guid":{"rendered":"https:\/\/roveyayinevi.com.tr\/index.php\/urun\/turkiye-sosyal-tarihinde-islamin-macerasi\/"},"modified":"2026-04-16T02:03:45","modified_gmt":"2026-04-15T23:03:45","slug":"turkiye-sosyal-tarihinde-islamin-macerasi","status":"publish","type":"product","link":"https:\/\/roveyayinevi.com.tr\/index.php\/urun\/turkiye-sosyal-tarihinde-islamin-macerasi\/","title":{"rendered":"T\u00fcrkiye Sosyal Tarihinde \u0130slam\u0131n Maceras\u0131"},"content":{"rendered":"<p>Alan\u0131nda otorite olarak kabul edilen Ahmet Ya\u015far Ocak\u2018\u0131n T\u00fcrkiye Sosyal Tarihi\u2018nde \u0130slam\u0131n yerine dair \u00f6nemli bir \u00e7al\u0131\u015fma. Ocak bu kitab\u0131nda, 13. y\u00fczy\u0131ldan ba\u015flayarak, g\u00f6r\u00fcn\u00fcrde siyasal ve k\u00fclt\u00fcre\u015f, ama temelinde Cumhuriyet\u2018in kurulu\u015fundan beri \u00fcst\u00fc kapat\u0131lan, merkezle \u00e7evre aras\u0131nda \u0130slam\u2018la bir t\u00fcr gecikmi\u015f  sat\u0131halt\u0131  hesapla\u015fman\u0131n ya\u015fand\u0131\u011f\u0131 g\u00fcn\u00fcm\u00fcze kadar s\u00fcregelen T\u00fcrkiye tarihinde \u0130slam\u0131n sergiledi\u011fi panoramay\u0131 g\u00f6zler \u00f6n\u00fcne seriyor.  T\u00fcrkiye Sel\u00e7uklular\u0131 ve Osmanl\u0131\u2018da \u0130slam ,  \u0130slami Bilimler ve Modernle\u015fme ,  G\u00fcn\u00fcm\u00fcz T\u00fcrkiyesi\u2018nde \u0130slami D\u00fc\u015f\u00fcnce ,  \u0130slam Mitolojisi  gibi makalelerin yan\u0131nda,  Kesikba\u015f ,  Tenas\u00fch (Reenkarnasyon),  Zendeka ve \u0130lhad  ba\u015fl\u0131klar\u0131 alt\u0131nda \u00fczerinde \u00e7ok konu\u015fulan ama bilgi sahibi olunmayan mevzulara a\u00e7\u0131kl\u0131k getiriyor. Kitap, Bernard Lewis\u2018in tabiriyle  ba\u015fka hi\u00e7bir M\u00fcsl\u00fcman millette olmad\u0131\u011f\u0131 kadar benli\u011fini \u0130slama g\u00f6mm\u00fc\u015f bir millet in bu dinin kendi siyasal, toplumsal, k\u00fclt\u00fcrel ya\u015fant\u0131s\u0131nda ve \u00f6zellikle de davran\u0131\u015flar\u0131n\u0131 y\u00f6nlendiren zihinsel d\u00fcnyas\u0131ndaki maceras\u0131n\u0131 anlamaya hasredilmi\u015f tespitlerden ve yorumlardan olu\u015fuyor. <\/p>\n","protected":false},"excerpt":{"rendered":"<p>Alan\u0131nda otorite olarak kabul edilen Ahmet Ya\u015far Ocak\u2018\u0131n T\u00fcrkiye Sosyal Tarihi\u2018nde \u0130slam\u0131n yerine dair \u00f6nemli bir \u00e7al\u0131\u015fma. Ocak bu kitab\u0131nda, 13. y\u00fczy\u0131ldan ba\u015flayarak, g\u00f6r\u00fcn\u00fcrde siyasal ve<span class=\"excerpt-hellip\"> [\u2026]<\/span><\/p>\n","protected":false},"featured_media":0,"template":"","meta":{"_monsterinsights_skip_tracking":false,"_monsterinsights_sitenote_active":false,"_monsterinsights_sitenote_note":"","_monsterinsights_sitenote_category":0},"product_brand":[],"product_cat":[13036,12718,12719],"product_tag":[],"class_list":{"0":"post-693707","1":"product","2":"type-product","3":"status-publish","5":"product_cat-arastirma-inceleme-islam","6":"product_cat-din","7":"product_cat-islam","8":"pa_cilt-ciltsiz","9":"pa_tur-kitap","10":"pa_yayinevi-timas-yayinlari","11":"pa_yazar-ahmet-yasar-ocak","13":"first","14":"instock","15":"sale","16":"shipping-taxable","17":"purchasable","18":"product-type-simple"},"_links":{"self":[{"href":"https:\/\/roveyayinevi.com.tr\/index.php\/wp-json\/wp\/v2\/product\/693707","targetHints":{"allow":["GET"]}}],"collection":[{"href":"https:\/\/roveyayinevi.com.tr\/index.php\/wp-json\/wp\/v2\/product"}],"about":[{"href":"https:\/\/roveyayinevi.com.tr\/index.php\/wp-json\/wp\/v2\/types\/product"}],"wp:attachment":[{"href":"https:\/\/roveyayinevi.com.tr\/index.php\/wp-json\/wp\/v2\/media?parent=693707"}],"wp:term":[{"taxonomy":"product_brand","embeddable":true,"href":"https:\/\/roveyayinevi.com.tr\/index.php\/wp-json\/wp\/v2\/product_brand?post=693707"},{"taxonomy":"product_cat","embeddable":true,"href":"https:\/\/roveyayinevi.com.tr\/index.php\/wp-json\/wp\/v2\/product_cat?post=693707"},{"taxonomy":"product_tag","embeddable":true,"href":"https:\/\/roveyayinevi.com.tr\/index.php\/wp-json\/wp\/v2\/product_tag?post=693707"}],"curies":[{"name":"wp","href":"https:\/\/api.w.org\/{rel}","templated":true}]}}