{"id":693706,"date":"2025-08-27T14:16:13","date_gmt":"2025-08-27T11:16:13","guid":{"rendered":"https:\/\/roveyayinevi.com.tr\/index.php\/urun\/babamdan-sonra\/"},"modified":"2026-04-16T02:03:45","modified_gmt":"2026-04-15T23:03:45","slug":"babamdan-sonra","status":"publish","type":"product","link":"https:\/\/roveyayinevi.com.tr\/index.php\/urun\/babamdan-sonra\/","title":{"rendered":"Babamdan Sonra"},"content":{"rendered":"<p>Eserleri y\u0131llara meydan okuyan yazar Ahmed G\u00fcnbay Y\u0131ld\u0131z\u2018dan hayata dair yepyeni bir roman; Babamdan Sonra&#8230; Gen\u00e7 Muhsin, babas\u0131n\u0131n \u0131srar\u0131 ile hi\u00e7 akl\u0131nda olmayan biriyle evlendirilir. Hayat\u0131 boyunca bunu bir haks\u0131zl\u0131k olarak g\u00f6ren Muhsin, askere gider ve bu y\u00fczden bir daha eve d\u00f6nmez. Ard\u0131nda b\u0131rakt\u0131\u011f\u0131 e\u015fi ve \u00e7ocu\u011funa kar\u015f\u0131 bir vicdan y\u00fck\u00fcn\u00fcn alt\u0131nda i\u00e7ten i\u00e7e ezilirken, ikinci evlili\u011fini ger\u00e7ekle\u015ftirir. E\u015fler aras\u0131nda din farkl\u0131l\u0131\u011f\u0131 olan bu evlilikte bir o\u011flu olur&#8230; Hayat art\u0131k Muhsin i\u00e7in kambur \u00fcst\u00fcne kamburdur&#8230; Muhsin ne gidebilmi\u015f ne kalabilmi\u015f ne de bir yere ait olabilmi\u015ftir&#8230; O, bir \u00f6fke u\u011fruna hayat\u0131n\u0131 sil ba\u015ftan ya\u015famaya \u00e7al\u0131\u015fm\u0131\u015f, ge\u00e7mi\u015fini reddetmi\u015f ve tam da bu y\u00fczden kaybolmu\u015f bir adamd\u0131r &#8230; Baba o\u011ful ili\u015fkisinin birey \u00fczerindeki hayati etkisini, farkl\u0131 k\u00fclt\u00fcrlerden gelen ki\u015filerin yapaca\u011f\u0131 evliliklerde \u00e7\u0131kabilecek \u00e7at\u0131\u015fmalar\u0131, ebeveynin farkl\u0131 inan\u00e7lar\u0131 aras\u0131nda kalan \u00e7ocuklar\u0131n d\u00fc\u015febilece\u011fi \u00e7\u0131kmazlar\u0131, ani kararlar\u0131n beklenmedik sonu\u00e7lar\u0131n\u0131, sadakat ve vefa duygular\u0131ndan yoksun bir hayat\u0131n insan\u0131 s\u00fcr\u00fckleyebilece\u011fi \u00e7\u0131kmazlar\u0131 ve bu \u00e7\u0131kmazlardan \u00e7\u0131k\u0131\u015f yollar\u0131n\u0131 Ahmed G\u00fcnbay Y\u0131ld\u0131z\u2018\u0131n g\u00fc\u00e7l\u00fc kurgusu ve ak\u0131c\u0131 anlat\u0131m\u0131yla bu kitapta g\u00f6receksiniz&#8230; \ufffcTan\u0131t\u0131m Metni<\/p>\n","protected":false},"excerpt":{"rendered":"<p>Eserleri y\u0131llara meydan okuyan yazar Ahmed G\u00fcnbay Y\u0131ld\u0131z\u2018dan hayata dair yepyeni bir roman; Babamdan Sonra&#8230; Gen\u00e7 Muhsin, babas\u0131n\u0131n \u0131srar\u0131 ile hi\u00e7 akl\u0131nda olmayan biriyle evlendirilir. Hayat\u0131<span class=\"excerpt-hellip\"> [\u2026]<\/span><\/p>\n","protected":false},"featured_media":0,"template":"","meta":{"_monsterinsights_skip_tracking":false,"_monsterinsights_sitenote_active":false,"_monsterinsights_sitenote_note":"","_monsterinsights_sitenote_category":0},"product_brand":[],"product_cat":[12291,12292],"product_tag":[],"class_list":{"0":"post-693706","1":"product","2":"type-product","3":"status-publish","5":"product_cat-edebiyat","6":"product_cat-turk-edebiyati","7":"pa_cilt-ciltsiz","8":"pa_tur-kitap","9":"pa_yayinevi-timas-yayinlari","10":"pa_yazar-ahmed-gunbay-yildiz","12":"first","13":"instock","14":"sale","15":"shipping-taxable","16":"purchasable","17":"product-type-simple"},"_links":{"self":[{"href":"https:\/\/roveyayinevi.com.tr\/index.php\/wp-json\/wp\/v2\/product\/693706","targetHints":{"allow":["GET"]}}],"collection":[{"href":"https:\/\/roveyayinevi.com.tr\/index.php\/wp-json\/wp\/v2\/product"}],"about":[{"href":"https:\/\/roveyayinevi.com.tr\/index.php\/wp-json\/wp\/v2\/types\/product"}],"wp:attachment":[{"href":"https:\/\/roveyayinevi.com.tr\/index.php\/wp-json\/wp\/v2\/media?parent=693706"}],"wp:term":[{"taxonomy":"product_brand","embeddable":true,"href":"https:\/\/roveyayinevi.com.tr\/index.php\/wp-json\/wp\/v2\/product_brand?post=693706"},{"taxonomy":"product_cat","embeddable":true,"href":"https:\/\/roveyayinevi.com.tr\/index.php\/wp-json\/wp\/v2\/product_cat?post=693706"},{"taxonomy":"product_tag","embeddable":true,"href":"https:\/\/roveyayinevi.com.tr\/index.php\/wp-json\/wp\/v2\/product_tag?post=693706"}],"curies":[{"name":"wp","href":"https:\/\/api.w.org\/{rel}","templated":true}]}}