{"id":693702,"date":"2025-08-27T14:16:12","date_gmt":"2025-08-27T11:16:12","guid":{"rendered":"https:\/\/roveyayinevi.com.tr\/index.php\/urun\/saadet-asrindan-unutulmaz-hatiralar\/"},"modified":"2026-04-16T02:03:44","modified_gmt":"2026-04-15T23:03:44","slug":"saadet-asrindan-unutulmaz-hatiralar","status":"publish","type":"product","link":"https:\/\/roveyayinevi.com.tr\/index.php\/urun\/saadet-asrindan-unutulmaz-hatiralar\/","title":{"rendered":"Saadet Asr\u0131ndan Unutulmaz Hat\u0131ralar"},"content":{"rendered":"<p>SEVG\u0130L\u0130 PEYGAMBER\u0130M\u0130Z\u0130N (asm), Kur\u2019an\u2019dan sonra bizlere b\u0131rakt\u0131\u011f\u0131 en b\u00fcy\u00fck miras, hayat yollar\u0131nda ilerlerken, bir deniz feneri gibi \u00f6n\u00fcm\u00fcz\u00fc ayd\u0131nlatan \u00f6rnek ya\u015fay\u0131\u015f\u0131d\u0131r. Onun muhte\u015fem ya\u015fay\u0131\u015f\u0131, sadece biz M\u00fcsl\u00fcmanlar i\u00e7in de\u011fil, yery\u00fcz\u00fcn\u00fcn b\u00fct\u00fcn insanlar\u0131 i\u00e7in ba\u015ftan ba\u015fa g\u00f6z kama\u015ft\u0131r\u0131c\u0131 tablolarla bezelidir. Biz bu kitab\u0131, Peygamber Efendimizin (asm) varl\u0131\u011f\u0131 ile, yery\u00fcz\u00fcn\u00fcn en mutlu, en huzurlu g\u00fcnlerinin ya\u015fand\u0131\u011f\u0131 Saadet Asr\u0131n\u0131n, unutulmaz hat\u0131ralar\u0131 aras\u0131ndan, bir g\u00fcl bah\u00e7esinden g\u00fcl toplar gibi derledik&#8230; Bu g\u00fczel hat\u0131ralar\u0131 okuyup \u00f6\u011frendik\u00e7e, hayat\u0131m\u0131za, \u00f6rnek al\u0131nacak hayatlar\u0131n en g\u00fczelinin, Sevgili Peygamberimizin (asm) hayat\u0131n\u0131n g\u00fcl kokusu kar\u0131\u015facak&#8230; Anne ve babam\u0131za, akrabalar\u0131m\u0131za, arkada\u015flar\u0131m\u0131za, dostlar\u0131m\u0131za hatta \u00e7evremizdeki canl\u0131 cans\u0131z her \u015feye kar\u015f\u0131 bak\u0131\u015f\u0131m\u0131z de\u011fi\u015fecek, davran\u0131\u015flar\u0131m\u0131z g\u00fczelle\u015fecek&#8230; En sa\u011flam kaynaklardan titizlikle derlendikten sonra, herkesin rahatl\u0131kla anlayabilece\u011fi yumu\u015fak bir dille tekrar yaz\u0131lan Saadet Asr\u0131ndan Unutulmaz Hat\u0131ralar, \u2018Unutulmaz Kitaplar\u2019 listenizde ilk s\u0131ralarda yer almaya ve her zaman orada kalmaya aday bir kitap&#8230; <\/p>\n","protected":false},"excerpt":{"rendered":"<p>SEVG\u0130L\u0130 PEYGAMBER\u0130M\u0130Z\u0130N (asm), Kur\u2019an\u2019dan sonra bizlere b\u0131rakt\u0131\u011f\u0131 en b\u00fcy\u00fck miras, hayat yollar\u0131nda ilerlerken, bir deniz feneri gibi \u00f6n\u00fcm\u00fcz\u00fc ayd\u0131nlatan \u00f6rnek ya\u015fay\u0131\u015f\u0131d\u0131r. Onun muhte\u015fem ya\u015fay\u0131\u015f\u0131, sadece biz<span class=\"excerpt-hellip\"> [\u2026]<\/span><\/p>\n","protected":false},"featured_media":0,"template":"","meta":{"_monsterinsights_skip_tracking":false,"_monsterinsights_sitenote_active":false,"_monsterinsights_sitenote_note":"","_monsterinsights_sitenote_category":0},"product_brand":[],"product_cat":[13036,12718,12719],"product_tag":[],"class_list":{"0":"post-693702","1":"product","2":"type-product","3":"status-publish","5":"product_cat-arastirma-inceleme-islam","6":"product_cat-din","7":"product_cat-islam","8":"pa_cilt-ciltsiz","9":"pa_tur-kitap","10":"pa_yayinevi-ugurbocegi-yayinlari","11":"pa_yazar-ozkan-oze","13":"first","14":"instock","15":"sale","16":"shipping-taxable","17":"purchasable","18":"product-type-simple"},"_links":{"self":[{"href":"https:\/\/roveyayinevi.com.tr\/index.php\/wp-json\/wp\/v2\/product\/693702","targetHints":{"allow":["GET"]}}],"collection":[{"href":"https:\/\/roveyayinevi.com.tr\/index.php\/wp-json\/wp\/v2\/product"}],"about":[{"href":"https:\/\/roveyayinevi.com.tr\/index.php\/wp-json\/wp\/v2\/types\/product"}],"wp:attachment":[{"href":"https:\/\/roveyayinevi.com.tr\/index.php\/wp-json\/wp\/v2\/media?parent=693702"}],"wp:term":[{"taxonomy":"product_brand","embeddable":true,"href":"https:\/\/roveyayinevi.com.tr\/index.php\/wp-json\/wp\/v2\/product_brand?post=693702"},{"taxonomy":"product_cat","embeddable":true,"href":"https:\/\/roveyayinevi.com.tr\/index.php\/wp-json\/wp\/v2\/product_cat?post=693702"},{"taxonomy":"product_tag","embeddable":true,"href":"https:\/\/roveyayinevi.com.tr\/index.php\/wp-json\/wp\/v2\/product_tag?post=693702"}],"curies":[{"name":"wp","href":"https:\/\/api.w.org\/{rel}","templated":true}]}}