{"id":693700,"date":"2025-08-27T14:16:12","date_gmt":"2025-08-27T11:16:12","guid":{"rendered":"https:\/\/roveyayinevi.com.tr\/index.php\/urun\/sivri-zeka-eglenceli-gorsel-zeka-sorulari\/"},"modified":"2026-04-16T02:03:44","modified_gmt":"2026-04-15T23:03:44","slug":"sivri-zeka-eglenceli-gorsel-zeka-sorulari","status":"publish","type":"product","link":"https:\/\/roveyayinevi.com.tr\/index.php\/urun\/sivri-zeka-eglenceli-gorsel-zeka-sorulari\/","title":{"rendered":"Sivri Zeka E\u011flenceli G\u00f6rsel Zeka Sorular\u0131"},"content":{"rendered":"<p>Farkl\u0131 zek\u00e2 t\u00fcrlerine hitap eden e\u011flenceli sorulardan olu\u015fmu\u015f ve \u00e7oklu zek\u00e2 kuram\u0131na uygun olarak haz\u0131rlanm\u0131\u015f S\u00fcper Zeka &#8211; 1 ve S\u00fcper Zeka &#8211; 2 ile ba\u015flad\u0131\u011f\u0131m\u0131z kitap dizisine, yepyeni bir eser ve \u00f6zg\u00fcn bir i\u00e7erikle devam ediyoruz. T\u00fcm sorular\u0131n\u0131n g\u00f6rsel zek\u00e2ya y\u00f6nelik tasarlanm\u0131\u015f olmas\u0131yla, bas\u0131m tarihi itibariyle kendi alan\u0131nda \u00fclkemizde bir \u0130LK ve TEK olma \u00f6zelli\u011fi ta\u015f\u0131yan Sivri Zeka &#8211; E\u011flenceli G\u00f6rsel Zeka Sorular\u0131 isimli kitab\u0131m\u0131z, uzun ve titiz bir \u00e7al\u0131\u015fma sonucu haz\u0131rlanm\u0131\u015ft\u0131r. Bu kitapta; g\u00f6rsel alg\u0131n\u0131z\u0131 ve ayn\u0131 zamanda g\u00f6rsel d\u00fc\u015f\u00fcnme becerinizi artt\u0131racak, IQ puan\u0131n\u0131z\u0131n y\u00fckselmesine yard\u0131mc\u0131 olacak, tamam\u0131na yak\u0131n\u0131 herhangi bir ezber bilgisi ve matematiksel i\u015flem becerisi gerektirmeyen 100 soru, sizlerin be\u011fenisine sunulmaktad\u0131r. \ufffcTan\u0131t\u0131m Metni<\/p>\n","protected":false},"excerpt":{"rendered":"<p>Farkl\u0131 zek\u00e2 t\u00fcrlerine hitap eden e\u011flenceli sorulardan olu\u015fmu\u015f ve \u00e7oklu zek\u00e2 kuram\u0131na uygun olarak haz\u0131rlanm\u0131\u015f S\u00fcper Zeka &#8211; 1 ve S\u00fcper Zeka &#8211; 2 ile ba\u015flad\u0131\u011f\u0131m\u0131z<span class=\"excerpt-hellip\"> [\u2026]<\/span><\/p>\n","protected":false},"featured_media":0,"template":"","meta":{"_monsterinsights_skip_tracking":false,"_monsterinsights_sitenote_active":false,"_monsterinsights_sitenote_note":"","_monsterinsights_sitenote_category":0},"product_brand":[],"product_cat":[12477,12364],"product_tag":[],"class_list":{"0":"post-693700","1":"product","2":"type-product","3":"status-publish","5":"product_cat-eglence-mizah","6":"product_cat-genel-konular","7":"pa_cilt-ciltsiz","8":"pa_tur-kitap","9":"pa_yayinevi-ugurbocegi-yayinlari","10":"pa_yazar-ahmet-bilal-yaprakdal","12":"first","13":"instock","14":"sale","15":"shipping-taxable","16":"purchasable","17":"product-type-simple"},"_links":{"self":[{"href":"https:\/\/roveyayinevi.com.tr\/index.php\/wp-json\/wp\/v2\/product\/693700","targetHints":{"allow":["GET"]}}],"collection":[{"href":"https:\/\/roveyayinevi.com.tr\/index.php\/wp-json\/wp\/v2\/product"}],"about":[{"href":"https:\/\/roveyayinevi.com.tr\/index.php\/wp-json\/wp\/v2\/types\/product"}],"wp:attachment":[{"href":"https:\/\/roveyayinevi.com.tr\/index.php\/wp-json\/wp\/v2\/media?parent=693700"}],"wp:term":[{"taxonomy":"product_brand","embeddable":true,"href":"https:\/\/roveyayinevi.com.tr\/index.php\/wp-json\/wp\/v2\/product_brand?post=693700"},{"taxonomy":"product_cat","embeddable":true,"href":"https:\/\/roveyayinevi.com.tr\/index.php\/wp-json\/wp\/v2\/product_cat?post=693700"},{"taxonomy":"product_tag","embeddable":true,"href":"https:\/\/roveyayinevi.com.tr\/index.php\/wp-json\/wp\/v2\/product_tag?post=693700"}],"curies":[{"name":"wp","href":"https:\/\/api.w.org\/{rel}","templated":true}]}}