{"id":693693,"date":"2025-08-27T14:16:10","date_gmt":"2025-08-27T11:16:10","guid":{"rendered":"https:\/\/roveyayinevi.com.tr\/index.php\/urun\/zamanin-efendisi\/"},"modified":"2026-04-16T02:03:44","modified_gmt":"2026-04-15T23:03:44","slug":"zamanin-efendisi","status":"publish","type":"product","link":"https:\/\/roveyayinevi.com.tr\/index.php\/urun\/zamanin-efendisi\/","title":{"rendered":"Zaman\u0131n Efendisi"},"content":{"rendered":"<p>Bu sorular\u0131n cevab\u0131n\u0131 \u00dcstad\u2018\u0131n   davam   dedi\u011fi, imani ve Kur\u2018an\u00ee hakikatlerin inti\u015far\u0131nda arayabiliriz. Fakat o   dava  n\u0131n   zaman   i\u00e7in ne ifade etti\u011fine de d\u00f6n\u00fcp bakmak gerekir. Asr\u0131n derdi, ihtiyac\u0131 nedir? Asr\u0131n ve insan\u0131n\u0131n manevi hastal\u0131klar\u0131 nelerdir? Kur\u2018an\u2018\u0131 asr\u0131n idrakine uygun olarak nas\u0131l tefsir ve temsil etmelidir? <\/p>\n","protected":false},"excerpt":{"rendered":"<p>Bu sorular\u0131n cevab\u0131n\u0131 \u00dcstad\u2018\u0131n davam dedi\u011fi, imani ve Kur\u2018an\u00ee hakikatlerin inti\u015far\u0131nda arayabiliriz. Fakat o dava n\u0131n zaman i\u00e7in ne ifade etti\u011fine de d\u00f6n\u00fcp bakmak gerekir. Asr\u0131n<span class=\"excerpt-hellip\"> [\u2026]<\/span><\/p>\n","protected":false},"featured_media":0,"template":"","meta":{"_monsterinsights_skip_tracking":false,"_monsterinsights_sitenote_active":false,"_monsterinsights_sitenote_note":"","_monsterinsights_sitenote_category":0},"product_brand":[],"product_cat":[18094,12718,12719],"product_tag":[],"class_list":{"0":"post-693693","1":"product","2":"type-product","3":"status-publish","5":"product_cat-biyografi-otobiyografi-islam","6":"product_cat-din","7":"product_cat-islam","8":"pa_tur-kitap","9":"pa_yayinevi-timas-yayinlari","10":"pa_yazar-hekimoglu-ismail","12":"first","13":"instock","14":"sale","15":"shipping-taxable","16":"purchasable","17":"product-type-simple"},"_links":{"self":[{"href":"https:\/\/roveyayinevi.com.tr\/index.php\/wp-json\/wp\/v2\/product\/693693","targetHints":{"allow":["GET"]}}],"collection":[{"href":"https:\/\/roveyayinevi.com.tr\/index.php\/wp-json\/wp\/v2\/product"}],"about":[{"href":"https:\/\/roveyayinevi.com.tr\/index.php\/wp-json\/wp\/v2\/types\/product"}],"wp:attachment":[{"href":"https:\/\/roveyayinevi.com.tr\/index.php\/wp-json\/wp\/v2\/media?parent=693693"}],"wp:term":[{"taxonomy":"product_brand","embeddable":true,"href":"https:\/\/roveyayinevi.com.tr\/index.php\/wp-json\/wp\/v2\/product_brand?post=693693"},{"taxonomy":"product_cat","embeddable":true,"href":"https:\/\/roveyayinevi.com.tr\/index.php\/wp-json\/wp\/v2\/product_cat?post=693693"},{"taxonomy":"product_tag","embeddable":true,"href":"https:\/\/roveyayinevi.com.tr\/index.php\/wp-json\/wp\/v2\/product_tag?post=693693"}],"curies":[{"name":"wp","href":"https:\/\/api.w.org\/{rel}","templated":true}]}}