{"id":693688,"date":"2025-08-27T14:16:09","date_gmt":"2025-08-27T11:16:09","guid":{"rendered":"https:\/\/roveyayinevi.com.tr\/index.php\/urun\/terapi\/"},"modified":"2026-04-16T02:03:44","modified_gmt":"2026-04-15T23:03:44","slug":"terapi","status":"publish","type":"product","link":"https:\/\/roveyayinevi.com.tr\/index.php\/urun\/terapi\/","title":{"rendered":"Terapi"},"content":{"rendered":"<p>\u0130nsan\u0131n insan\u0131 pek az dinler hale geldi\u011fi bir d\u00fcnyada, psikoterapi, e\u015fsiz bir insani kar\u015f\u0131la\u015fma imk\u00e2n\u0131 sunar. Terapi odas\u0131, zaman\u0131m\u0131zda, pek \u00e7ok ki\u015finin ger\u00e7ekten i\u015fitildi\u011fi tek yer haline gelmi\u015ftir. Peki, terapi odas\u0131 de\u011fer-ba\u011f\u0131ms\u0131z bir alan m\u0131d\u0131r, yoksa b\u00fct\u00fcn kuramlar gibi modern terapi kuramlar\u0131n\u0131n da berisinde bir k\u00fclt\u00fcr ve ideoloji saklamakta m\u0131d\u0131r? Terapi: K\u00fclt\u00fcrel bir Ele\u015ftiri adl\u0131 bu kitab\u0131nda Prof. Dr. Kemal Sayar, bir \u015fifa y\u00f6nteminin k\u00fclt\u00fcrel \u00e7\u00f6z\u00fcmlemesini yap\u0131yor.<\/p>\n","protected":false},"excerpt":{"rendered":"<p>\u0130nsan\u0131n insan\u0131 pek az dinler hale geldi\u011fi bir d\u00fcnyada, psikoterapi, e\u015fsiz bir insani kar\u015f\u0131la\u015fma imk\u00e2n\u0131 sunar. Terapi odas\u0131, zaman\u0131m\u0131zda, pek \u00e7ok ki\u015finin ger\u00e7ekten i\u015fitildi\u011fi tek yer<span class=\"excerpt-hellip\"> [\u2026]<\/span><\/p>\n","protected":false},"featured_media":0,"template":"","meta":{"_monsterinsights_skip_tracking":false,"_monsterinsights_sitenote_active":false,"_monsterinsights_sitenote_note":"","_monsterinsights_sitenote_category":0},"product_brand":[],"product_cat":[14787,13488],"product_tag":[],"class_list":{"0":"post-693688","1":"product","2":"type-product","3":"status-publish","5":"product_cat-diger-toplum-ve-insan","6":"product_cat-toplum-ve-insan","7":"pa_cilt-ciltsiz","8":"pa_tur-kitap","9":"pa_yayinevi-timas-yayinlari","10":"pa_yazar-kemal-sayar","12":"first","13":"instock","14":"sale","15":"shipping-taxable","16":"purchasable","17":"product-type-simple"},"_links":{"self":[{"href":"https:\/\/roveyayinevi.com.tr\/index.php\/wp-json\/wp\/v2\/product\/693688","targetHints":{"allow":["GET"]}}],"collection":[{"href":"https:\/\/roveyayinevi.com.tr\/index.php\/wp-json\/wp\/v2\/product"}],"about":[{"href":"https:\/\/roveyayinevi.com.tr\/index.php\/wp-json\/wp\/v2\/types\/product"}],"wp:attachment":[{"href":"https:\/\/roveyayinevi.com.tr\/index.php\/wp-json\/wp\/v2\/media?parent=693688"}],"wp:term":[{"taxonomy":"product_brand","embeddable":true,"href":"https:\/\/roveyayinevi.com.tr\/index.php\/wp-json\/wp\/v2\/product_brand?post=693688"},{"taxonomy":"product_cat","embeddable":true,"href":"https:\/\/roveyayinevi.com.tr\/index.php\/wp-json\/wp\/v2\/product_cat?post=693688"},{"taxonomy":"product_tag","embeddable":true,"href":"https:\/\/roveyayinevi.com.tr\/index.php\/wp-json\/wp\/v2\/product_tag?post=693688"}],"curies":[{"name":"wp","href":"https:\/\/api.w.org\/{rel}","templated":true}]}}