{"id":693667,"date":"2025-08-27T14:16:05","date_gmt":"2025-08-27T11:16:05","guid":{"rendered":"https:\/\/roveyayinevi.com.tr\/index.php\/urun\/yeni-komsumuz-kurdistan\/"},"modified":"2026-04-16T02:03:44","modified_gmt":"2026-04-15T23:03:44","slug":"yeni-komsumuz-kurdistan","status":"publish","type":"product","link":"https:\/\/roveyayinevi.com.tr\/index.php\/urun\/yeni-komsumuz-kurdistan\/","title":{"rendered":"Yeni Kom\u015fumuz K\u00fcrdistan"},"content":{"rendered":"<p>Ortado\u011fu\u2019da isyanlar\u0131n ve i\u00e7 sava\u015fa do\u011fru giden ayaklanmalar\u0131n ya\u015fand\u0131\u011f\u0131 bir d\u00f6nem&#8230; Diktat\u00f6rler devriliyor, rejimler y\u0131k\u0131l\u0131yor, s\u0131n\u0131rlar de\u011fi\u015fiyor. Yan\u0131 ba\u015f\u0131m\u0131zda, S\u00fcleymaniye, Erbil ve Duhok\u2019u \u00e7evreleyen topraklarda K\u00fcrdistan, federasyondan ba\u011f\u0131ms\u0131zl\u0131\u011fa giden yolda ilerliyor. <\/p>\n","protected":false},"excerpt":{"rendered":"<p>Ortado\u011fu\u2019da isyanlar\u0131n ve i\u00e7 sava\u015fa do\u011fru giden ayaklanmalar\u0131n ya\u015fand\u0131\u011f\u0131 bir d\u00f6nem&#8230; Diktat\u00f6rler devriliyor, rejimler y\u0131k\u0131l\u0131yor, s\u0131n\u0131rlar de\u011fi\u015fiyor. Yan\u0131 ba\u015f\u0131m\u0131zda, S\u00fcleymaniye, Erbil ve Duhok\u2019u \u00e7evreleyen topraklarda K\u00fcrdistan,<span class=\"excerpt-hellip\"> [\u2026]<\/span><\/p>\n","protected":false},"featured_media":0,"template":"","meta":{"_monsterinsights_skip_tracking":false,"_monsterinsights_sitenote_active":false,"_monsterinsights_sitenote_note":"","_monsterinsights_sitenote_category":0},"product_brand":[],"product_cat":[13656,12337],"product_tag":[],"class_list":{"0":"post-693667","1":"product","2":"type-product","3":"status-publish","5":"product_cat-azinliklar-etnik-sorunlar","6":"product_cat-politika-siyaset","7":"pa_tur-kitap","8":"pa_yayinevi-timas-yayinlari","9":"pa_yazar-simla-yerlikaya","11":"first","12":"instock","13":"sale","14":"shipping-taxable","15":"purchasable","16":"product-type-simple"},"_links":{"self":[{"href":"https:\/\/roveyayinevi.com.tr\/index.php\/wp-json\/wp\/v2\/product\/693667","targetHints":{"allow":["GET"]}}],"collection":[{"href":"https:\/\/roveyayinevi.com.tr\/index.php\/wp-json\/wp\/v2\/product"}],"about":[{"href":"https:\/\/roveyayinevi.com.tr\/index.php\/wp-json\/wp\/v2\/types\/product"}],"wp:attachment":[{"href":"https:\/\/roveyayinevi.com.tr\/index.php\/wp-json\/wp\/v2\/media?parent=693667"}],"wp:term":[{"taxonomy":"product_brand","embeddable":true,"href":"https:\/\/roveyayinevi.com.tr\/index.php\/wp-json\/wp\/v2\/product_brand?post=693667"},{"taxonomy":"product_cat","embeddable":true,"href":"https:\/\/roveyayinevi.com.tr\/index.php\/wp-json\/wp\/v2\/product_cat?post=693667"},{"taxonomy":"product_tag","embeddable":true,"href":"https:\/\/roveyayinevi.com.tr\/index.php\/wp-json\/wp\/v2\/product_tag?post=693667"}],"curies":[{"name":"wp","href":"https:\/\/api.w.org\/{rel}","templated":true}]}}