{"id":693666,"date":"2025-08-27T14:16:05","date_gmt":"2025-08-27T11:16:05","guid":{"rendered":"https:\/\/roveyayinevi.com.tr\/index.php\/urun\/kivrak-zeka-2-eglenceli-sozel-mantik-sorulari\/"},"modified":"2026-04-16T02:03:44","modified_gmt":"2026-04-15T23:03:44","slug":"kivrak-zeka-2-eglenceli-sozel-mantik-sorulari","status":"publish","type":"product","link":"https:\/\/roveyayinevi.com.tr\/index.php\/urun\/kivrak-zeka-2-eglenceli-sozel-mantik-sorulari\/","title":{"rendered":"K\u0131vrak Zeka 2 &#8211; E\u011flenceli S\u00f6zel Mant\u0131k Sorular\u0131"},"content":{"rendered":"<p>Zek\u00e2 kitaplar\u0131 dizisinin K\u0131vrak Zeka 2- E\u011flenceli S\u00f6zel Mant\u0131k Sorular\u0131 isimli be\u015finci kitab\u0131n\u0131, \u00f6zverili ve yo\u011fun bir haz\u0131rl\u0131\u011f\u0131n ard\u0131ndan sizlerin be\u011fenisine sunman\u0131n mutlulu\u011fu ve heyecan\u0131n\u0131 ya\u015famaktay\u0131z. \u00dclkemizde yay\u0131mlanm\u0131\u015f mevcut zek\u00e2 kitaplar\u0131na farkl\u0131 bir tarz ve yeni bir soluk kazand\u0131rmay\u0131 hedefleyen bu kitapta; muhakeme etme, verilen ipu\u00e7lar\u0131ndan hareketle varsay\u0131mda bulunma ve problem \u00e7\u00f6zme becerilerinizi artt\u0131racak, tamam\u0131na yak\u0131n\u0131 herhangi bir \u00f6n bilgi gerektirmeyen 100 s\u00f6zel ve mant\u0131ksal soru yer almaktad\u0131r. Kitaptaki sorular\u0131 \u00e7\u00f6zmek i\u00e7in g\u00f6sterece\u011finiz \u00e7aban\u0131n, bilgiler aras\u0131nda ili\u015fki kurma, olaylar\u0131 analiz etme, nesneleri hiyerar\u015fik olarak d\u00fczenleme gibi baz\u0131 zihinsel yeteneklerinizin geli\u015fmesinde sizlere \u00f6nemli katk\u0131lar sa\u011flayaca\u011f\u0131n\u0131 d\u00fc\u015f\u00fcnmekteyiz. Ayn\u0131 zamanda bu s\u00fcrecin sonunda elde edece\u011finiz kazan\u0131mlar\u0131n, IQ testleri ve genel yetenek s\u0131navlar\u0131ndaki ba\u015far\u0131n\u0131z\u0131 da olumlu y\u00f6nde etkileyece\u011fini \u00fcmit ediyoruz. \ufffcTan\u0131t\u0131m Metni<\/p>\n","protected":false},"excerpt":{"rendered":"<p>Zek\u00e2 kitaplar\u0131 dizisinin K\u0131vrak Zeka 2- E\u011flenceli S\u00f6zel Mant\u0131k Sorular\u0131 isimli be\u015finci kitab\u0131n\u0131, \u00f6zverili ve yo\u011fun bir haz\u0131rl\u0131\u011f\u0131n ard\u0131ndan sizlerin be\u011fenisine sunman\u0131n mutlulu\u011fu ve heyecan\u0131n\u0131 ya\u015famaktay\u0131z.<span class=\"excerpt-hellip\"> [\u2026]<\/span><\/p>\n","protected":false},"featured_media":0,"template":"","meta":{"_monsterinsights_skip_tracking":false,"_monsterinsights_sitenote_active":false,"_monsterinsights_sitenote_note":"","_monsterinsights_sitenote_category":0},"product_brand":[],"product_cat":[12492,12274],"product_tag":[],"class_list":{"0":"post-693666","1":"product","2":"type-product","3":"status-publish","5":"product_cat-bilmece-bulmaca","6":"product_cat-cocuk-ve-genclik-kitaplari","7":"pa_cilt-ciltsiz","8":"pa_tur-kitap","9":"pa_yayinevi-ugurbocegi-yayinlari","10":"pa_yazar-ahmet-bilal-yaprakdal","12":"first","13":"instock","14":"sale","15":"shipping-taxable","16":"purchasable","17":"product-type-simple"},"_links":{"self":[{"href":"https:\/\/roveyayinevi.com.tr\/index.php\/wp-json\/wp\/v2\/product\/693666","targetHints":{"allow":["GET"]}}],"collection":[{"href":"https:\/\/roveyayinevi.com.tr\/index.php\/wp-json\/wp\/v2\/product"}],"about":[{"href":"https:\/\/roveyayinevi.com.tr\/index.php\/wp-json\/wp\/v2\/types\/product"}],"wp:attachment":[{"href":"https:\/\/roveyayinevi.com.tr\/index.php\/wp-json\/wp\/v2\/media?parent=693666"}],"wp:term":[{"taxonomy":"product_brand","embeddable":true,"href":"https:\/\/roveyayinevi.com.tr\/index.php\/wp-json\/wp\/v2\/product_brand?post=693666"},{"taxonomy":"product_cat","embeddable":true,"href":"https:\/\/roveyayinevi.com.tr\/index.php\/wp-json\/wp\/v2\/product_cat?post=693666"},{"taxonomy":"product_tag","embeddable":true,"href":"https:\/\/roveyayinevi.com.tr\/index.php\/wp-json\/wp\/v2\/product_tag?post=693666"}],"curies":[{"name":"wp","href":"https:\/\/api.w.org\/{rel}","templated":true}]}}