{"id":693661,"date":"2025-08-27T14:16:04","date_gmt":"2025-08-27T11:16:04","guid":{"rendered":"https:\/\/roveyayinevi.com.tr\/index.php\/urun\/yazarin-odasi\/"},"modified":"2026-04-16T02:03:44","modified_gmt":"2026-04-15T23:03:44","slug":"yazarin-odasi","status":"publish","type":"product","link":"https:\/\/roveyayinevi.com.tr\/index.php\/urun\/yazarin-odasi\/","title":{"rendered":"Yazar\u0131n Odas\u0131"},"content":{"rendered":"<p>Edebiyat\u0131 kendi g\u00fczelli\u011fi i\u00e7in sevmeli, kendimi sanata hi\u00e7bir kar\u015f\u0131l\u0131k beklemeden b\u00fct\u00fcn\u00fcyle vermeli ve \u00fcne, ba\u015far\u0131ya ve ucuz ilgiye s\u0131rt\u0131m\u0131 d\u00f6nmeliydim. Faulkner\u2018in ya da ba\u015fka yazarlar\u0131n bu ideallere ba\u011fl\u0131l\u0131\u011f\u0131n\u0131 d\u00fcr\u00fcst\u00e7e ve i\u00e7tenlikle ifade etmelerini okumak maneviyat\u0131m\u0131 d\u00fczeltirdi. Yazarl\u0131\u011f\u0131m\u0131n ilk y\u0131llar\u0131nda, kendime ya da gelece\u011fime g\u00fcvenimin sars\u0131ld\u0131\u011f\u0131 zamanlarda bu r\u00f6portajlar\u0131 yeniden yeniden okur, g\u00fcvenimi ve kararl\u0131l\u0131\u011f\u0131m\u0131 geri kazan\u0131rd\u0131m. \ufffcTan\u0131t\u0131m Metni<\/p>\n","protected":false},"excerpt":{"rendered":"<p>Edebiyat\u0131 kendi g\u00fczelli\u011fi i\u00e7in sevmeli, kendimi sanata hi\u00e7bir kar\u015f\u0131l\u0131k beklemeden b\u00fct\u00fcn\u00fcyle vermeli ve \u00fcne, ba\u015far\u0131ya ve ucuz ilgiye s\u0131rt\u0131m\u0131 d\u00f6nmeliydim. Faulkner\u2018in ya da ba\u015fka yazarlar\u0131n bu<span class=\"excerpt-hellip\"> [\u2026]<\/span><\/p>\n","protected":false},"featured_media":0,"template":"","meta":{"_monsterinsights_skip_tracking":false,"_monsterinsights_sitenote_active":false,"_monsterinsights_sitenote_note":"","_monsterinsights_sitenote_category":0},"product_brand":[],"product_cat":[13072,12291],"product_tag":[],"class_list":{"0":"post-693661","1":"product","2":"type-product","3":"status-publish","5":"product_cat-arastirma-inceleme-referans","6":"product_cat-edebiyat","7":"pa_cilt-ciltsiz","8":"pa_tur-kitap","9":"pa_yayinevi-timas-yayinlari","10":"pa_yazar-kollektif","12":"first","13":"instock","14":"sale","15":"shipping-taxable","16":"purchasable","17":"product-type-simple"},"_links":{"self":[{"href":"https:\/\/roveyayinevi.com.tr\/index.php\/wp-json\/wp\/v2\/product\/693661","targetHints":{"allow":["GET"]}}],"collection":[{"href":"https:\/\/roveyayinevi.com.tr\/index.php\/wp-json\/wp\/v2\/product"}],"about":[{"href":"https:\/\/roveyayinevi.com.tr\/index.php\/wp-json\/wp\/v2\/types\/product"}],"wp:attachment":[{"href":"https:\/\/roveyayinevi.com.tr\/index.php\/wp-json\/wp\/v2\/media?parent=693661"}],"wp:term":[{"taxonomy":"product_brand","embeddable":true,"href":"https:\/\/roveyayinevi.com.tr\/index.php\/wp-json\/wp\/v2\/product_brand?post=693661"},{"taxonomy":"product_cat","embeddable":true,"href":"https:\/\/roveyayinevi.com.tr\/index.php\/wp-json\/wp\/v2\/product_cat?post=693661"},{"taxonomy":"product_tag","embeddable":true,"href":"https:\/\/roveyayinevi.com.tr\/index.php\/wp-json\/wp\/v2\/product_tag?post=693661"}],"curies":[{"name":"wp","href":"https:\/\/api.w.org\/{rel}","templated":true}]}}