{"id":693660,"date":"2025-08-27T14:16:04","date_gmt":"2025-08-27T11:16:04","guid":{"rendered":"https:\/\/roveyayinevi.com.tr\/index.php\/urun\/cocuklar-icin-allahin-guzel-isimleri\/"},"modified":"2026-04-16T02:03:43","modified_gmt":"2026-04-15T23:03:43","slug":"cocuklar-icin-allahin-guzel-isimleri","status":"publish","type":"product","link":"https:\/\/roveyayinevi.com.tr\/index.php\/urun\/cocuklar-icin-allahin-guzel-isimleri\/","title":{"rendered":"\u00c7ocuklar i\u00e7in Allah\u2019\u0131n G\u00fczel \u0130simleri"},"content":{"rendered":"<p>Allah\u2019\u0131n isimlerinden biri de Vahid\u2019dir. Vahid, e\u015fi benzeri olmayan, bir ve tek olan demektir. Bizim Allah\u2019\u0131m\u0131z tek bir Allah\u2019t\u0131r. O\u2019ndan ba\u015fka Allah yoktur. B\u00fct\u00fcn \u00e7i\u00e7eklerin, b\u00fct\u00fcn meyvelerin, b\u00fct\u00fcn ku\u015flar\u0131n, b\u00fct\u00fcn da\u011flar\u0131n, b\u00fct\u00fcn bulutlar\u0131n, b\u00fct\u00fcn aylar\u0131n, g\u00fcne\u015flerin, y\u0131ld\u0131zlar\u0131n&#8230; Ve geceleri dua eden b\u00fct\u00fcn \u00e7ocuklar\u0131n, Allah\u2019\u0131 birdir.  Bu kitap, \u00e7ocuklar i\u00e7in 99 Esma-i H\u00fcsna\u2019y\u0131, hi\u00e7birini atlamadan, m\u00fcmk\u00fcn oldu\u011fu kadar az kelime ile, m\u00fcmk\u00fcn oldu\u011fu kadar anla\u015f\u0131l\u0131r bir dille, ak\u0131lda kal\u0131c\u0131 bir \u015fekilde anlatmaya \u00e7al\u0131\u015f\u0131yor. Sayfalar\u0131 aras\u0131na serpi\u015ftirdi\u011fi k\u00e2inattan \u00f6rneklerle, ge\u00e7 kal\u0131nmam\u0131\u015f bir zamanda, sa\u011flam bir iman dersinin de temellerini atmay\u0131 hedefliyor. <\/p>\n","protected":false},"excerpt":{"rendered":"<p>Allah\u2019\u0131n isimlerinden biri de Vahid\u2019dir. Vahid, e\u015fi benzeri olmayan, bir ve tek olan demektir. Bizim Allah\u2019\u0131m\u0131z tek bir Allah\u2019t\u0131r. O\u2019ndan ba\u015fka Allah yoktur. B\u00fct\u00fcn \u00e7i\u00e7eklerin, b\u00fct\u00fcn<span class=\"excerpt-hellip\"> [\u2026]<\/span><\/p>\n","protected":false},"featured_media":0,"template":"","meta":{"_monsterinsights_skip_tracking":false,"_monsterinsights_sitenote_active":false,"_monsterinsights_sitenote_note":"","_monsterinsights_sitenote_category":0},"product_brand":[],"product_cat":[12274,18802],"product_tag":[],"class_list":{"0":"post-693660","1":"product","2":"type-product","3":"status-publish","5":"product_cat-cocuk-ve-genclik-kitaplari","6":"product_cat-din-egitimi","7":"pa_tur-kitap","8":"pa_yayinevi-ugurbocegi-yayinlari","9":"pa_yazar-ozkan-oze","11":"first","12":"instock","13":"sale","14":"shipping-taxable","15":"purchasable","16":"product-type-simple"},"_links":{"self":[{"href":"https:\/\/roveyayinevi.com.tr\/index.php\/wp-json\/wp\/v2\/product\/693660","targetHints":{"allow":["GET"]}}],"collection":[{"href":"https:\/\/roveyayinevi.com.tr\/index.php\/wp-json\/wp\/v2\/product"}],"about":[{"href":"https:\/\/roveyayinevi.com.tr\/index.php\/wp-json\/wp\/v2\/types\/product"}],"wp:attachment":[{"href":"https:\/\/roveyayinevi.com.tr\/index.php\/wp-json\/wp\/v2\/media?parent=693660"}],"wp:term":[{"taxonomy":"product_brand","embeddable":true,"href":"https:\/\/roveyayinevi.com.tr\/index.php\/wp-json\/wp\/v2\/product_brand?post=693660"},{"taxonomy":"product_cat","embeddable":true,"href":"https:\/\/roveyayinevi.com.tr\/index.php\/wp-json\/wp\/v2\/product_cat?post=693660"},{"taxonomy":"product_tag","embeddable":true,"href":"https:\/\/roveyayinevi.com.tr\/index.php\/wp-json\/wp\/v2\/product_tag?post=693660"}],"curies":[{"name":"wp","href":"https:\/\/api.w.org\/{rel}","templated":true}]}}