{"id":693655,"date":"2025-08-27T14:16:02","date_gmt":"2025-08-27T11:16:02","guid":{"rendered":"https:\/\/roveyayinevi.com.tr\/index.php\/urun\/yeni-yuzyilda-islam-dunyasi\/"},"modified":"2026-04-16T02:03:43","modified_gmt":"2026-04-15T23:03:43","slug":"yeni-yuzyilda-islam-dunyasi","status":"publish","type":"product","link":"https:\/\/roveyayinevi.com.tr\/index.php\/urun\/yeni-yuzyilda-islam-dunyasi\/","title":{"rendered":"Yeni Y\u00fczy\u0131lda \u0130slam D\u00fcnyas\u0131"},"content":{"rendered":"<p>\u0130slam d\u00fcnyas\u0131n\u0131n d\u00fcnya siyaset sahnesindeki yerini t\u00fcm \u015feffafl\u0131\u011f\u0131yla g\u00f6zler \u00f6n\u00fcne seren bu eser, \u0130slam \u00fclkelerinin ge\u00e7mi\u015ften bug\u00fcne de\u011fi\u015fen konumunu, i\u00e7eriden bir bak\u0131\u015fla okuyucular\u0131na sunuyor. S\u00fcrecin i\u00e7inden biri olarak Ekmeleddin \u0130hsano\u011flu, \u0130slam d\u00fcnyas\u0131n\u0131n ge\u00e7mi\u015finden \u00e7ileler hat\u0131rland\u0131\u011f\u0131nda ayd\u0131nlat\u0131c\u0131 olacak bir hikaye ile hem haf\u0131zalar\u0131 tazeliyor hem de bir projeksiyon tutuyor. <\/p>\n","protected":false},"excerpt":{"rendered":"<p>\u0130slam d\u00fcnyas\u0131n\u0131n d\u00fcnya siyaset sahnesindeki yerini t\u00fcm \u015feffafl\u0131\u011f\u0131yla g\u00f6zler \u00f6n\u00fcne seren bu eser, \u0130slam \u00fclkelerinin ge\u00e7mi\u015ften bug\u00fcne de\u011fi\u015fen konumunu, i\u00e7eriden bir bak\u0131\u015fla okuyucular\u0131na sunuyor. S\u00fcrecin i\u00e7inden<span class=\"excerpt-hellip\"> [\u2026]<\/span><\/p>\n","protected":false},"featured_media":0,"template":"","meta":{"_monsterinsights_skip_tracking":false,"_monsterinsights_sitenote_active":false,"_monsterinsights_sitenote_note":"","_monsterinsights_sitenote_category":0},"product_brand":[],"product_cat":[12718,12719,18109],"product_tag":[],"class_list":{"0":"post-693655","1":"product","2":"type-product","3":"status-publish","5":"product_cat-din","6":"product_cat-islam","7":"product_cat-islam-tarihi","8":"pa_tur-kitap","9":"pa_yayinevi-timas-yayinlari","10":"pa_yazar-ekmeleddin-ihsanoglu","12":"first","13":"instock","14":"sale","15":"shipping-taxable","16":"purchasable","17":"product-type-simple"},"_links":{"self":[{"href":"https:\/\/roveyayinevi.com.tr\/index.php\/wp-json\/wp\/v2\/product\/693655","targetHints":{"allow":["GET"]}}],"collection":[{"href":"https:\/\/roveyayinevi.com.tr\/index.php\/wp-json\/wp\/v2\/product"}],"about":[{"href":"https:\/\/roveyayinevi.com.tr\/index.php\/wp-json\/wp\/v2\/types\/product"}],"wp:attachment":[{"href":"https:\/\/roveyayinevi.com.tr\/index.php\/wp-json\/wp\/v2\/media?parent=693655"}],"wp:term":[{"taxonomy":"product_brand","embeddable":true,"href":"https:\/\/roveyayinevi.com.tr\/index.php\/wp-json\/wp\/v2\/product_brand?post=693655"},{"taxonomy":"product_cat","embeddable":true,"href":"https:\/\/roveyayinevi.com.tr\/index.php\/wp-json\/wp\/v2\/product_cat?post=693655"},{"taxonomy":"product_tag","embeddable":true,"href":"https:\/\/roveyayinevi.com.tr\/index.php\/wp-json\/wp\/v2\/product_tag?post=693655"}],"curies":[{"name":"wp","href":"https:\/\/api.w.org\/{rel}","templated":true}]}}