{"id":693654,"date":"2025-08-27T14:16:02","date_gmt":"2025-08-27T11:16:02","guid":{"rendered":"https:\/\/roveyayinevi.com.tr\/index.php\/urun\/yazi-tura-ve-olasilik-hesaplari-eglenceli-bilgi-23\/"},"modified":"2026-04-16T02:03:43","modified_gmt":"2026-04-15T23:03:43","slug":"yazi-tura-ve-olasilik-hesaplari-eglenceli-bilgi-23","status":"publish","type":"product","link":"https:\/\/roveyayinevi.com.tr\/index.php\/urun\/yazi-tura-ve-olasilik-hesaplari-eglenceli-bilgi-23\/","title":{"rendered":"Yaz\u0131 Tura ve Olas\u0131l\u0131k Hesaplar\u0131  E\u011flenceli Bilgi &#8211; 23"},"content":{"rendered":"<p>Matematik kafan\u0131z\u0131 m\u0131 bozuyor? Olas\u0131l\u0131k hesaplar\u0131na g\u0131c\u0131k m\u0131 oluyorsunuz? Hesap yaparken elleriniz mi titriyor? S\u0131k\u0131nt\u0131 m\u0131 bas\u0131yor? <\/p>\n","protected":false},"excerpt":{"rendered":"<p>Matematik kafan\u0131z\u0131 m\u0131 bozuyor? Olas\u0131l\u0131k hesaplar\u0131na g\u0131c\u0131k m\u0131 oluyorsunuz? Hesap yaparken elleriniz mi titriyor? S\u0131k\u0131nt\u0131 m\u0131 bas\u0131yor?<\/p>\n","protected":false},"featured_media":0,"template":"","meta":{"_monsterinsights_skip_tracking":false,"_monsterinsights_sitenote_active":false,"_monsterinsights_sitenote_note":"","_monsterinsights_sitenote_category":0},"product_brand":[],"product_cat":[16943,15563],"product_tag":[],"class_list":{"0":"post-693654","1":"product","2":"type-product","3":"status-publish","5":"product_cat-bilmeceler-bulmacalar","6":"product_cat-hobi","7":"pa_cilt-ciltsiz","8":"pa_tur-kitap","9":"pa_yayinevi-eglenceli-bilgi-yayinlari","10":"pa_yazar-kjartan-poskitt","12":"first","13":"instock","14":"sale","15":"shipping-taxable","16":"purchasable","17":"product-type-simple"},"_links":{"self":[{"href":"https:\/\/roveyayinevi.com.tr\/index.php\/wp-json\/wp\/v2\/product\/693654","targetHints":{"allow":["GET"]}}],"collection":[{"href":"https:\/\/roveyayinevi.com.tr\/index.php\/wp-json\/wp\/v2\/product"}],"about":[{"href":"https:\/\/roveyayinevi.com.tr\/index.php\/wp-json\/wp\/v2\/types\/product"}],"wp:attachment":[{"href":"https:\/\/roveyayinevi.com.tr\/index.php\/wp-json\/wp\/v2\/media?parent=693654"}],"wp:term":[{"taxonomy":"product_brand","embeddable":true,"href":"https:\/\/roveyayinevi.com.tr\/index.php\/wp-json\/wp\/v2\/product_brand?post=693654"},{"taxonomy":"product_cat","embeddable":true,"href":"https:\/\/roveyayinevi.com.tr\/index.php\/wp-json\/wp\/v2\/product_cat?post=693654"},{"taxonomy":"product_tag","embeddable":true,"href":"https:\/\/roveyayinevi.com.tr\/index.php\/wp-json\/wp\/v2\/product_tag?post=693654"}],"curies":[{"name":"wp","href":"https:\/\/api.w.org\/{rel}","templated":true}]}}