{"id":693649,"date":"2025-08-27T14:16:01","date_gmt":"2025-08-27T11:16:01","guid":{"rendered":"https:\/\/roveyayinevi.com.tr\/index.php\/urun\/cantatrix-sopranica-l-ve-diger-bilimsel-yazilar\/"},"modified":"2026-04-16T02:03:12","modified_gmt":"2026-04-15T23:03:12","slug":"cantatrix-sopranica-l-ve-diger-bilimsel-yazilar","status":"publish","type":"product","link":"https:\/\/roveyayinevi.com.tr\/index.php\/urun\/cantatrix-sopranica-l-ve-diger-bilimsel-yazilar\/","title":{"rendered":"Cantatrix Sopranica L. ve Di\u011fer Bilimsel Yaz\u0131lar"},"content":{"rendered":"<p>Perec, yeri geldi\u011finde de\u011ferli kad\u0131n ses sanat\u00e7\u0131lar\u0131n\u0131n \u00fczerinde domates at\u0131lmas\u0131 deneyinin sonu\u00e7lar\u0131n\u0131 g\u00f6stermek i\u00e7in n\u00f6rofizyolist veya \u0130putupi Adas\u0131\u2019ndaki kelebeklerin melezle\u015fmesini incelemek i\u00e7in b\u00f6cek uzman\u0131, yeri geldi\u011finde iki b\u00fcy\u00fck adam\u0131n arkada\u015fl\u0131\u011f\u0131n\u0131n \u015fark\u0131s\u0131n\u0131 s\u00f6ylemek i\u00e7in kutsal i\u015fler bilimcisi veya Chartres Katedrali\u2019ni takdim etmek i\u00e7in tarih\u00e7i olacakt\u0131r. Son olarak, onu, arkada\u015f\u0131 Harry Mathews\u2019la i\u015fbirli\u011fi yaparak, bilgili filolog kimli\u011fiyle, Raymond Roussel\u2019in daha \u00f6nce yay\u0131mlanmam\u0131\u015f, de\u011ferli oldu\u011fu kadar esrarengiz bir eserin kusursuz bir yoruma el atm\u0131\u015f olarak g\u00f6r\u00fcyoruz. Parodi mi? B\u00fcy\u00fck edebiyat eserlerini taklit ederek ortaya \u00e7\u0131kar\u0131lm\u0131\u015f bir eser mi? A\u015f\u0131r\u0131 taklit mi? Karikat\u00fcr m\u00fc? Burada toplanan ve Perec\u2019in pek de bilinmeyen bir taraf\u0131n\u0131, bilgin kimli\u011fini \u00f6nce \u00e7\u0131karan metinlerin her birine bir isim verme i\u015fini okura b\u0131rakal\u0131m. <\/p>\n","protected":false},"excerpt":{"rendered":"<p>Perec, yeri geldi\u011finde de\u011ferli kad\u0131n ses sanat\u00e7\u0131lar\u0131n\u0131n \u00fczerinde domates at\u0131lmas\u0131 deneyinin sonu\u00e7lar\u0131n\u0131 g\u00f6stermek i\u00e7in n\u00f6rofizyolist veya \u0130putupi Adas\u0131\u2019ndaki kelebeklerin melezle\u015fmesini incelemek i\u00e7in b\u00f6cek uzman\u0131, yeri geldi\u011finde<span class=\"excerpt-hellip\"> [\u2026]<\/span><\/p>\n","protected":false},"featured_media":0,"template":"","meta":{"_monsterinsights_skip_tracking":false,"_monsterinsights_sitenote_active":false,"_monsterinsights_sitenote_note":"","_monsterinsights_sitenote_category":0},"product_brand":[],"product_cat":[12291,13376],"product_tag":[],"class_list":{"0":"post-693649","1":"product","2":"type-product","3":"status-publish","5":"product_cat-edebiyat","6":"product_cat-fransiz-edebiyati","7":"pa_tur-kitap","8":"pa_yayinevi-sel-yayincilik","9":"pa_yazar-georges-perec","11":"first","12":"instock","13":"sale","14":"shipping-taxable","15":"purchasable","16":"product-type-simple"},"_links":{"self":[{"href":"https:\/\/roveyayinevi.com.tr\/index.php\/wp-json\/wp\/v2\/product\/693649","targetHints":{"allow":["GET"]}}],"collection":[{"href":"https:\/\/roveyayinevi.com.tr\/index.php\/wp-json\/wp\/v2\/product"}],"about":[{"href":"https:\/\/roveyayinevi.com.tr\/index.php\/wp-json\/wp\/v2\/types\/product"}],"wp:attachment":[{"href":"https:\/\/roveyayinevi.com.tr\/index.php\/wp-json\/wp\/v2\/media?parent=693649"}],"wp:term":[{"taxonomy":"product_brand","embeddable":true,"href":"https:\/\/roveyayinevi.com.tr\/index.php\/wp-json\/wp\/v2\/product_brand?post=693649"},{"taxonomy":"product_cat","embeddable":true,"href":"https:\/\/roveyayinevi.com.tr\/index.php\/wp-json\/wp\/v2\/product_cat?post=693649"},{"taxonomy":"product_tag","embeddable":true,"href":"https:\/\/roveyayinevi.com.tr\/index.php\/wp-json\/wp\/v2\/product_tag?post=693649"}],"curies":[{"name":"wp","href":"https:\/\/api.w.org\/{rel}","templated":true}]}}