{"id":693647,"date":"2025-08-27T14:16:01","date_gmt":"2025-08-27T11:16:01","guid":{"rendered":"https:\/\/roveyayinevi.com.tr\/index.php\/urun\/sultan-bir-kanuni-romani\/"},"modified":"2026-04-16T02:03:12","modified_gmt":"2026-04-15T23:03:12","slug":"sultan-bir-kanuni-romani","status":"publish","type":"product","link":"https:\/\/roveyayinevi.com.tr\/index.php\/urun\/sultan-bir-kanuni-romani\/","title":{"rendered":"Sultan: Bir Kanuni Roman\u0131"},"content":{"rendered":"<p>Sultanlar sultan\u0131, hakanlar hakan\u0131, h\u00fck\u00fcmdarlara ta\u00e7 veren Allah\u2018\u0131n yery\u00fcz\u00fcndeki g\u00f6lgesi, Anadolu\u2018dan Rumeli\u2018ye kara ve denizlerin yeg\u00e2ne h\u00e2kimi Kanuni Sultan S\u00fcleyman Han yedi cihana nam salmaya devam ediyor! \ufffcTan\u0131t\u0131m Metni<\/p>\n","protected":false},"excerpt":{"rendered":"<p>Sultanlar sultan\u0131, hakanlar hakan\u0131, h\u00fck\u00fcmdarlara ta\u00e7 veren Allah\u2018\u0131n yery\u00fcz\u00fcndeki g\u00f6lgesi, Anadolu\u2018dan Rumeli\u2018ye kara ve denizlerin yeg\u00e2ne h\u00e2kimi Kanuni Sultan S\u00fcleyman Han yedi cihana nam salmaya devam<span class=\"excerpt-hellip\"> [\u2026]<\/span><\/p>\n","protected":false},"featured_media":0,"template":"","meta":{"_monsterinsights_skip_tracking":false,"_monsterinsights_sitenote_active":false,"_monsterinsights_sitenote_note":"","_monsterinsights_sitenote_category":0},"product_brand":[],"product_cat":[12291,12745],"product_tag":[],"class_list":{"0":"post-693647","1":"product","2":"type-product","3":"status-publish","5":"product_cat-edebiyat","6":"product_cat-tarihi-roman","7":"pa_tur-kitap","8":"pa_yayinevi-timas-yayinlari","9":"pa_yazar-okay-tiryakioglu","11":"first","12":"instock","13":"sale","14":"shipping-taxable","15":"purchasable","16":"product-type-simple"},"_links":{"self":[{"href":"https:\/\/roveyayinevi.com.tr\/index.php\/wp-json\/wp\/v2\/product\/693647","targetHints":{"allow":["GET"]}}],"collection":[{"href":"https:\/\/roveyayinevi.com.tr\/index.php\/wp-json\/wp\/v2\/product"}],"about":[{"href":"https:\/\/roveyayinevi.com.tr\/index.php\/wp-json\/wp\/v2\/types\/product"}],"wp:attachment":[{"href":"https:\/\/roveyayinevi.com.tr\/index.php\/wp-json\/wp\/v2\/media?parent=693647"}],"wp:term":[{"taxonomy":"product_brand","embeddable":true,"href":"https:\/\/roveyayinevi.com.tr\/index.php\/wp-json\/wp\/v2\/product_brand?post=693647"},{"taxonomy":"product_cat","embeddable":true,"href":"https:\/\/roveyayinevi.com.tr\/index.php\/wp-json\/wp\/v2\/product_cat?post=693647"},{"taxonomy":"product_tag","embeddable":true,"href":"https:\/\/roveyayinevi.com.tr\/index.php\/wp-json\/wp\/v2\/product_tag?post=693647"}],"curies":[{"name":"wp","href":"https:\/\/api.w.org\/{rel}","templated":true}]}}