{"id":693645,"date":"2025-08-27T14:16:00","date_gmt":"2025-08-27T11:16:00","guid":{"rendered":"https:\/\/roveyayinevi.com.tr\/index.php\/urun\/turk-dis-politikasi-tarihi\/"},"modified":"2026-04-16T02:03:12","modified_gmt":"2026-04-15T23:03:12","slug":"turk-dis-politikasi-tarihi","status":"publish","type":"product","link":"https:\/\/roveyayinevi.com.tr\/index.php\/urun\/turk-dis-politikasi-tarihi\/","title":{"rendered":"T\u00fcrk D\u0131\u015f Politikas\u0131 Tarihi"},"content":{"rendered":"<p>Prof. Dr. Kemal H. Karpat\u2019\u0131n kalemiyle, g\u00fcn\u00fcm\u00fczde de h\u00e2l\u00e2 t\u00fcm s\u0131cakl\u0131\u011f\u0131yla siyasi g\u00fcndemi me\u015fgul eden temel konulardan biri olup k\u00f6kleri Osmanl\u0131 \u0130mparatorlu\u011fu\u2019ndan T\u00fcrkiye Cumhuriyeti\u2019ne kadar uzanan T\u00fcrk d\u0131\u015f politika tarihi \u00fczerine muhte\u015fem bir \u00e7al\u0131\u015fma&#8230;. Kemal H. Karpat, T\u00fcrk D\u0131\u015f Politikas\u0131 Tarihi adl\u0131 bu kitab\u0131nda, T\u00fcrkiye\u2019de h\u00e2lihaz\u0131rda var olan T\u00fcrk d\u0131\u015f politika tarihini, kendine has \u00fcslubuyla yapt\u0131\u011f\u0131 dikkat \u00e7ekici analizler e\u015fli\u011finde anlatmay\u0131 tercih ediyor ve konuyu Osmanl\u0131 \u0130mparatorlu\u011fu\u2019nun son d\u00f6neminden ba\u015flat\u0131p g\u00fcn\u00fcm\u00fcze kadar getirerek, her d\u00f6neme \u0131\u015f\u0131k tutan en \u00f6nemli olaylar\u0131n temellerine iniyor. Avrupa\u2019da Osmanl\u0131 y\u00f6netim politikalar\u0131ndan, Osmanl\u0131 \u0130mparatorlu\u011fu\u2019nun Birinci D\u00fcnya Sava\u015f\u0131\u2019na giri\u015fi ve bunun ard\u0131ndan cereyan eden hadiselerin g\u00fcn\u00fcm\u00fcze ula\u015fan etkilerine, Cumhuriyet\u2019le beraber T\u00fcrkiye\u2019nin Arap d\u00fcnyas\u0131 ve \u0130srail\u2019le ili\u015fkilerinden K\u0131br\u0131s \u00fczerinden Enosis trajedisine kadar pek \u00e7ok konu ve Osmanl\u0131\u2019n\u0131n son d\u00f6nemlerinden AKP\u2019nin ger\u00e7ekle\u015ftirdi\u011fi a\u00e7\u0131l\u0131mlar, Arap Bahar\u0131, K\u0131br\u0131s ve AB gibi nokta at\u0131\u015f\u0131 hususlar Kemal Karpat\u2019\u0131n geni\u015f tarihsel bilgi birikiminin s\u00fczgecinden ge\u00e7iriliyor. Dahas\u0131 g\u00fcncel yaz\u0131 ve r\u00f6portajlar i\u00e7eren kitab\u0131n \u00fc\u00e7\u00fcnc\u00fc b\u00f6l\u00fcm\u00fc, g\u00fcndemden hi\u00e7 d\u00fc\u015fmeyen Ermeni meselesi ve bu konuya nas\u0131l yakla\u015fmam\u0131z gerekti\u011fi hususu, T\u00fcrkiye\u2019nin AB ile olan ili\u015fkileri ve uzun Avrupa yolculu\u011fu ile ilgili Kemal Karpat\u2019tan mutlaka okunmas\u0131 gereken anekdotlar i\u00e7eriyor.<\/p>\n","protected":false},"excerpt":{"rendered":"<p>Prof. Dr. Kemal H. Karpat\u2019\u0131n kalemiyle, g\u00fcn\u00fcm\u00fczde de h\u00e2l\u00e2 t\u00fcm s\u0131cakl\u0131\u011f\u0131yla siyasi g\u00fcndemi me\u015fgul eden temel konulardan biri olup k\u00f6kleri Osmanl\u0131 \u0130mparatorlu\u011fu\u2019ndan T\u00fcrkiye Cumhuriyeti\u2019ne kadar uzanan<span class=\"excerpt-hellip\"> [\u2026]<\/span><\/p>\n","protected":false},"featured_media":0,"template":"","meta":{"_monsterinsights_skip_tracking":false,"_monsterinsights_sitenote_active":false,"_monsterinsights_sitenote_note":"","_monsterinsights_sitenote_category":0},"product_brand":[],"product_cat":[13517,12304],"product_tag":[],"class_list":{"0":"post-693645","1":"product","2":"type-product","3":"status-publish","5":"product_cat-osmanli-tarihi","6":"product_cat-tarih","7":"pa_cilt-ciltsiz","8":"pa_tur-kitap","9":"pa_yayinevi-timas-yayinlari","10":"pa_yazar-kemal-h-karpat","12":"first","13":"instock","14":"sale","15":"shipping-taxable","16":"purchasable","17":"product-type-simple"},"_links":{"self":[{"href":"https:\/\/roveyayinevi.com.tr\/index.php\/wp-json\/wp\/v2\/product\/693645","targetHints":{"allow":["GET"]}}],"collection":[{"href":"https:\/\/roveyayinevi.com.tr\/index.php\/wp-json\/wp\/v2\/product"}],"about":[{"href":"https:\/\/roveyayinevi.com.tr\/index.php\/wp-json\/wp\/v2\/types\/product"}],"wp:attachment":[{"href":"https:\/\/roveyayinevi.com.tr\/index.php\/wp-json\/wp\/v2\/media?parent=693645"}],"wp:term":[{"taxonomy":"product_brand","embeddable":true,"href":"https:\/\/roveyayinevi.com.tr\/index.php\/wp-json\/wp\/v2\/product_brand?post=693645"},{"taxonomy":"product_cat","embeddable":true,"href":"https:\/\/roveyayinevi.com.tr\/index.php\/wp-json\/wp\/v2\/product_cat?post=693645"},{"taxonomy":"product_tag","embeddable":true,"href":"https:\/\/roveyayinevi.com.tr\/index.php\/wp-json\/wp\/v2\/product_tag?post=693645"}],"curies":[{"name":"wp","href":"https:\/\/api.w.org\/{rel}","templated":true}]}}