{"id":693644,"date":"2025-08-27T14:16:00","date_gmt":"2025-08-27T11:16:00","guid":{"rendered":"https:\/\/roveyayinevi.com.tr\/index.php\/urun\/kusatma-1453\/"},"modified":"2026-04-16T02:03:12","modified_gmt":"2026-04-15T23:03:12","slug":"kusatma-1453","status":"publish","type":"product","link":"https:\/\/roveyayinevi.com.tr\/index.php\/urun\/kusatma-1453\/","title":{"rendered":"Ku\u015fatma &#8211; 1453"},"content":{"rendered":"<p>Konstantiniyye \u015fehri ile s\u0131n\u0131rl\u0131 hale gelen Do\u011fu Roma \u0130mparatorlu\u011fu\u2019nun \u00e7aresizli\u011fi, Latin istilas\u0131n\u0131n Bizans halk\u0131nda b\u0131rakt\u0131\u011f\u0131 nefret ve bezginlik, g\u00f6kten inecek Meryem\u2019in \u015fehri koruyaca\u011f\u0131 efsaneleriyle kendilerini avutan insanlar ve d\u00fc\u015fman\u0131n hayal bile edemeyece\u011fi donanmalara sahip gen\u00e7 sultan\u2026Okay Tiryakio\u011flu\u2019nun kaleminden, tarihin orta yerine saplanm\u0131\u015f bir k\u0131l\u0131\u00e7 gibi duran muhte\u015fem u\u015fatmay\u0131 soluk solu\u011fa okuyacaks\u0131n\u0131z.\u201cBu ku\u015fatma ba\u015far\u0131s\u0131z olursa e\u011fer, muhaliflerinin babana g\u00f6sterdikleri ho\u015fg\u00f6r\u00fcy\u00fc sana g\u00f6stermeyeceklerini seziyorsun. Kaybedece\u011fin itibar kayb\u0131yla taht\u0131nda uzun s\u00fcre oturamayaca\u011f\u0131n\u0131n hesab\u0131n\u0131 yapmaya ba\u015fl\u0131yorsun. B\u00f6yle umutsuzlu\u011fa kap\u0131ld\u0131\u011f\u0131n zamanlarda Peygamber\u2019in, \u2018Kostantiniyye, bir g\u00fcn feth olunacakt\u0131r. Onu fetheden asker ne g\u00fczel asker, onu fetheden komutan ne g\u00fczel komutand\u0131r\u2019 hadisini hat\u0131rl\u0131yor, o komutan\u0131n sen olabilece\u011fine dair muhte\u015fem hayallere kap\u0131l\u0131yorsun. Y\u00fcre\u011finde m\u00fcthi\u015f bir g\u00fc\u00e7 buluyorsun o anlarda. \u0130\u015fte \u015fimdi yine durmu\u015f, terli bedenin so\u011fuk odan\u0131n i\u00e7inde s\u00fcratle so\u011furken, \u00fczerini giyinmen i\u00e7in seni uyaran hizmetk\u00e2rlar\u0131n\u0131 duymuyorsun bile. Sonra sava\u015f planlar\u0131 ve yeni ba\u015ftan \u00e7izdirip durdu\u011fun haritalar\u0131n \u00fczerinde tekrar ince hesaplara g\u00f6m\u00fcl\u00fcyorsun<\/p>\n","protected":false},"excerpt":{"rendered":"<p>Konstantiniyye \u015fehri ile s\u0131n\u0131rl\u0131 hale gelen Do\u011fu Roma \u0130mparatorlu\u011fu\u2019nun \u00e7aresizli\u011fi, Latin istilas\u0131n\u0131n Bizans halk\u0131nda b\u0131rakt\u0131\u011f\u0131 nefret ve bezginlik, g\u00f6kten inecek Meryem\u2019in \u015fehri koruyaca\u011f\u0131 efsaneleriyle kendilerini avutan<span class=\"excerpt-hellip\"> [\u2026]<\/span><\/p>\n","protected":false},"featured_media":0,"template":"","meta":{"_monsterinsights_skip_tracking":false,"_monsterinsights_sitenote_active":false,"_monsterinsights_sitenote_note":"","_monsterinsights_sitenote_category":0},"product_brand":[],"product_cat":[12291,12745],"product_tag":[],"class_list":{"0":"post-693644","1":"product","2":"type-product","3":"status-publish","5":"product_cat-edebiyat","6":"product_cat-tarihi-roman","7":"pa_cilt-ciltsiz","8":"pa_tur-kitap","9":"pa_yayinevi-timas-yayinlari","10":"pa_yazar-okay-tiryakioglu","12":"first","13":"instock","14":"sale","15":"shipping-taxable","16":"purchasable","17":"product-type-simple"},"_links":{"self":[{"href":"https:\/\/roveyayinevi.com.tr\/index.php\/wp-json\/wp\/v2\/product\/693644","targetHints":{"allow":["GET"]}}],"collection":[{"href":"https:\/\/roveyayinevi.com.tr\/index.php\/wp-json\/wp\/v2\/product"}],"about":[{"href":"https:\/\/roveyayinevi.com.tr\/index.php\/wp-json\/wp\/v2\/types\/product"}],"wp:attachment":[{"href":"https:\/\/roveyayinevi.com.tr\/index.php\/wp-json\/wp\/v2\/media?parent=693644"}],"wp:term":[{"taxonomy":"product_brand","embeddable":true,"href":"https:\/\/roveyayinevi.com.tr\/index.php\/wp-json\/wp\/v2\/product_brand?post=693644"},{"taxonomy":"product_cat","embeddable":true,"href":"https:\/\/roveyayinevi.com.tr\/index.php\/wp-json\/wp\/v2\/product_cat?post=693644"},{"taxonomy":"product_tag","embeddable":true,"href":"https:\/\/roveyayinevi.com.tr\/index.php\/wp-json\/wp\/v2\/product_tag?post=693644"}],"curies":[{"name":"wp","href":"https:\/\/api.w.org\/{rel}","templated":true}]}}