{"id":693643,"date":"2025-08-27T14:16:00","date_gmt":"2025-08-27T11:16:00","guid":{"rendered":"https:\/\/roveyayinevi.com.tr\/index.php\/urun\/kul-peygamber\/"},"modified":"2025-11-22T02:29:51","modified_gmt":"2025-11-21T23:29:51","slug":"kul-peygamber","status":"publish","type":"product","link":"https:\/\/roveyayinevi.com.tr\/index.php\/urun\/kul-peygamber\/","title":{"rendered":"Kul Peygamber"},"content":{"rendered":"<p>Y\u00fcce bir ahlak \u00fczere olan Hz. Peygamber, kendi ifadesiyle g\u00fczel ahlak\u0131 tamamlamak i\u00e7in g\u00f6nderilmi\u015ftir. \u00d6rnek olarak sundu\u011fu hayat tarz\u0131 ise onun s\u00fcnnetini olu\u015fturuyordu. \u0130nsanl\u0131k, art\u0131k iyi ile do\u011fruyu, g\u00fczel ile \u00e7irkini, onun penceresinden bakarak, vah\u015fi bir d\u00fcnyadan medeni bir d\u00fcnya kurmu\u015f, zul\u00fcm ve ahlaks\u0131zl\u0131klarla dolu bir toplumdan   asr-\u0131 saadet  e damgas\u0131n\u0131 vuran alt\u0131n nesiller yeti\u015ftirmi\u015ftir. <\/p>\n","protected":false},"excerpt":{"rendered":"<p>Y\u00fcce bir ahlak \u00fczere olan Hz. Peygamber, kendi ifadesiyle g\u00fczel ahlak\u0131 tamamlamak i\u00e7in g\u00f6nderilmi\u015ftir. \u00d6rnek olarak sundu\u011fu hayat tarz\u0131 ise onun s\u00fcnnetini olu\u015fturuyordu. \u0130nsanl\u0131k, art\u0131k iyi<span class=\"excerpt-hellip\"> [\u2026]<\/span><\/p>\n","protected":false},"featured_media":0,"template":"","meta":{"_monsterinsights_skip_tracking":false,"_monsterinsights_sitenote_active":false,"_monsterinsights_sitenote_note":"","_monsterinsights_sitenote_category":0},"product_brand":[],"product_cat":[16789,12718,12719],"product_tag":[],"class_list":{"0":"post-693643","1":"product","2":"type-product","3":"status-publish","5":"product_cat-diger-islam","6":"product_cat-din","7":"product_cat-islam","8":"pa_tur-kitap","9":"pa_yayinevi-timas-yayinlari","10":"pa_yazar-mustafa-karatas","12":"first","13":"instock","14":"sale","15":"shipping-taxable","16":"purchasable","17":"product-type-simple"},"_links":{"self":[{"href":"https:\/\/roveyayinevi.com.tr\/index.php\/wp-json\/wp\/v2\/product\/693643","targetHints":{"allow":["GET"]}}],"collection":[{"href":"https:\/\/roveyayinevi.com.tr\/index.php\/wp-json\/wp\/v2\/product"}],"about":[{"href":"https:\/\/roveyayinevi.com.tr\/index.php\/wp-json\/wp\/v2\/types\/product"}],"wp:attachment":[{"href":"https:\/\/roveyayinevi.com.tr\/index.php\/wp-json\/wp\/v2\/media?parent=693643"}],"wp:term":[{"taxonomy":"product_brand","embeddable":true,"href":"https:\/\/roveyayinevi.com.tr\/index.php\/wp-json\/wp\/v2\/product_brand?post=693643"},{"taxonomy":"product_cat","embeddable":true,"href":"https:\/\/roveyayinevi.com.tr\/index.php\/wp-json\/wp\/v2\/product_cat?post=693643"},{"taxonomy":"product_tag","embeddable":true,"href":"https:\/\/roveyayinevi.com.tr\/index.php\/wp-json\/wp\/v2\/product_tag?post=693643"}],"curies":[{"name":"wp","href":"https:\/\/api.w.org\/{rel}","templated":true}]}}