{"id":693641,"date":"2025-08-27T14:15:59","date_gmt":"2025-08-27T11:15:59","guid":{"rendered":"https:\/\/roveyayinevi.com.tr\/index.php\/urun\/siret-i-meryem\/"},"modified":"2026-04-16T02:03:12","modified_gmt":"2026-04-15T23:03:12","slug":"siret-i-meryem","status":"publish","type":"product","link":"https:\/\/roveyayinevi.com.tr\/index.php\/urun\/siret-i-meryem\/","title":{"rendered":"Siret-i Meryem"},"content":{"rendered":"<p>Meryem\u2018in a\u00e7\u0131k aln\u0131 kandildir. Meryem\u2018in a\u00e7\u0131k aln\u0131 ufuktur. Her seher g\u00fcne\u015f oradan y\u00fckselir ve her gecenin i\u00e7ine g\u00fcne\u015f o \u00e7izgiden batarak y\u00fcr\u00fcr. Meryem\u2018in a\u00e7\u0131k aln\u0131 haritad\u0131r. O, yol g\u00f6sterir, i\u015faret eder, el sallar, u\u011furlar, dua eder hepimize. Kadim g\u00fcnlerden bilinmez yar\u0131nlara ilerleyen zaman gemisinin, yolunu rotas\u0131n\u0131 \u00e7izdi\u011fi \u0131\u015f\u0131kl\u0131 fener, onun aln\u0131nda yanar&#8230; Meryem, deniz feneridir&#8230; Meryem\u2018in a\u00e7\u0131k aln\u0131 kap\u0131s\u0131zd\u0131r. Secdeler o pak aln\u0131 \u00f6pmek i\u00e7in birbiriyle yar\u0131\u015f\u0131r. Meryem, annedir. Allah\u2018\u0131n Kelimesi\u2018ne annelik etmek \u00fczere se\u00e7ilendir. Meryem\u2018in, o\u011flunu tutan elleri topra\u011f\u0131n \u00fczerinde durur. Meryem kuldur! Rabbine yak\u0131n oland\u0131r. O, Meryem\u2018dir. Cennet Kad\u0131nlar\u0131n\u0131n sultan\u0131 Hz.Meryem\u2018i anlatmak zorlu bir macera. Kadim masallar, hikmetli anlat\u0131lar, Eski ve Yeni Ahid\u2018ler, Mezmurlar, Furkan-\u0131 \u015eerif Kur\u2018an-\u0131 Kerim, Davud Peygamber\u2018den kalma ilahiler, \u0130dris Peygamber\u2018in kay\u0131p Suhufu, r\u00fcya defterleri, bur\u00e7lar, y\u0131ld\u0131z haritalar\u0131, sab\u0131rl\u0131 deve h\u00f6rg\u00fc\u00e7lerinden \u00e7\u0131kan iniltiler, buru\u015fuk y\u00fczl\u00fc zeytin tanelerinin anlatt\u0131\u011f\u0131 k\u0131ssalar, ikonalar, madalyonlar, ebrular, hat levhalar&#8230; Sibel Eraslan hepsinin masas\u0131na tek tek oturdu, hi\u00e7 s\u00f6zlerini kesmeden her birini dinledi ve aralar\u0131ndan \u00e7ekip getirdi Meryem Annemizi bug\u00fcn\u00fcn okuruna&#8230;<\/p>\n","protected":false},"excerpt":{"rendered":"<p>Meryem\u2018in a\u00e7\u0131k aln\u0131 kandildir. Meryem\u2018in a\u00e7\u0131k aln\u0131 ufuktur. Her seher g\u00fcne\u015f oradan y\u00fckselir ve her gecenin i\u00e7ine g\u00fcne\u015f o \u00e7izgiden batarak y\u00fcr\u00fcr. Meryem\u2018in a\u00e7\u0131k aln\u0131 haritad\u0131r.<span class=\"excerpt-hellip\"> [\u2026]<\/span><\/p>\n","protected":false},"featured_media":0,"template":"","meta":{"_monsterinsights_skip_tracking":false,"_monsterinsights_sitenote_active":false,"_monsterinsights_sitenote_note":"","_monsterinsights_sitenote_category":0},"product_brand":[],"product_cat":[12718,18102,12719],"product_tag":[],"class_list":{"0":"post-693641","1":"product","2":"type-product","3":"status-publish","5":"product_cat-din","6":"product_cat-edebiyat-roman","7":"product_cat-islam","8":"pa_cilt-ciltsiz","9":"pa_tur-kitap","10":"pa_yayinevi-timas-yayinlari","11":"pa_yazar-sibel-eraslan","13":"first","14":"instock","15":"sale","16":"shipping-taxable","17":"purchasable","18":"product-type-simple"},"_links":{"self":[{"href":"https:\/\/roveyayinevi.com.tr\/index.php\/wp-json\/wp\/v2\/product\/693641","targetHints":{"allow":["GET"]}}],"collection":[{"href":"https:\/\/roveyayinevi.com.tr\/index.php\/wp-json\/wp\/v2\/product"}],"about":[{"href":"https:\/\/roveyayinevi.com.tr\/index.php\/wp-json\/wp\/v2\/types\/product"}],"wp:attachment":[{"href":"https:\/\/roveyayinevi.com.tr\/index.php\/wp-json\/wp\/v2\/media?parent=693641"}],"wp:term":[{"taxonomy":"product_brand","embeddable":true,"href":"https:\/\/roveyayinevi.com.tr\/index.php\/wp-json\/wp\/v2\/product_brand?post=693641"},{"taxonomy":"product_cat","embeddable":true,"href":"https:\/\/roveyayinevi.com.tr\/index.php\/wp-json\/wp\/v2\/product_cat?post=693641"},{"taxonomy":"product_tag","embeddable":true,"href":"https:\/\/roveyayinevi.com.tr\/index.php\/wp-json\/wp\/v2\/product_tag?post=693641"}],"curies":[{"name":"wp","href":"https:\/\/api.w.org\/{rel}","templated":true}]}}