{"id":693638,"date":"2025-08-27T14:15:59","date_gmt":"2025-08-27T11:15:59","guid":{"rendered":"https:\/\/roveyayinevi.com.tr\/index.php\/urun\/babam-abdulhamit\/"},"modified":"2026-04-16T02:03:12","modified_gmt":"2026-04-15T23:03:12","slug":"babam-abdulhamit","status":"publish","type":"product","link":"https:\/\/roveyayinevi.com.tr\/index.php\/urun\/babam-abdulhamit\/","title":{"rendered":"Babam Abd\u00fclhamit"},"content":{"rendered":"<p>Tanzimat\u2019tan 2.Me\u015frutiyet\u2019e, imparatorlu\u011fun en \u00e7alkant\u0131l\u0131 y\u0131llar\u0131nda tahtta bir padi\u015fah; 2.Abd\u00fclhamid\u2026\u0130ftiralar, yalanlar ve bir padi\u015fah\u0131 tahttan indiren olaylar\u2026Ard\u0131ndan ba\u015flayan ac\u0131, g\u00f6zya\u015f\u0131 ve hasretle dolu s\u00fcrg\u00fcn y\u0131llar\u0131\u2026Osmanl\u0131\u2019n\u0131n tarihine babas\u0131 Abd\u00fclhamid\u2019in yan\u0131nda bizzat tan\u0131kl\u0131k eden, merak edilen y\u0131llar\u0131 ve padi\u015fah\u0131 an\u0131lar\u0131na ta\u015f\u0131yan bir sultan\u0131n; \u015eadiye Sultan\u2019\u0131n hat\u0131rat\u0131ndan\u2026\u201cBen, babam\u0131, hi\u00e7bir zaman padi\u015fah oldu\u011fu i\u00e7in sevmedim. Hayat\u0131m\u0131n bahar\u0131nda, kalbimin b\u00fct\u00fcn mevcudiyeti ile ve derin bir a\u015fkla babam\u0131 sevdim. O sevgidir ki, i\u015fte bana bunlar\u0131 yazmak hissini veriyor.\u201d\u015eadiye Osmano\u011flu<\/p>\n","protected":false},"excerpt":{"rendered":"<p>Tanzimat\u2019tan 2.Me\u015frutiyet\u2019e, imparatorlu\u011fun en \u00e7alkant\u0131l\u0131 y\u0131llar\u0131nda tahtta bir padi\u015fah; 2.Abd\u00fclhamid\u2026\u0130ftiralar, yalanlar ve bir padi\u015fah\u0131 tahttan indiren olaylar\u2026Ard\u0131ndan ba\u015flayan ac\u0131, g\u00f6zya\u015f\u0131 ve hasretle dolu s\u00fcrg\u00fcn y\u0131llar\u0131\u2026Osmanl\u0131\u2019n\u0131n tarihine<span class=\"excerpt-hellip\"> [\u2026]<\/span><\/p>\n","protected":false},"featured_media":0,"template":"","meta":{"_monsterinsights_skip_tracking":false,"_monsterinsights_sitenote_active":false,"_monsterinsights_sitenote_note":"","_monsterinsights_sitenote_category":0},"product_brand":[],"product_cat":[12312,12304],"product_tag":[],"class_list":{"0":"post-693638","1":"product","2":"type-product","3":"status-publish","5":"product_cat-diger","6":"product_cat-tarih","7":"pa_cilt-ciltsiz","8":"pa_tur-kitap","9":"pa_yayinevi-timas-yayinlari","10":"pa_yazar-sadiye-osmanoglu","12":"first","13":"instock","14":"sale","15":"shipping-taxable","16":"purchasable","17":"product-type-simple"},"_links":{"self":[{"href":"https:\/\/roveyayinevi.com.tr\/index.php\/wp-json\/wp\/v2\/product\/693638","targetHints":{"allow":["GET"]}}],"collection":[{"href":"https:\/\/roveyayinevi.com.tr\/index.php\/wp-json\/wp\/v2\/product"}],"about":[{"href":"https:\/\/roveyayinevi.com.tr\/index.php\/wp-json\/wp\/v2\/types\/product"}],"wp:attachment":[{"href":"https:\/\/roveyayinevi.com.tr\/index.php\/wp-json\/wp\/v2\/media?parent=693638"}],"wp:term":[{"taxonomy":"product_brand","embeddable":true,"href":"https:\/\/roveyayinevi.com.tr\/index.php\/wp-json\/wp\/v2\/product_brand?post=693638"},{"taxonomy":"product_cat","embeddable":true,"href":"https:\/\/roveyayinevi.com.tr\/index.php\/wp-json\/wp\/v2\/product_cat?post=693638"},{"taxonomy":"product_tag","embeddable":true,"href":"https:\/\/roveyayinevi.com.tr\/index.php\/wp-json\/wp\/v2\/product_tag?post=693638"}],"curies":[{"name":"wp","href":"https:\/\/api.w.org\/{rel}","templated":true}]}}