{"id":693637,"date":"2025-08-27T14:15:58","date_gmt":"2025-08-27T11:15:58","guid":{"rendered":"https:\/\/roveyayinevi.com.tr\/index.php\/urun\/azat-kuslari\/"},"modified":"2026-04-16T02:03:12","modified_gmt":"2026-04-15T23:03:12","slug":"azat-kuslari","status":"publish","type":"product","link":"https:\/\/roveyayinevi.com.tr\/index.php\/urun\/azat-kuslari\/","title":{"rendered":"Azat Ku\u015flar\u0131"},"content":{"rendered":"<p>Halk\u0131m\u0131z\u0131n ger\u00e7eklerini, onlar\u0131n derdini, kederini ve sosyal meselelerini ele alarak i\u015fleyen romanc\u0131m\u0131z Ahmed G\u00fcnbay Y\u0131ld\u0131z\u2018\u0131n Azat Ku\u015flar\u0131 k\u0131sa zamanda \u00fcst \u00fcste yeni bask\u0131lar yapt\u0131&#8230; Bu roman, romanc\u0131n\u0131n g\u00f6zlemlerine dayanan ve halka malolmu\u015f ger\u00e7ek bir hayat hikayesidir. Sosyal de\u011ferleri dumura u\u011frat\u0131lan k\u00fc\u00e7\u00fck bir k\u00f6y \u00f6rne\u011fiyle, koca bir toplumdaki \u00e7\u00f6z\u00fcl\u00fc\u015f\u00fc ve ferdi \u00e7\u00f6z\u00fcm aray\u0131\u015flar\u0131n\u0131 g\u00fcndeme getiren yazar, ayn\u0131 zamanda \u00e7\u00f6z\u00fcm i\u00e7in birtak\u0131m ipu\u00e7lar\u0131 da vermektedir. <\/p>\n","protected":false},"excerpt":{"rendered":"<p>Halk\u0131m\u0131z\u0131n ger\u00e7eklerini, onlar\u0131n derdini, kederini ve sosyal meselelerini ele alarak i\u015fleyen romanc\u0131m\u0131z Ahmed G\u00fcnbay Y\u0131ld\u0131z\u2018\u0131n Azat Ku\u015flar\u0131 k\u0131sa zamanda \u00fcst \u00fcste yeni bask\u0131lar yapt\u0131&#8230; Bu roman,<span class=\"excerpt-hellip\"> [\u2026]<\/span><\/p>\n","protected":false},"featured_media":0,"template":"","meta":{"_monsterinsights_skip_tracking":false,"_monsterinsights_sitenote_active":false,"_monsterinsights_sitenote_note":"","_monsterinsights_sitenote_category":0},"product_brand":[],"product_cat":[12291,12292],"product_tag":[],"class_list":{"0":"post-693637","1":"product","2":"type-product","3":"status-publish","5":"product_cat-edebiyat","6":"product_cat-turk-edebiyati","7":"pa_cilt-ciltsiz","8":"pa_tur-kitap","9":"pa_yayinevi-timas-yayinlari","10":"pa_yazar-ahmed-gunbay-yildiz","12":"first","13":"instock","14":"sale","15":"shipping-taxable","16":"purchasable","17":"product-type-simple"},"_links":{"self":[{"href":"https:\/\/roveyayinevi.com.tr\/index.php\/wp-json\/wp\/v2\/product\/693637","targetHints":{"allow":["GET"]}}],"collection":[{"href":"https:\/\/roveyayinevi.com.tr\/index.php\/wp-json\/wp\/v2\/product"}],"about":[{"href":"https:\/\/roveyayinevi.com.tr\/index.php\/wp-json\/wp\/v2\/types\/product"}],"wp:attachment":[{"href":"https:\/\/roveyayinevi.com.tr\/index.php\/wp-json\/wp\/v2\/media?parent=693637"}],"wp:term":[{"taxonomy":"product_brand","embeddable":true,"href":"https:\/\/roveyayinevi.com.tr\/index.php\/wp-json\/wp\/v2\/product_brand?post=693637"},{"taxonomy":"product_cat","embeddable":true,"href":"https:\/\/roveyayinevi.com.tr\/index.php\/wp-json\/wp\/v2\/product_cat?post=693637"},{"taxonomy":"product_tag","embeddable":true,"href":"https:\/\/roveyayinevi.com.tr\/index.php\/wp-json\/wp\/v2\/product_tag?post=693637"}],"curies":[{"name":"wp","href":"https:\/\/api.w.org\/{rel}","templated":true}]}}