{"id":693625,"date":"2025-08-27T14:15:15","date_gmt":"2025-08-27T11:15:15","guid":{"rendered":"https:\/\/roveyayinevi.com.tr\/index.php\/urun\/sebek-romani\/"},"modified":"2025-11-22T02:29:46","modified_gmt":"2025-11-21T23:29:46","slug":"sebek-romani","status":"publish","type":"product","link":"https:\/\/roveyayinevi.com.tr\/index.php\/urun\/sebek-romani\/","title":{"rendered":"\u015eebek Roman\u0131"},"content":{"rendered":"<p>Anlam kayb\u0131na u\u011fram\u0131\u015f, \u015fiddet dolu ultra-modern bir ortamda, gelenek, kendine \u00f6zg\u00fc huzur ve dinginli\u011fe hangi bi\u00e7imde yol bulur? \u0130nsanl\u0131\u011fa, en karanl\u0131k, en \u00e7etin \u015fartlarda ya\u015fama g\u00fcc\u00fc veren, ne t\u00fcrden bir derinliktir? Bir bilimkurgu parodisi olan \u015eebek Roman\u0131 bilimkurgu, mizah, tasavvuf gibi \u00fc\u00e7 \u00f6\u011feyi bir araya getiren bir uzun \u00f6yk\u00fc. 2075 y\u0131l\u0131n\u0131n Viyana\u2018s\u0131nda, yeni ad\u0131yla XB21\u2018de ya\u015fanan olaylar bizleri insanl\u0131\u011f\u0131n gelece\u011fi \u00fczeri bir kere daha d\u00fc\u015f\u00fcnmeye davet ediyor. \ufffcTan\u0131t\u0131m Metni<\/p>\n","protected":false},"excerpt":{"rendered":"<p>Anlam kayb\u0131na u\u011fram\u0131\u015f, \u015fiddet dolu ultra-modern bir ortamda, gelenek, kendine \u00f6zg\u00fc huzur ve dinginli\u011fe hangi bi\u00e7imde yol bulur? \u0130nsanl\u0131\u011fa, en karanl\u0131k, en \u00e7etin \u015fartlarda ya\u015fama g\u00fcc\u00fc<span class=\"excerpt-hellip\"> [\u2026]<\/span><\/p>\n","protected":false},"featured_media":0,"template":"","meta":{"_monsterinsights_skip_tracking":false,"_monsterinsights_sitenote_active":false,"_monsterinsights_sitenote_note":"","_monsterinsights_sitenote_category":0},"product_brand":[],"product_cat":[12477,12364],"product_tag":[],"class_list":{"0":"post-693625","1":"product","2":"type-product","3":"status-publish","5":"product_cat-eglence-mizah","6":"product_cat-genel-konular","7":"pa_cilt-ciltsiz","8":"pa_tur-kitap","9":"pa_yayinevi-timas-yayinlari","10":"pa_yazar-ayse-sasa","12":"first","13":"instock","14":"sale","15":"shipping-taxable","16":"purchasable","17":"product-type-simple"},"_links":{"self":[{"href":"https:\/\/roveyayinevi.com.tr\/index.php\/wp-json\/wp\/v2\/product\/693625","targetHints":{"allow":["GET"]}}],"collection":[{"href":"https:\/\/roveyayinevi.com.tr\/index.php\/wp-json\/wp\/v2\/product"}],"about":[{"href":"https:\/\/roveyayinevi.com.tr\/index.php\/wp-json\/wp\/v2\/types\/product"}],"wp:attachment":[{"href":"https:\/\/roveyayinevi.com.tr\/index.php\/wp-json\/wp\/v2\/media?parent=693625"}],"wp:term":[{"taxonomy":"product_brand","embeddable":true,"href":"https:\/\/roveyayinevi.com.tr\/index.php\/wp-json\/wp\/v2\/product_brand?post=693625"},{"taxonomy":"product_cat","embeddable":true,"href":"https:\/\/roveyayinevi.com.tr\/index.php\/wp-json\/wp\/v2\/product_cat?post=693625"},{"taxonomy":"product_tag","embeddable":true,"href":"https:\/\/roveyayinevi.com.tr\/index.php\/wp-json\/wp\/v2\/product_tag?post=693625"}],"curies":[{"name":"wp","href":"https:\/\/api.w.org\/{rel}","templated":true}]}}