{"id":693624,"date":"2025-08-27T14:15:15","date_gmt":"2025-08-27T11:15:15","guid":{"rendered":"https:\/\/roveyayinevi.com.tr\/index.php\/urun\/super-zekaspor\/"},"modified":"2026-04-16T02:03:12","modified_gmt":"2026-04-15T23:03:12","slug":"super-zekaspor","status":"publish","type":"product","link":"https:\/\/roveyayinevi.com.tr\/index.php\/urun\/super-zekaspor\/","title":{"rendered":"S\u00fcper Zekaspor"},"content":{"rendered":"<p>Bu kitapta \u00e7ok farkl\u0131 \u015fekillerde zek\u00e2 problemi ve bilmecelere yer verilmi\u015ftir. Okula yeni ba\u015flam\u0131\u015f bir \u00e7ocuktan. bilim adam\u0131na kadar \u00e7ok geni\u015f bir kitle hedeflenmi\u015ftir. \u00c7ok az soru i\u00e7in. daha \u00f6nceden bir \u015feyler bilmek gerekebilir. Sorular zorluk seviyesine g\u00f6re derecelendirilerek. okuyucuya fikir verilmeye \u00e7al\u0131\u015f\u0131lm\u0131\u015ft\u0131r. \u0130nsanlar. hayatlar\u0131n\u0131n her merhalesinde beyninin emrindedir. Beyin. e\u011fer iyi e\u011fitilmi\u015f ve geli\u015ftirilmi\u015f ise. hata yapma riskimiz azal\u0131r. S\u00fcper Zek\u00e2Spor beyni e\u011fitmeyi ve geli\u015ftirmeyi. bunu yaparken de bilgiyi e\u011flenceli hale getirerek okuyucuyu s\u0131kmamay\u0131 hedefliyor. \ufffcTan\u0131t\u0131m Metni<\/p>\n","protected":false},"excerpt":{"rendered":"<p>Bu kitapta \u00e7ok farkl\u0131 \u015fekillerde zek\u00e2 problemi ve bilmecelere yer verilmi\u015ftir. Okula yeni ba\u015flam\u0131\u015f bir \u00e7ocuktan. bilim adam\u0131na kadar \u00e7ok geni\u015f bir kitle hedeflenmi\u015ftir. \u00c7ok az<span class=\"excerpt-hellip\"> [\u2026]<\/span><\/p>\n","protected":false},"featured_media":0,"template":"","meta":{"_monsterinsights_skip_tracking":false,"_monsterinsights_sitenote_active":false,"_monsterinsights_sitenote_note":"","_monsterinsights_sitenote_category":0},"product_brand":[],"product_cat":[12477,12364],"product_tag":[],"class_list":{"0":"post-693624","1":"product","2":"type-product","3":"status-publish","5":"product_cat-eglence-mizah","6":"product_cat-genel-konular","7":"pa_cilt-ciltsiz","8":"pa_tur-kitap","9":"pa_yayinevi-eglenceli-bilgi-yayinlari","10":"pa_yazar-serhan-buyukkececi","12":"first","13":"instock","14":"sale","15":"shipping-taxable","16":"purchasable","17":"product-type-simple"},"_links":{"self":[{"href":"https:\/\/roveyayinevi.com.tr\/index.php\/wp-json\/wp\/v2\/product\/693624","targetHints":{"allow":["GET"]}}],"collection":[{"href":"https:\/\/roveyayinevi.com.tr\/index.php\/wp-json\/wp\/v2\/product"}],"about":[{"href":"https:\/\/roveyayinevi.com.tr\/index.php\/wp-json\/wp\/v2\/types\/product"}],"wp:attachment":[{"href":"https:\/\/roveyayinevi.com.tr\/index.php\/wp-json\/wp\/v2\/media?parent=693624"}],"wp:term":[{"taxonomy":"product_brand","embeddable":true,"href":"https:\/\/roveyayinevi.com.tr\/index.php\/wp-json\/wp\/v2\/product_brand?post=693624"},{"taxonomy":"product_cat","embeddable":true,"href":"https:\/\/roveyayinevi.com.tr\/index.php\/wp-json\/wp\/v2\/product_cat?post=693624"},{"taxonomy":"product_tag","embeddable":true,"href":"https:\/\/roveyayinevi.com.tr\/index.php\/wp-json\/wp\/v2\/product_tag?post=693624"}],"curies":[{"name":"wp","href":"https:\/\/api.w.org\/{rel}","templated":true}]}}